{"id":1919,"date":"2025-12-17T02:19:59","date_gmt":"2025-12-17T02:19:59","guid":{"rendered":"https:\/\/dolmetscher-albanisch.de\/?page_id=1919"},"modified":"2025-12-22T18:47:33","modified_gmt":"2025-12-22T18:47:33","slug":"links","status":"publish","type":"page","link":"https:\/\/dolmetscher-albanisch.de\/al\/infos\/links\/","title":{"rendered":"Majtas"},"content":{"rendered":"<div data-elementor-type=\"wp-page\" data-elementor-id=\"1919\" class=\"elementor elementor-1919\" data-elementor-post-type=\"page\">\n\t\t\t\t<div class=\"elementor-element elementor-element-6ae6fd83 elementor-hidden-mobile e-flex e-con-boxed e-con e-parent\" data-id=\"6ae6fd83\" data-element_type=\"container\" data-e-type=\"container\">\n\t\t\t\t\t<div class=\"e-con-inner\">\n\t\t\t\t<div class=\"elementor-element elementor-element-5c6a4ddd elementor-widget elementor-widget-spacer\" data-id=\"5c6a4ddd\" data-element_type=\"widget\" data-e-type=\"widget\" data-widget_type=\"spacer.default\">\n\t\t\t\t\t\t\t<div class=\"elementor-spacer\">\n\t\t\t<div class=\"elementor-spacer-inner\"><\/div>\n\t\t<\/div>\n\t\t\t\t\t\t<\/div>\n\t\t\t\t\t<\/div>\n\t\t\t\t<\/div>\n\t\t<div class=\"elementor-element elementor-element-2795198b e-flex e-con-boxed e-con e-parent\" data-id=\"2795198b\" data-element_type=\"container\" data-e-type=\"container\">\n\t\t\t\t\t<div class=\"e-con-inner\">\n\t\t<div class=\"elementor-element elementor-element-5b2c576 e-con-full e-flex e-con e-child\" data-id=\"5b2c576\" data-element_type=\"container\" data-e-type=\"container\">\n\t\t\t\t<div class=\"elementor-element elementor-element-f8bbff6 elementor-widget elementor-widget-button\" data-id=\"f8bbff6\" data-element_type=\"widget\" data-e-type=\"widget\" data-widget_type=\"button.default\">\n\t\t\t\t\t\t\t\t\t\t<a class=\"elementor-button elementor-button-link elementor-size-sm\" href=\"http:\/\/www.rushiti.com\/\">\n\t\t\t\t\t\t<span class=\"elementor-button-content-wrapper\">\n\t\t\t\t\t\t<span class=\"elementor-button-icon\">\n\t\t\t\t<svg aria-hidden=\"true\" class=\"e-font-icon-svg e-far-arrow-alt-circle-right\" viewbox=\"0 0 512 512\" xmlns=\"http:\/\/www.w3.org\/2000\/svg\"><path d=\"M504 256C504 119 393 8 256 8S8 119 8 256s111 248 248 248 248-111 248-248zm-448 0c0-110.5 89.5-200 200-200s200 89.5 200 200-89.5 200-200 200S56 366.5 56 256zm72 20v-40c0-6.6 5.4-12 12-12h116v-67c0-10.7 12.9-16 20.5-8.5l99 99c4.7 4.7 4.7 12.3 0 17l-99 99c-7.6 7.6-20.5 2.2-20.5-8.5v-67H140c-6.6 0-12-5.4-12-12z\"><\/path><\/svg>\t\t\t<\/span>\n\t\t\t\t\t\t\t\t\t<span class=\"elementor-button-text\">WWW.RUSHITI.COM<\/span>\n\t\t\t\t\t<\/span>\n\t\t\t\t\t<\/a>\n\t\t\t\t\t\t\t\t<\/div>\n\t\t\t\t<\/div>\n\t\t<div class=\"elementor-element elementor-element-3e857c8e e-con-full e-flex e-con e-child\" data-id=\"3e857c8e\" data-element_type=\"container\" data-e-type=\"container\">\n\t\t\t\t<div class=\"elementor-element elementor-element-663ee80c elementor-widget elementor-widget-heading\" data-id=\"663ee80c\" data-element_type=\"widget\" data-e-type=\"widget\" data-widget_type=\"heading.default\">\n\t\t\t\t\t<h1 class=\"elementor-heading-title elementor-size-default\">Majtas<\/h1>\t\t\t\t<\/div>\n\t\t\t\t<div class=\"elementor-element elementor-element-71995ecb elementor-widget elementor-widget-text-editor\" data-id=\"71995ecb\" data-element_type=\"widget\" data-e-type=\"widget\" data-widget_type=\"text-editor.default\">\n\t\t\t\t\t\t\t\t\t<div id=\"section\"><div class=\"item-page\"><div><p><b>Ambasada e Republik\u00ebs s\u00eb Shqip\u00ebris\u00eb<\/b><br \/>Artur Kuko, Botschafter<br \/>Friedrichstra\u00dfe 231, 10969 Berlin<br \/>Tel. +49 30 259 304-00<br \/>Fax: +49 30 259 318 90<\/p><p>Seksioni Konsullor: Tel. +49 30 259304 00<br \/>Web:<a title=\"www.botschaft-albanien.de\" href=\"http:\/\/www.botschaft-albanien.de\/\" target=\"_blank\" rel=\"noopener\">\u00a0www.botschaft-albanien.de<\/a><br \/>eMail:\u00a0<span id=\"cloak388ec798f0d638b0f5e9012b4720c7fb\"><a href=\"mailto:kanzlei@botschaft-albanien.de\">kanzlei@botschaft-albanien.de<\/a><\/span><\/p><p><a title=\"www.daw-wirtschaftsgesellschaft.de\" href=\"http:\/\/www.daw-wirtschaftsgesellschaft.de\/\" target=\"_blank\" rel=\"noopener\">www.daw-wirtschaftsgesellschaft.de<\/a><br \/>Shoq\u00ebria Ekonomike Gjermano-Shqiptare<\/p><p><a title=\"www.albanien-dafg.de\" href=\"http:\/\/www.albanien-dafg.de\/\" target=\"_blank\" rel=\"noopener\">www.albanien-dafg.de<\/a><br \/>Shoq\u00ebria e Miq\u00ebsis\u00eb Gjermano-Shqiptare<\/p><p><a title=\"www.daw-wirtschaftsgesellschaft.de\" href=\"http:\/\/www.daw-wirtschaftsgesellschaft.de\/\" target=\"_blank\" rel=\"noopener\">www.ata-al.net<\/a><\/p><p>Agjenci gjysm\u00ebzyrtare lajmesh shqiptare<\/p><p><a title=\"www.albaniannews.com\" href=\"http:\/\/www.albaniannews.com\/\" target=\"_blank\" rel=\"noopener\">www.albaniannews.com<\/a><br \/>Sh\u00ebrbim i pavarur lajmesh nga Shqip\u00ebria<\/p><p><a title=\"AlbaNews\" href=\"http:\/\/listserv.acsu.buffalo.edu\/archives\/albanews.html\" target=\"_blank\" rel=\"noopener\">AlbaNews<\/a><br \/>Grup lajmesh me informacion rreth Shqip\u00ebris\u00eb dhe Kosov\u00ebs nga burime t\u00eb ndryshme<\/p><p><a title=\"www.kosova-aktuell.de\" href=\"http:\/\/www.kosova-aktuell.de\/\" target=\"_blank\" rel=\"noopener\">www.kosova-aktuell.de<\/a><\/p><p>Lajmet aktuale nga Prishtina (Prishtin\u00eb), Mitrovica, Prizreni (Prizeren), Peja (Pec) - informacione historike p\u00ebr Kosov\u00ebn dhe U\u00c7K-n\u00eb<\/p><p><i title=\"http:\/\/odashqiptare.de\">Sh\u00ebrbimet e inteligjenc\u00ebs nga Kosova<\/i><\/p><p><a title=\"www.kosovalive.com\" href=\"http:\/\/www.kosovalive.com\/\" target=\"_blank\" rel=\"noopener\">www.kosovalive.com<\/a><br \/><a title=\"www.trepca.net\" href=\"http:\/\/www.trepca.net\/\" target=\"_blank\" rel=\"noopener\">www.trepca.net<\/a><\/p><p><i>Gazetat shqipe (kryesisht n\u00eb gjuh\u00ebn shqipe)<\/i><br \/><a title=\"www.balkanweb.com\" href=\"http:\/\/www.balkanweb.com\/\" target=\"_blank\" rel=\"noopener\">www.balkanweb.com<\/a><br \/><a title=\"www.kohajone.com\" href=\"http:\/\/www.kohajone.com\/\" target=\"_blank\" rel=\"noopener\">www.kohajone.com<\/a><br \/><a title=\"www.shekulli.com.al\" href=\"http:\/\/www.shekulli.com.al\/\" target=\"_blank\" rel=\"noopener\">www.shekulli.com.al<\/a><br \/><a title=\"www.zeripopullit.com\" href=\"http:\/\/www.zeripopullit.com\/\" target=\"_blank\" rel=\"noopener\">www.zeripopullit.com<\/a><br \/><a title=\"www.rilindjademokratike.com\" href=\"http:\/\/www.rilindjademokratike.com\/\" target=\"_blank\" rel=\"noopener\">www.rilindjademokratike.com<\/a><br \/><a title=\"www.korrieri.com\" href=\"http:\/\/www.korrieri.com\/\" target=\"_blank\" rel=\"noopener\">www.korrieri.com<br \/><\/a><a title=\"www.spekter.com.al\" href=\"http:\/\/www.spekter.com.al\/\" target=\"_blank\" rel=\"noopener\">www.spekter.com.al<\/a><\/p><p><a title=\"www.tirana.al\" href=\"http:\/\/www.tirana.al\/\" target=\"_blank\" rel=\"noopener\">www.tirana.al<\/a><br \/>Programi i Zhvillimit i Kombeve t\u00eb Bashkuara, Zyra n\u00eb Shqip\u00ebri (Anglisht)<\/p><\/div><div class=\"article-info muted\">\u00a0<\/div><\/div><\/div>\t\t\t\t\t\t\t\t<\/div>\n\t\t\t\t<\/div>\n\t\t\t\t\t<\/div>\n\t\t\t\t<\/div>\n\t\t\t\t<\/div>","protected":false},"excerpt":{"rendered":"<p>WWW.RUSHITI.COM Links Botschaft der Republik AlbanienArtur Kuko, BotschafterFriedrichstra\u00dfe 231, 10969 BerlinTel. +49 30 259 304-00Fax: +49 30 259 318 90 Konsularabteilung: Tel. +49 30 259304 00Web:\u00a0www.botschaft-albanien.deeMail:\u00a0kanzlei@botschaft-albanien.de www.daw-wirtschaftsgesellschaft.deDeutsch-Albanische Wirtschaftsgesellschaft www.albanien-dafg.deDeutsch-Albanische Freundschaftsgesellschaft www.ata-al.net Halbamtliche albanische Nachrichtenagentur www.albaniannews.comUnabh\u00e4ngiger Nachrichtendienst aus Albanien AlbaNewsNewsgroup mit Informationen \u00fcber Albanien und Kosova aus diversen Quellen www.kosova-aktuell.de Aktuelles aus Prishtin\u00eb (Pristina), Mitrovica, Prizren [&hellip;]<\/p>\n","protected":false},"author":1,"featured_media":0,"parent":1916,"menu_order":0,"comment_status":"closed","ping_status":"closed","template":"","meta":{"site-sidebar-layout":"no-sidebar","site-content-layout":"page-builder","ast-site-content-layout":"full-width-container","site-content-style":"default","site-sidebar-style":"default","ast-global-header-display":"","ast-banner-title-visibility":"","ast-main-header-display":"","ast-hfb-above-header-display":"","ast-hfb-below-header-display":"","ast-hfb-mobile-header-display":"","site-post-title":"disabled","ast-breadcrumbs-content":"","ast-featured-img":"disabled","footer-sml-layout":"","ast-disable-related-posts":"","theme-transparent-header-meta":"","adv-header-id-meta":"","stick-header-meta":"","header-above-stick-meta":"","header-main-stick-meta":"","header-below-stick-meta":"","astra-migrate-meta-layouts":"set","ast-page-background-enabled":"default","ast-page-background-meta":{"desktop":{"background-color":"","background-image":"","background-repeat":"repeat","background-position":"center center","background-size":"auto","background-attachment":"scroll","background-type":"","background-media":"","overlay-type":"","overlay-color":"","overlay-opacity":"","overlay-gradient":""},"tablet":{"background-color":"","background-image":"","background-repeat":"repeat","background-position":"center center","background-size":"auto","background-attachment":"scroll","background-type":"","background-media":"","overlay-type":"","overlay-color":"","overlay-opacity":"","overlay-gradient":""},"mobile":{"background-color":"","background-image":"","background-repeat":"repeat","background-position":"center center","background-size":"auto","background-attachment":"scroll","background-type":"","background-media":"","overlay-type":"","overlay-color":"","overlay-opacity":"","overlay-gradient":""}},"ast-content-background-meta":{"desktop":{"background-color":"var(--ast-global-color-5)","background-image":"","background-repeat":"repeat","background-position":"center center","background-size":"auto","background-attachment":"scroll","background-type":"","background-media":"","overlay-type":"","overlay-color":"","overlay-opacity":"","overlay-gradient":""},"tablet":{"background-color":"var(--ast-global-color-5)","background-image":"","background-repeat":"repeat","background-position":"center center","background-size":"auto","background-attachment":"scroll","background-type":"","background-media":"","overlay-type":"","overlay-color":"","overlay-opacity":"","overlay-gradient":""},"mobile":{"background-color":"var(--ast-global-color-5)","background-image":"","background-repeat":"repeat","background-position":"center center","background-size":"auto","background-attachment":"scroll","background-type":"","background-media":"","overlay-type":"","overlay-color":"","overlay-opacity":"","overlay-gradient":""}},"footnotes":""},"class_list":["post-1919","page","type-page","status-publish","hentry"],"yoast_head":"<!-- This site is optimized with the Yoast SEO plugin v27.5 - https:\/\/yoast.com\/product\/yoast-seo-wordpress\/ -->\n<title>Gazmend Rushiti - F\u00fcr die Berliner Gerichte allgemein beeidigter Dolmetscher f\u00fcr die albanische Sprache - Links<\/title>\n<meta name=\"description\" content=\"Gazmend Rushiti - F\u00fcr die Berliner Gerichte allgemein beeidigter Dolmetscher f\u00fcr die albanische Sprache - P\u00ebrkthyes i betuar dhe i autorizuar gjyq\u00ebsor p\u00ebr gjuhen gjermane dhe shqipe\" \/>\n<meta name=\"robots\" content=\"index, follow, max-snippet:-1, max-image-preview:large, max-video-preview:-1\" \/>\n<link rel=\"canonical\" href=\"https:\/\/dolmetscher-albanisch.de\/al\/infos\/links\/\" \/>\n<meta property=\"og:locale\" content=\"sq_AL\" \/>\n<meta property=\"og:type\" content=\"article\" \/>\n<meta property=\"og:title\" content=\"Gazmend Rushiti - F\u00fcr die Berliner Gerichte allgemein beeidigter Dolmetscher f\u00fcr die albanische Sprache - Links\" \/>\n<meta property=\"og:description\" content=\"Gazmend Rushiti - F\u00fcr die Berliner Gerichte allgemein beeidigter Dolmetscher f\u00fcr die albanische Sprache - P\u00ebrkthyes i betuar dhe i autorizuar gjyq\u00ebsor p\u00ebr gjuhen gjermane dhe shqipe\" \/>\n<meta property=\"og:url\" content=\"https:\/\/dolmetscher-albanisch.de\/al\/infos\/links\/\" \/>\n<meta property=\"og:site_name\" content=\"Gazmend Rushiti\" \/>\n<meta property=\"article:modified_time\" content=\"2025-12-22T18:47:33+00:00\" \/>\n<meta name=\"twitter:card\" content=\"summary_large_image\" \/>\n<meta name=\"twitter:label1\" content=\"Est. reading time\" \/>\n\t<meta name=\"twitter:data1\" content=\"1 minut\u00eb\" \/>\n<script type=\"application\/ld+json\" class=\"yoast-schema-graph\">{\"@context\":\"https:\\\/\\\/schema.org\",\"@graph\":[{\"@type\":\"WebPage\",\"@id\":\"https:\\\/\\\/dolmetscher-albanisch.de\\\/infos\\\/links\\\/\",\"url\":\"https:\\\/\\\/dolmetscher-albanisch.de\\\/infos\\\/links\\\/\",\"name\":\"Gazmend Rushiti - F\u00fcr die Berliner Gerichte allgemein beeidigter Dolmetscher f\u00fcr die albanische Sprache - Links\",\"isPartOf\":{\"@id\":\"https:\\\/\\\/dolmetscher-albanisch.de\\\/#website\"},\"datePublished\":\"2025-12-17T02:19:59+00:00\",\"dateModified\":\"2025-12-22T18:47:33+00:00\",\"description\":\"Gazmend Rushiti - F\u00fcr die Berliner Gerichte allgemein beeidigter Dolmetscher f\u00fcr die albanische Sprache - P\u00ebrkthyes i betuar dhe i autorizuar gjyq\u00ebsor p\u00ebr gjuhen gjermane dhe shqipe\",\"breadcrumb\":{\"@id\":\"https:\\\/\\\/dolmetscher-albanisch.de\\\/infos\\\/links\\\/#breadcrumb\"},\"inLanguage\":\"sq\",\"potentialAction\":[{\"@type\":\"ReadAction\",\"target\":[\"https:\\\/\\\/dolmetscher-albanisch.de\\\/infos\\\/links\\\/\"]}]},{\"@type\":\"BreadcrumbList\",\"@id\":\"https:\\\/\\\/dolmetscher-albanisch.de\\\/infos\\\/links\\\/#breadcrumb\",\"itemListElement\":[{\"@type\":\"ListItem\",\"position\":1,\"name\":\"Home\",\"item\":\"https:\\\/\\\/dolmetscher-albanisch.de\\\/\"},{\"@type\":\"ListItem\",\"position\":2,\"name\":\"Infos\",\"item\":\"https:\\\/\\\/dolmetscher-albanisch.de\\\/infos\\\/\"},{\"@type\":\"ListItem\",\"position\":3,\"name\":\"Links\"}]},{\"@type\":\"WebSite\",\"@id\":\"https:\\\/\\\/dolmetscher-albanisch.de\\\/#website\",\"url\":\"https:\\\/\\\/dolmetscher-albanisch.de\\\/\",\"name\":\"Gazmend Rushiti\",\"description\":\"F\u00fcr die Berliner Gerichte allgemein beeidigter Dolmetscher f\u00fcr die albanische Sprache\",\"publisher\":{\"@id\":\"https:\\\/\\\/dolmetscher-albanisch.de\\\/#organization\"},\"potentialAction\":[{\"@type\":\"SearchAction\",\"target\":{\"@type\":\"EntryPoint\",\"urlTemplate\":\"https:\\\/\\\/dolmetscher-albanisch.de\\\/?s={search_term_string}\"},\"query-input\":{\"@type\":\"PropertyValueSpecification\",\"valueRequired\":true,\"valueName\":\"search_term_string\"}}],\"inLanguage\":\"sq\"},{\"@type\":\"Organization\",\"@id\":\"https:\\\/\\\/dolmetscher-albanisch.de\\\/#organization\",\"name\":\"Gazmend Rushiti\",\"url\":\"https:\\\/\\\/dolmetscher-albanisch.de\\\/\",\"logo\":{\"@type\":\"ImageObject\",\"inLanguage\":\"sq\",\"@id\":\"https:\\\/\\\/dolmetscher-albanisch.de\\\/#\\\/schema\\\/logo\\\/image\\\/\",\"url\":\"https:\\\/\\\/dolmetscher-albanisch.de\\\/wp-content\\\/uploads\\\/2025\\\/12\\\/Dolmetscher-Albanisch.png\",\"contentUrl\":\"https:\\\/\\\/dolmetscher-albanisch.de\\\/wp-content\\\/uploads\\\/2025\\\/12\\\/Dolmetscher-Albanisch.png\",\"width\":515,\"height\":64,\"caption\":\"Gazmend Rushiti\"},\"image\":{\"@id\":\"https:\\\/\\\/dolmetscher-albanisch.de\\\/#\\\/schema\\\/logo\\\/image\\\/\"}}]}<\/script>\n<!-- \/ Yoast SEO plugin. -->","yoast_head_json":{"title":"Gazmend Rushiti - F\u00fcr die Berliner Gerichte allgemein beeidigter Dolmetscher f\u00fcr die albanische Sprache - Links","description":"Gazmend Rushiti - F\u00fcr die Berliner Gerichte allgemein beeidigter Dolmetscher f\u00fcr die albanische Sprache - P\u00ebrkthyes i betuar dhe i autorizuar gjyq\u00ebsor p\u00ebr gjuhen gjermane dhe shqipe","robots":{"index":"index","follow":"follow","max-snippet":"max-snippet:-1","max-image-preview":"max-image-preview:large","max-video-preview":"max-video-preview:-1"},"canonical":"https:\/\/dolmetscher-albanisch.de\/al\/infos\/links\/","og_locale":"sq_AL","og_type":"article","og_title":"Gazmend Rushiti - F\u00fcr die Berliner Gerichte allgemein beeidigter Dolmetscher f\u00fcr die albanische Sprache - Links","og_description":"Gazmend Rushiti - F\u00fcr die Berliner Gerichte allgemein beeidigter Dolmetscher f\u00fcr die albanische Sprache - P\u00ebrkthyes i betuar dhe i autorizuar gjyq\u00ebsor p\u00ebr gjuhen gjermane dhe shqipe","og_url":"https:\/\/dolmetscher-albanisch.de\/al\/infos\/links\/","og_site_name":"Gazmend Rushiti","article_modified_time":"2025-12-22T18:47:33+00:00","twitter_card":"summary_large_image","twitter_misc":{"Est. reading time":"1 minut\u00eb"},"schema":{"@context":"https:\/\/schema.org","@graph":[{"@type":"WebPage","@id":"https:\/\/dolmetscher-albanisch.de\/infos\/links\/","url":"https:\/\/dolmetscher-albanisch.de\/infos\/links\/","name":"Gazmend Rushiti - F\u00fcr die Berliner Gerichte allgemein beeidigter Dolmetscher f\u00fcr die albanische Sprache - Links","isPartOf":{"@id":"https:\/\/dolmetscher-albanisch.de\/#website"},"datePublished":"2025-12-17T02:19:59+00:00","dateModified":"2025-12-22T18:47:33+00:00","description":"Gazmend Rushiti - F\u00fcr die Berliner Gerichte allgemein beeidigter Dolmetscher f\u00fcr die albanische Sprache - P\u00ebrkthyes i betuar dhe i autorizuar gjyq\u00ebsor p\u00ebr gjuhen gjermane dhe shqipe","breadcrumb":{"@id":"https:\/\/dolmetscher-albanisch.de\/infos\/links\/#breadcrumb"},"inLanguage":"sq","potentialAction":[{"@type":"ReadAction","target":["https:\/\/dolmetscher-albanisch.de\/infos\/links\/"]}]},{"@type":"BreadcrumbList","@id":"https:\/\/dolmetscher-albanisch.de\/infos\/links\/#breadcrumb","itemListElement":[{"@type":"ListItem","position":1,"name":"Home","item":"https:\/\/dolmetscher-albanisch.de\/"},{"@type":"ListItem","position":2,"name":"Infos","item":"https:\/\/dolmetscher-albanisch.de\/infos\/"},{"@type":"ListItem","position":3,"name":"Links"}]},{"@type":"WebSite","@id":"https:\/\/dolmetscher-albanisch.de\/#website","url":"https:\/\/dolmetscher-albanisch.de\/","name":"Gazmend Rushiti","description":"F\u00fcr die Berliner Gerichte allgemein beeidigter Dolmetscher f\u00fcr die albanische Sprache","publisher":{"@id":"https:\/\/dolmetscher-albanisch.de\/#organization"},"potentialAction":[{"@type":"SearchAction","target":{"@type":"EntryPoint","urlTemplate":"https:\/\/dolmetscher-albanisch.de\/?s={search_term_string}"},"query-input":{"@type":"PropertyValueSpecification","valueRequired":true,"valueName":"search_term_string"}}],"inLanguage":"sq"},{"@type":"Organization","@id":"https:\/\/dolmetscher-albanisch.de\/#organization","name":"Gazmend Rushiti","url":"https:\/\/dolmetscher-albanisch.de\/","logo":{"@type":"ImageObject","inLanguage":"sq","@id":"https:\/\/dolmetscher-albanisch.de\/#\/schema\/logo\/image\/","url":"https:\/\/dolmetscher-albanisch.de\/wp-content\/uploads\/2025\/12\/Dolmetscher-Albanisch.png","contentUrl":"https:\/\/dolmetscher-albanisch.de\/wp-content\/uploads\/2025\/12\/Dolmetscher-Albanisch.png","width":515,"height":64,"caption":"Gazmend Rushiti"},"image":{"@id":"https:\/\/dolmetscher-albanisch.de\/#\/schema\/logo\/image\/"}}]}},"_links":{"self":[{"href":"https:\/\/dolmetscher-albanisch.de\/al\/wp-json\/wp\/v2\/pages\/1919","targetHints":{"allow":["GET"]}}],"collection":[{"href":"https:\/\/dolmetscher-albanisch.de\/al\/wp-json\/wp\/v2\/pages"}],"about":[{"href":"https:\/\/dolmetscher-albanisch.de\/al\/wp-json\/wp\/v2\/types\/page"}],"author":[{"embeddable":true,"href":"https:\/\/dolmetscher-albanisch.de\/al\/wp-json\/wp\/v2\/users\/1"}],"replies":[{"embeddable":true,"href":"https:\/\/dolmetscher-albanisch.de\/al\/wp-json\/wp\/v2\/comments?post=1919"}],"version-history":[{"count":0,"href":"https:\/\/dolmetscher-albanisch.de\/al\/wp-json\/wp\/v2\/pages\/1919\/revisions"}],"up":[{"embeddable":true,"href":"https:\/\/dolmetscher-albanisch.de\/al\/wp-json\/wp\/v2\/pages\/1916"}],"wp:attachment":[{"href":"https:\/\/dolmetscher-albanisch.de\/al\/wp-json\/wp\/v2\/media?parent=1919"}],"curies":[{"name":"wp","href":"https:\/\/api.w.org\/{rel}","templated":true}]}}