{"id":1918,"date":"2025-12-17T02:19:50","date_gmt":"2025-12-17T02:19:50","guid":{"rendered":"https:\/\/dolmetscher-albanisch.de\/?page_id=1918"},"modified":"2025-12-22T18:47:09","modified_gmt":"2025-12-22T18:47:09","slug":"albanisch-sprachenkombinationen","status":"publish","type":"page","link":"https:\/\/dolmetscher-albanisch.de\/al\/infos\/albanisch-sprachenkombinationen\/","title":{"rendered":"Kombinime Shqipe \/ Gjuh\u00ebsh"},"content":{"rendered":"<div data-elementor-type=\"wp-page\" data-elementor-id=\"1918\" class=\"elementor elementor-1918\" data-elementor-post-type=\"page\">\n\t\t\t\t<div class=\"elementor-element elementor-element-afc97ad elementor-hidden-mobile e-flex e-con-boxed e-con e-parent\" data-id=\"afc97ad\" data-element_type=\"container\" data-e-type=\"container\">\n\t\t\t\t\t<div class=\"e-con-inner\">\n\t\t\t\t<div class=\"elementor-element elementor-element-6f0c6b34 elementor-widget elementor-widget-spacer\" data-id=\"6f0c6b34\" data-element_type=\"widget\" data-e-type=\"widget\" data-widget_type=\"spacer.default\">\n\t\t\t\t\t\t\t<div class=\"elementor-spacer\">\n\t\t\t<div class=\"elementor-spacer-inner\"><\/div>\n\t\t<\/div>\n\t\t\t\t\t\t<\/div>\n\t\t\t\t\t<\/div>\n\t\t\t\t<\/div>\n\t\t<div class=\"elementor-element elementor-element-7ae02456 e-flex e-con-boxed e-con e-parent\" data-id=\"7ae02456\" data-element_type=\"container\" data-e-type=\"container\">\n\t\t\t\t\t<div class=\"e-con-inner\">\n\t\t<div class=\"elementor-element elementor-element-65a90b2 e-con-full elementor-hidden-mobile e-flex e-con e-child\" data-id=\"65a90b2\" data-element_type=\"container\" data-e-type=\"container\">\n\t\t\t\t<div class=\"elementor-element elementor-element-a140223 elementor-widget elementor-widget-button\" data-id=\"a140223\" data-element_type=\"widget\" data-e-type=\"widget\" data-widget_type=\"button.default\">\n\t\t\t\t\t\t\t\t\t\t<a class=\"elementor-button elementor-button-link elementor-size-sm\" href=\"https:\/\/dolmetscher-albanisch.de\/al\/sprachenkombinationen\/\">\n\t\t\t\t\t\t<span class=\"elementor-button-content-wrapper\">\n\t\t\t\t\t\t<span class=\"elementor-button-icon\">\n\t\t\t\t<svg aria-hidden=\"true\" class=\"e-font-icon-svg e-far-arrow-alt-circle-right\" viewbox=\"0 0 512 512\" xmlns=\"http:\/\/www.w3.org\/2000\/svg\"><path d=\"M504 256C504 119 393 8 256 8S8 119 8 256s111 248 248 248 248-111 248-248zm-448 0c0-110.5 89.5-200 200-200s200 89.5 200 200-89.5 200-200 200S56 366.5 56 256zm72 20v-40c0-6.6 5.4-12 12-12h116v-67c0-10.7 12.9-16 20.5-8.5l99 99c4.7 4.7 4.7 12.3 0 17l-99 99c-7.6 7.6-20.5 2.2-20.5-8.5v-67H140c-6.6 0-12-5.4-12-12z\"><\/path><\/svg>\t\t\t<\/span>\n\t\t\t\t\t\t\t\t\t<span class=\"elementor-button-text\">KOMBINIMET GJUH\u00cbSORE<\/span>\n\t\t\t\t\t<\/span>\n\t\t\t\t\t<\/a>\n\t\t\t\t\t\t\t\t<\/div>\n\t\t\t\t<div class=\"elementor-element elementor-element-d3a7842 elementor-widget elementor-widget-button\" data-id=\"d3a7842\" data-element_type=\"widget\" data-e-type=\"widget\" data-widget_type=\"button.default\">\n\t\t\t\t\t\t\t\t\t\t<a class=\"elementor-button elementor-button-link elementor-size-sm\" href=\"https:\/\/dolmetscher-albanisch.de\/al\/albanisches-alphabet\/\">\n\t\t\t\t\t\t<span class=\"elementor-button-content-wrapper\">\n\t\t\t\t\t\t<span class=\"elementor-button-icon\">\n\t\t\t\t<svg aria-hidden=\"true\" class=\"e-font-icon-svg e-far-arrow-alt-circle-right\" viewbox=\"0 0 512 512\" xmlns=\"http:\/\/www.w3.org\/2000\/svg\"><path d=\"M504 256C504 119 393 8 256 8S8 119 8 256s111 248 248 248 248-111 248-248zm-448 0c0-110.5 89.5-200 200-200s200 89.5 200 200-89.5 200-200 200S56 366.5 56 256zm72 20v-40c0-6.6 5.4-12 12-12h116v-67c0-10.7 12.9-16 20.5-8.5l99 99c4.7 4.7 4.7 12.3 0 17l-99 99c-7.6 7.6-20.5 2.2-20.5-8.5v-67H140c-6.6 0-12-5.4-12-12z\"><\/path><\/svg>\t\t\t<\/span>\n\t\t\t\t\t\t\t\t\t<span class=\"elementor-button-text\">ALFABETI SHQIPTAR<\/span>\n\t\t\t\t\t<\/span>\n\t\t\t\t\t<\/a>\n\t\t\t\t\t\t\t\t<\/div>\n\t\t\t\t<div class=\"elementor-element elementor-element-5873e85 elementor-widget elementor-widget-button\" data-id=\"5873e85\" data-element_type=\"widget\" data-e-type=\"widget\" data-widget_type=\"button.default\">\n\t\t\t\t\t\t\t\t\t\t<a class=\"elementor-button elementor-button-link elementor-size-sm\" href=\"https:\/\/dolmetscher-albanisch.de\/al\/lehrbuecher-woerterbuecher-grammatik-sprachwissenschaft-sprachgeschichte\/\">\n\t\t\t\t\t\t<span class=\"elementor-button-content-wrapper\">\n\t\t\t\t\t\t<span class=\"elementor-button-icon\">\n\t\t\t\t<svg aria-hidden=\"true\" class=\"e-font-icon-svg e-far-arrow-alt-circle-right\" viewbox=\"0 0 512 512\" xmlns=\"http:\/\/www.w3.org\/2000\/svg\"><path d=\"M504 256C504 119 393 8 256 8S8 119 8 256s111 248 248 248 248-111 248-248zm-448 0c0-110.5 89.5-200 200-200s200 89.5 200 200-89.5 200-200 200S56 366.5 56 256zm72 20v-40c0-6.6 5.4-12 12-12h116v-67c0-10.7 12.9-16 20.5-8.5l99 99c4.7 4.7 4.7 12.3 0 17l-99 99c-7.6 7.6-20.5 2.2-20.5-8.5v-67H140c-6.6 0-12-5.4-12-12z\"><\/path><\/svg>\t\t\t<\/span>\n\t\t\t\t\t\t\t\t\t<span class=\"elementor-button-text\">TEKSTE M\u00cbSIMORE FJALORE GRAMATIKA GJUH\u00cbSIA HISTORIA E GJUH\u00cbS<\/span>\n\t\t\t\t\t<\/span>\n\t\t\t\t\t<\/a>\n\t\t\t\t\t\t\t\t<\/div>\n\t\t\t\t<\/div>\n\t\t<div class=\"elementor-element elementor-element-4583b000 e-con-full e-flex e-con e-child\" data-id=\"4583b000\" data-element_type=\"container\" data-e-type=\"container\">\n\t\t\t\t<div class=\"elementor-element elementor-element-1a96d920 elementor-widget elementor-widget-heading\" data-id=\"1a96d920\" data-element_type=\"widget\" data-e-type=\"widget\" data-widget_type=\"heading.default\">\n\t\t\t\t\t<h1 class=\"elementor-heading-title elementor-size-default\">KOMBINIMET GJUH\u00cbSORE<\/h1>\t\t\t\t<\/div>\n\t\t\t\t<div class=\"elementor-element elementor-element-65a54ac7 elementor-widget elementor-widget-text-editor\" data-id=\"65a54ac7\" data-element_type=\"widget\" data-e-type=\"widget\" data-widget_type=\"text-editor.default\">\n\t\t\t\t\t\t\t\t\t<p><strong>Agjencia e P\u00ebrkthimit dhe Interpretimit Rushiti<\/strong>\u00a0aktualisht mbulon kombinimet e m\u00ebposhtme gjuh\u00ebsore:<\/p><p><strong><br \/>Shqip-Gjermanisht, Gjermanisht-Shqip<\/strong><br \/>Shqip-Arabisht, Arabisht-Shqip<br \/>Shqip-Anglisht, Anglisht-Shqip<br \/>Shqip-Fr\u00ebngjisht, Fr\u00ebngjisht-Shqip<br \/>Shqip-Italisht, Italisht-Shqip<br \/>Shqip-Greqisht, Greqisht-Shqip<br \/>Shqip-Spanjisht, Spanjisht-Shqip<br \/>Shqip-Serbisht, Serbisht-Shqip<br \/>Shqip-Kroatisht, Kroatisht-Shqip<br \/>Albanisch-Bosnisch, Bosnisch-Albanisch<br \/>Shqip-Maqedonisht, Maqedonisht-Shqip<\/p><p><br \/>Kombinimet gjuh\u00ebsore q\u00eb nuk jan\u00eb t\u00eb sh\u00ebnuara me shkronja t\u00eb trasha n\u00eb p\u00ebrgjith\u00ebsi i n\u00ebnshtrohen \u00e7mimeve standarde m\u00eb t\u00eb larta t\u00eb linj\u00ebs si p\u00ebrkthime t\u00eb kryq\u00ebzuara.<\/p>\t\t\t\t\t\t\t\t<\/div>\n\t\t\t\t<div class=\"elementor-element elementor-element-53667e6c elementor-widget elementor-widget-text-editor\" data-id=\"53667e6c\" data-element_type=\"widget\" data-e-type=\"widget\" data-widget_type=\"text-editor.default\">\n\t\t\t\t\t\t\t\t\t<p>P\u00ebrkthyes shqip Berlin\/Brandenburg<\/p><p>P\u00ebrkthyes i autorizuar shqip Berlin\/Brandenburg<\/p>\t\t\t\t\t\t\t\t<\/div>\n\t\t\t\t<\/div>\n\t\t\t\t\t<\/div>\n\t\t\t\t<\/div>\n\t\t\t\t<\/div>","protected":false},"excerpt":{"rendered":"<p>SPRACHENKOMBINATIONEN ALBANISCHES ALPHABET LEHRB\u00dcCHER W\u00d6RTERB\u00dcCHER GRAMMATIK SPRACHWISSENSCHAFT SPRACHGESCHICHTE SPRACHENKOMBINATIONEN Das Dolmetscher- und \u00dcbersetzungsb\u00fcro Rushiti\u00a0deckt gegenw\u00e4rtig folgende Sprachkombinationen ab: Albanisch-Deutsch, Deutsch-AlbanischAlbanisch-Arabisch, Arabisch-AlbanischAlbanisch-Englisch, Englisch-AlbanischAlbanisch-Franz\u00f6sisch, Franz\u00f6sisch-AlbanischAlbanisch-Italienisch, Italienisch-AlbanischAlbanisch-Griechisch, Griechisch-AlbanischAlbanisch-Spanisch, Spanisch-AlbanischAlbanisch-Serbisch, Serbisch-AlbanischAlbanisch-Kroatisch, Kroatisch-AlbanischAlbanisch-Bosnisch, Bosnisch-AlbanischAlbanisch-Mazedonisch, Mazedonisch-Albanisch Die nicht fett ausgezeichneten Sprachenkombinationen unterliegen als Quer\u00fcbersetzungen grunds\u00e4tzlich h\u00f6heren Normzeilenpreisen. Albanisch Dolmetscher Berlin\/Brandenburg Albanisch \u00dcbersetzer Berlin\/Brandenburg<\/p>","protected":false},"author":1,"featured_media":0,"parent":1916,"menu_order":0,"comment_status":"closed","ping_status":"closed","template":"","meta":{"site-sidebar-layout":"no-sidebar","site-content-layout":"page-builder","ast-site-content-layout":"full-width-container","site-content-style":"default","site-sidebar-style":"default","ast-global-header-display":"","ast-banner-title-visibility":"","ast-main-header-display":"","ast-hfb-above-header-display":"","ast-hfb-below-header-display":"","ast-hfb-mobile-header-display":"","site-post-title":"disabled","ast-breadcrumbs-content":"","ast-featured-img":"disabled","footer-sml-layout":"","ast-disable-related-posts":"","theme-transparent-header-meta":"","adv-header-id-meta":"","stick-header-meta":"","header-above-stick-meta":"","header-main-stick-meta":"","header-below-stick-meta":"","astra-migrate-meta-layouts":"set","ast-page-background-enabled":"default","ast-page-background-meta":{"desktop":{"background-color":"","background-image":"","background-repeat":"repeat","background-position":"center center","background-size":"auto","background-attachment":"scroll","background-type":"","background-media":"","overlay-type":"","overlay-color":"","overlay-opacity":"","overlay-gradient":""},"tablet":{"background-color":"","background-image":"","background-repeat":"repeat","background-position":"center center","background-size":"auto","background-attachment":"scroll","background-type":"","background-media":"","overlay-type":"","overlay-color":"","overlay-opacity":"","overlay-gradient":""},"mobile":{"background-color":"","background-image":"","background-repeat":"repeat","background-position":"center center","background-size":"auto","background-attachment":"scroll","background-type":"","background-media":"","overlay-type":"","overlay-color":"","overlay-opacity":"","overlay-gradient":""}},"ast-content-background-meta":{"desktop":{"background-color":"var(--ast-global-color-5)","background-image":"","background-repeat":"repeat","background-position":"center center","background-size":"auto","background-attachment":"scroll","background-type":"","background-media":"","overlay-type":"","overlay-color":"","overlay-opacity":"","overlay-gradient":""},"tablet":{"background-color":"var(--ast-global-color-5)","background-image":"","background-repeat":"repeat","background-position":"center center","background-size":"auto","background-attachment":"scroll","background-type":"","background-media":"","overlay-type":"","overlay-color":"","overlay-opacity":"","overlay-gradient":""},"mobile":{"background-color":"var(--ast-global-color-5)","background-image":"","background-repeat":"repeat","background-position":"center center","background-size":"auto","background-attachment":"scroll","background-type":"","background-media":"","overlay-type":"","overlay-color":"","overlay-opacity":"","overlay-gradient":""}},"footnotes":""},"class_list":["post-1918","page","type-page","status-publish","hentry"],"yoast_head":"<!-- This site is optimized with the Yoast SEO plugin v27.5 - https:\/\/yoast.com\/product\/yoast-seo-wordpress\/ -->\n<title>Gazmend Rushiti - F\u00fcr die Berliner Gerichte allgemein beeidigter Dolmetscher f\u00fcr die albanische Sprache - Albanisch<\/title>\n<meta name=\"description\" content=\"Gazmend Rushiti - F\u00fcr die Berliner Gerichte allgemein beeidigter Dolmetscher f\u00fcr die albanische Sprache - P\u00ebrkthyes i betuar dhe i autorizuar gjyq\u00ebsor p\u00ebr gjuhen gjermane dhe shqipe\" \/>\n<meta name=\"robots\" content=\"index, follow, max-snippet:-1, max-image-preview:large, max-video-preview:-1\" \/>\n<link rel=\"canonical\" href=\"https:\/\/dolmetscher-albanisch.de\/al\/infos\/albanisch-sprachenkombinationen\/\" \/>\n<meta property=\"og:locale\" content=\"sq_AL\" \/>\n<meta property=\"og:type\" content=\"article\" \/>\n<meta property=\"og:title\" content=\"Gazmend Rushiti - F\u00fcr die Berliner Gerichte allgemein beeidigter Dolmetscher f\u00fcr die albanische Sprache - Albanisch\" \/>\n<meta property=\"og:description\" content=\"Gazmend Rushiti - F\u00fcr die Berliner Gerichte allgemein beeidigter Dolmetscher f\u00fcr die albanische Sprache - P\u00ebrkthyes i betuar dhe i autorizuar gjyq\u00ebsor p\u00ebr gjuhen gjermane dhe shqipe\" \/>\n<meta property=\"og:url\" content=\"https:\/\/dolmetscher-albanisch.de\/al\/infos\/albanisch-sprachenkombinationen\/\" \/>\n<meta property=\"og:site_name\" content=\"Gazmend Rushiti\" \/>\n<meta property=\"article:modified_time\" content=\"2025-12-22T18:47:09+00:00\" \/>\n<meta name=\"twitter:card\" content=\"summary_large_image\" \/>\n<meta name=\"twitter:label1\" content=\"Est. reading time\" \/>\n\t<meta name=\"twitter:data1\" content=\"1 minut\u00eb\" \/>\n<script type=\"application\/ld+json\" class=\"yoast-schema-graph\">{\"@context\":\"https:\\\/\\\/schema.org\",\"@graph\":[{\"@type\":\"WebPage\",\"@id\":\"https:\\\/\\\/dolmetscher-albanisch.de\\\/infos\\\/albanisch-sprachenkombinationen\\\/\",\"url\":\"https:\\\/\\\/dolmetscher-albanisch.de\\\/infos\\\/albanisch-sprachenkombinationen\\\/\",\"name\":\"Gazmend Rushiti - F\u00fcr die Berliner Gerichte allgemein beeidigter Dolmetscher f\u00fcr die albanische Sprache - Albanisch\",\"isPartOf\":{\"@id\":\"https:\\\/\\\/dolmetscher-albanisch.de\\\/#website\"},\"datePublished\":\"2025-12-17T02:19:50+00:00\",\"dateModified\":\"2025-12-22T18:47:09+00:00\",\"description\":\"Gazmend Rushiti - F\u00fcr die Berliner Gerichte allgemein beeidigter Dolmetscher f\u00fcr die albanische Sprache - P\u00ebrkthyes i betuar dhe i autorizuar gjyq\u00ebsor p\u00ebr gjuhen gjermane dhe shqipe\",\"breadcrumb\":{\"@id\":\"https:\\\/\\\/dolmetscher-albanisch.de\\\/infos\\\/albanisch-sprachenkombinationen\\\/#breadcrumb\"},\"inLanguage\":\"sq\",\"potentialAction\":[{\"@type\":\"ReadAction\",\"target\":[\"https:\\\/\\\/dolmetscher-albanisch.de\\\/infos\\\/albanisch-sprachenkombinationen\\\/\"]}]},{\"@type\":\"BreadcrumbList\",\"@id\":\"https:\\\/\\\/dolmetscher-albanisch.de\\\/infos\\\/albanisch-sprachenkombinationen\\\/#breadcrumb\",\"itemListElement\":[{\"@type\":\"ListItem\",\"position\":1,\"name\":\"Home\",\"item\":\"https:\\\/\\\/dolmetscher-albanisch.de\\\/\"},{\"@type\":\"ListItem\",\"position\":2,\"name\":\"Infos\",\"item\":\"https:\\\/\\\/dolmetscher-albanisch.de\\\/infos\\\/\"},{\"@type\":\"ListItem\",\"position\":3,\"name\":\"Albanisch \\\/ Sprachenkombinationen\"}]},{\"@type\":\"WebSite\",\"@id\":\"https:\\\/\\\/dolmetscher-albanisch.de\\\/#website\",\"url\":\"https:\\\/\\\/dolmetscher-albanisch.de\\\/\",\"name\":\"Gazmend Rushiti\",\"description\":\"F\u00fcr die Berliner Gerichte allgemein beeidigter Dolmetscher f\u00fcr die albanische Sprache\",\"publisher\":{\"@id\":\"https:\\\/\\\/dolmetscher-albanisch.de\\\/#organization\"},\"potentialAction\":[{\"@type\":\"SearchAction\",\"target\":{\"@type\":\"EntryPoint\",\"urlTemplate\":\"https:\\\/\\\/dolmetscher-albanisch.de\\\/?s={search_term_string}\"},\"query-input\":{\"@type\":\"PropertyValueSpecification\",\"valueRequired\":true,\"valueName\":\"search_term_string\"}}],\"inLanguage\":\"sq\"},{\"@type\":\"Organization\",\"@id\":\"https:\\\/\\\/dolmetscher-albanisch.de\\\/#organization\",\"name\":\"Gazmend Rushiti\",\"url\":\"https:\\\/\\\/dolmetscher-albanisch.de\\\/\",\"logo\":{\"@type\":\"ImageObject\",\"inLanguage\":\"sq\",\"@id\":\"https:\\\/\\\/dolmetscher-albanisch.de\\\/#\\\/schema\\\/logo\\\/image\\\/\",\"url\":\"https:\\\/\\\/dolmetscher-albanisch.de\\\/wp-content\\\/uploads\\\/2025\\\/12\\\/Dolmetscher-Albanisch.png\",\"contentUrl\":\"https:\\\/\\\/dolmetscher-albanisch.de\\\/wp-content\\\/uploads\\\/2025\\\/12\\\/Dolmetscher-Albanisch.png\",\"width\":515,\"height\":64,\"caption\":\"Gazmend Rushiti\"},\"image\":{\"@id\":\"https:\\\/\\\/dolmetscher-albanisch.de\\\/#\\\/schema\\\/logo\\\/image\\\/\"}}]}<\/script>\n<!-- \/ Yoast SEO plugin. -->","yoast_head_json":{"title":"Gazmend Rushiti - F\u00fcr die Berliner Gerichte allgemein beeidigter Dolmetscher f\u00fcr die albanische Sprache - Albanisch","description":"Gazmend Rushiti - F\u00fcr die Berliner Gerichte allgemein beeidigter Dolmetscher f\u00fcr die albanische Sprache - P\u00ebrkthyes i betuar dhe i autorizuar gjyq\u00ebsor p\u00ebr gjuhen gjermane dhe shqipe","robots":{"index":"index","follow":"follow","max-snippet":"max-snippet:-1","max-image-preview":"max-image-preview:large","max-video-preview":"max-video-preview:-1"},"canonical":"https:\/\/dolmetscher-albanisch.de\/al\/infos\/albanisch-sprachenkombinationen\/","og_locale":"sq_AL","og_type":"article","og_title":"Gazmend Rushiti - F\u00fcr die Berliner Gerichte allgemein beeidigter Dolmetscher f\u00fcr die albanische Sprache - Albanisch","og_description":"Gazmend Rushiti - F\u00fcr die Berliner Gerichte allgemein beeidigter Dolmetscher f\u00fcr die albanische Sprache - P\u00ebrkthyes i betuar dhe i autorizuar gjyq\u00ebsor p\u00ebr gjuhen gjermane dhe shqipe","og_url":"https:\/\/dolmetscher-albanisch.de\/al\/infos\/albanisch-sprachenkombinationen\/","og_site_name":"Gazmend Rushiti","article_modified_time":"2025-12-22T18:47:09+00:00","twitter_card":"summary_large_image","twitter_misc":{"Est. reading time":"1 minut\u00eb"},"schema":{"@context":"https:\/\/schema.org","@graph":[{"@type":"WebPage","@id":"https:\/\/dolmetscher-albanisch.de\/infos\/albanisch-sprachenkombinationen\/","url":"https:\/\/dolmetscher-albanisch.de\/infos\/albanisch-sprachenkombinationen\/","name":"Gazmend Rushiti - F\u00fcr die Berliner Gerichte allgemein beeidigter Dolmetscher f\u00fcr die albanische Sprache - Albanisch","isPartOf":{"@id":"https:\/\/dolmetscher-albanisch.de\/#website"},"datePublished":"2025-12-17T02:19:50+00:00","dateModified":"2025-12-22T18:47:09+00:00","description":"Gazmend Rushiti - F\u00fcr die Berliner Gerichte allgemein beeidigter Dolmetscher f\u00fcr die albanische Sprache - P\u00ebrkthyes i betuar dhe i autorizuar gjyq\u00ebsor p\u00ebr gjuhen gjermane dhe shqipe","breadcrumb":{"@id":"https:\/\/dolmetscher-albanisch.de\/infos\/albanisch-sprachenkombinationen\/#breadcrumb"},"inLanguage":"sq","potentialAction":[{"@type":"ReadAction","target":["https:\/\/dolmetscher-albanisch.de\/infos\/albanisch-sprachenkombinationen\/"]}]},{"@type":"BreadcrumbList","@id":"https:\/\/dolmetscher-albanisch.de\/infos\/albanisch-sprachenkombinationen\/#breadcrumb","itemListElement":[{"@type":"ListItem","position":1,"name":"Home","item":"https:\/\/dolmetscher-albanisch.de\/"},{"@type":"ListItem","position":2,"name":"Infos","item":"https:\/\/dolmetscher-albanisch.de\/infos\/"},{"@type":"ListItem","position":3,"name":"Albanisch \/ Sprachenkombinationen"}]},{"@type":"WebSite","@id":"https:\/\/dolmetscher-albanisch.de\/#website","url":"https:\/\/dolmetscher-albanisch.de\/","name":"Gazmend Rushiti","description":"F\u00fcr die Berliner Gerichte allgemein beeidigter Dolmetscher f\u00fcr die albanische Sprache","publisher":{"@id":"https:\/\/dolmetscher-albanisch.de\/#organization"},"potentialAction":[{"@type":"SearchAction","target":{"@type":"EntryPoint","urlTemplate":"https:\/\/dolmetscher-albanisch.de\/?s={search_term_string}"},"query-input":{"@type":"PropertyValueSpecification","valueRequired":true,"valueName":"search_term_string"}}],"inLanguage":"sq"},{"@type":"Organization","@id":"https:\/\/dolmetscher-albanisch.de\/#organization","name":"Gazmend Rushiti","url":"https:\/\/dolmetscher-albanisch.de\/","logo":{"@type":"ImageObject","inLanguage":"sq","@id":"https:\/\/dolmetscher-albanisch.de\/#\/schema\/logo\/image\/","url":"https:\/\/dolmetscher-albanisch.de\/wp-content\/uploads\/2025\/12\/Dolmetscher-Albanisch.png","contentUrl":"https:\/\/dolmetscher-albanisch.de\/wp-content\/uploads\/2025\/12\/Dolmetscher-Albanisch.png","width":515,"height":64,"caption":"Gazmend Rushiti"},"image":{"@id":"https:\/\/dolmetscher-albanisch.de\/#\/schema\/logo\/image\/"}}]}},"_links":{"self":[{"href":"https:\/\/dolmetscher-albanisch.de\/al\/wp-json\/wp\/v2\/pages\/1918","targetHints":{"allow":["GET"]}}],"collection":[{"href":"https:\/\/dolmetscher-albanisch.de\/al\/wp-json\/wp\/v2\/pages"}],"about":[{"href":"https:\/\/dolmetscher-albanisch.de\/al\/wp-json\/wp\/v2\/types\/page"}],"author":[{"embeddable":true,"href":"https:\/\/dolmetscher-albanisch.de\/al\/wp-json\/wp\/v2\/users\/1"}],"replies":[{"embeddable":true,"href":"https:\/\/dolmetscher-albanisch.de\/al\/wp-json\/wp\/v2\/comments?post=1918"}],"version-history":[{"count":0,"href":"https:\/\/dolmetscher-albanisch.de\/al\/wp-json\/wp\/v2\/pages\/1918\/revisions"}],"up":[{"embeddable":true,"href":"https:\/\/dolmetscher-albanisch.de\/al\/wp-json\/wp\/v2\/pages\/1916"}],"wp:attachment":[{"href":"https:\/\/dolmetscher-albanisch.de\/al\/wp-json\/wp\/v2\/media?parent=1918"}],"curies":[{"name":"wp","href":"https:\/\/api.w.org\/{rel}","templated":true}]}}