{"id":1917,"date":"2025-12-17T02:19:45","date_gmt":"2025-12-17T02:19:45","guid":{"rendered":"https:\/\/dolmetscher-albanisch.de\/?page_id=1917"},"modified":"2025-12-25T15:19:45","modified_gmt":"2025-12-25T15:19:45","slug":"kooperation","status":"publish","type":"page","link":"https:\/\/dolmetscher-albanisch.de\/al\/infos\/kooperation\/","title":{"rendered":"Bashk\u00ebpunim"},"content":{"rendered":"<div data-elementor-type=\"wp-page\" data-elementor-id=\"1917\" class=\"elementor elementor-1917\" data-elementor-post-type=\"page\">\n\t\t\t\t<div class=\"elementor-element elementor-element-2158f97e elementor-hidden-mobile e-flex e-con-boxed e-con e-parent\" data-id=\"2158f97e\" data-element_type=\"container\" data-e-type=\"container\">\n\t\t\t\t\t<div class=\"e-con-inner\">\n\t\t\t\t<div class=\"elementor-element elementor-element-6d2cdbf3 elementor-widget elementor-widget-spacer\" data-id=\"6d2cdbf3\" data-element_type=\"widget\" data-e-type=\"widget\" data-widget_type=\"spacer.default\">\n\t\t\t\t\t\t\t<div class=\"elementor-spacer\">\n\t\t\t<div class=\"elementor-spacer-inner\"><\/div>\n\t\t<\/div>\n\t\t\t\t\t\t<\/div>\n\t\t\t\t\t<\/div>\n\t\t\t\t<\/div>\n\t\t<div class=\"elementor-element elementor-element-1f8a4409 e-flex e-con-boxed e-con e-parent\" data-id=\"1f8a4409\" data-element_type=\"container\" data-e-type=\"container\">\n\t\t\t\t\t<div class=\"e-con-inner\">\n\t\t<div class=\"elementor-element elementor-element-5b1a8866 e-con-full e-flex e-con e-child\" data-id=\"5b1a8866\" data-element_type=\"container\" data-e-type=\"container\">\n\t\t\t\t<div class=\"elementor-element elementor-element-34317ad5 elementor-hidden-mobile elementor-widget elementor-widget-image\" data-id=\"34317ad5\" data-element_type=\"widget\" data-e-type=\"widget\" data-widget_type=\"image.default\">\n\t\t\t\t\t\t\t\t\t\t\t\t\t\t\t<img decoding=\"async\" width=\"253\" height=\"43\" src=\"https:\/\/dolmetscher-albanisch.de\/wp-content\/uploads\/2025\/12\/EHLKE.jpg\" class=\"attachment-full size-full wp-image-2131\" alt=\"\" srcset=\"https:\/\/dolmetscher-albanisch.de\/wp-content\/uploads\/2025\/12\/EHLKE.jpg 253w, https:\/\/dolmetscher-albanisch.de\/wp-content\/uploads\/2025\/12\/EHLKE-18x3.jpg 18w\" sizes=\"(max-width: 253px) 100vw, 253px\" \/>\t\t\t\t\t\t\t\t\t\t\t\t\t\t\t<\/div>\n\t\t\t\t<div class=\"elementor-element elementor-element-8468758 elementor-hidden-mobile elementor-widget elementor-widget-image\" data-id=\"8468758\" data-element_type=\"widget\" data-e-type=\"widget\" data-widget_type=\"image.default\">\n\t\t\t\t\t\t\t\t\t\t\t\t\t\t\t<img decoding=\"async\" width=\"253\" height=\"42\" src=\"https:\/\/dolmetscher-albanisch.de\/wp-content\/uploads\/2025\/12\/streich-partner.jpg\" class=\"attachment-full size-full wp-image-2130\" alt=\"\" srcset=\"https:\/\/dolmetscher-albanisch.de\/wp-content\/uploads\/2025\/12\/streich-partner.jpg 253w, https:\/\/dolmetscher-albanisch.de\/wp-content\/uploads\/2025\/12\/streich-partner-18x3.jpg 18w\" sizes=\"(max-width: 253px) 100vw, 253px\" \/>\t\t\t\t\t\t\t\t\t\t\t\t\t\t\t<\/div>\n\t\t\t\t<\/div>\n\t\t<div class=\"elementor-element elementor-element-2e7e247c e-con-full e-flex e-con e-child\" data-id=\"2e7e247c\" data-element_type=\"container\" data-e-type=\"container\">\n\t\t\t\t<div class=\"elementor-element elementor-element-db884dc elementor-widget elementor-widget-heading\" data-id=\"db884dc\" data-element_type=\"widget\" data-e-type=\"widget\" data-widget_type=\"heading.default\">\n\t\t\t\t\t<h1 class=\"elementor-heading-title elementor-size-default\">Partner\u00ebt e bashk\u00ebpunimit\n<\/h1>\t\t\t\t<\/div>\n\t\t\t\t<div class=\"elementor-element elementor-element-7a17c0c6 elementor-widget elementor-widget-text-editor\" data-id=\"7a17c0c6\" data-element_type=\"widget\" data-e-type=\"widget\" data-widget_type=\"text-editor.default\">\n\t\t\t\t\t\t\t\t\t<p>Agjencia e P\u00ebrkthimeve dhe Interpretimeve Rushiti bashk\u00ebpunon ngusht\u00eb me koleg\u00eb t\u00eb tjer\u00eb t\u00eb pavarur q\u00eb ofrojn\u00eb sh\u00ebrbime n\u00eb gjuh\u00eb t\u00eb tjera m\u00eb pak t\u00eb zakonshme. Ju lutem mos ngurroni t\u00eb m\u00eb d\u00ebrgoni pyetjet tuaja.<\/p><p>P\u00ebr m\u00eb tep\u00ebr, ne ruajm\u00eb bashk\u00ebpunim t\u00eb ngusht\u00eb me<strong>\u00a0Avokatin Joachim Ehlke<\/strong>Avokati Ehlke specializohet n\u00eb t\u00eb drejt\u00ebn penale\/mbrojtjen penale dhe ligjin e kund\u00ebrvajtjeve administrative. Partneriteti yn\u00eb i suksessh\u00ebm p\u00ebrkthyes-avokat n\u00eb Berlin ndihmon shum\u00eb klient\u00eb t\u00eb shprehen qart\u00eb dhe t\u00eb kuptojn\u00eb plot\u00ebsisht k\u00ebshillat ligjore.<\/p><p>Detajet e kontaktit:<\/p><p><strong>Avokatin Joachim Ehlke<\/strong><br \/>Goethestra\u00dfe 47<br \/>10625 Berlin-Charlottenburg<br \/>(Ubhf. Wilmersdorfer Str.)<\/p><p>Tel.: 030 &#8211; 3100 4000<br \/>Fax: 030 &#8211; 82 79 67<br \/><a href=\"http:\/\/www.ra-ehlke.de\/\" target=\"_blank\" rel=\"alternate noopener\">www.ra-ehlke.de<\/a><\/p><p>M\u00eb shum\u00eb\u00a0<strong>Partner\u00eb t\u00eb bashk\u00ebpunimit<\/strong>\u00a0jan\u00eb<\/p><p><strong>Avokat J\u00f6rn Tessen<br \/><\/strong>\u2013 Studio ligjore e Prof. Dr. Streich &amp; Partner<br \/>Eichendorffstra\u00dfe 14<br \/>10115 Berlin<\/p><p><a href=\"http:\/\/www.streich-partner.de\/\" target=\"_blank\" rel=\"alternate noopener\">www.streich-partner.de<\/a><\/p><p>Fushat kryesore:<br \/>E drejta penale ekonomike, e drejta e burgjeve dhe zbatimit t\u00eb ligjit, e drejta administrative, e drejta e imigracionit, e drejta e qiras\u00eb<\/p>\t\t\t\t\t\t\t\t<\/div>\n\t\t\t\t<\/div>\n\t\t\t\t\t<\/div>\n\t\t\t\t<\/div>\n\t\t\t\t<\/div>","protected":false},"excerpt":{"rendered":"<p>Kooperations Partner Das Dolmetscher- und \u00dcbersetzungsb\u00fcro Rushiti arbeitet eng mit anderen freiberuflichen Kollegen zusammen, die weitere exotische Sprachen anbieten. Richten Sie mir gerne Ihre Anfragen zu. Zudem pflegen wir eine enge Zusammenarbeit mit dem\u00a0Rechtsanwalt Joachim Ehlke. Herr Rechtsanwalt Ehlke ist auf Strafrecht \/ Strafverteidigung und auf Ordnungswidrigkeitenrecht spezialisiert. Unsere in Berlin erfolgreiche Dolmetscher-Rechtsanwalt-B\u00fcrokooperation hilft vielen [&hellip;]<\/p>\n","protected":false},"author":1,"featured_media":0,"parent":1916,"menu_order":0,"comment_status":"closed","ping_status":"closed","template":"","meta":{"site-sidebar-layout":"no-sidebar","site-content-layout":"page-builder","ast-site-content-layout":"full-width-container","site-content-style":"default","site-sidebar-style":"default","ast-global-header-display":"","ast-banner-title-visibility":"","ast-main-header-display":"","ast-hfb-above-header-display":"","ast-hfb-below-header-display":"","ast-hfb-mobile-header-display":"","site-post-title":"disabled","ast-breadcrumbs-content":"","ast-featured-img":"disabled","footer-sml-layout":"","ast-disable-related-posts":"","theme-transparent-header-meta":"","adv-header-id-meta":"","stick-header-meta":"","header-above-stick-meta":"","header-main-stick-meta":"","header-below-stick-meta":"","astra-migrate-meta-layouts":"set","ast-page-background-enabled":"default","ast-page-background-meta":{"desktop":{"background-color":"","background-image":"","background-repeat":"repeat","background-position":"center center","background-size":"auto","background-attachment":"scroll","background-type":"","background-media":"","overlay-type":"","overlay-color":"","overlay-opacity":"","overlay-gradient":""},"tablet":{"background-color":"","background-image":"","background-repeat":"repeat","background-position":"center center","background-size":"auto","background-attachment":"scroll","background-type":"","background-media":"","overlay-type":"","overlay-color":"","overlay-opacity":"","overlay-gradient":""},"mobile":{"background-color":"","background-image":"","background-repeat":"repeat","background-position":"center center","background-size":"auto","background-attachment":"scroll","background-type":"","background-media":"","overlay-type":"","overlay-color":"","overlay-opacity":"","overlay-gradient":""}},"ast-content-background-meta":{"desktop":{"background-color":"var(--ast-global-color-5)","background-image":"","background-repeat":"repeat","background-position":"center center","background-size":"auto","background-attachment":"scroll","background-type":"","background-media":"","overlay-type":"","overlay-color":"","overlay-opacity":"","overlay-gradient":""},"tablet":{"background-color":"var(--ast-global-color-5)","background-image":"","background-repeat":"repeat","background-position":"center center","background-size":"auto","background-attachment":"scroll","background-type":"","background-media":"","overlay-type":"","overlay-color":"","overlay-opacity":"","overlay-gradient":""},"mobile":{"background-color":"var(--ast-global-color-5)","background-image":"","background-repeat":"repeat","background-position":"center center","background-size":"auto","background-attachment":"scroll","background-type":"","background-media":"","overlay-type":"","overlay-color":"","overlay-opacity":"","overlay-gradient":""}},"footnotes":""},"class_list":["post-1917","page","type-page","status-publish","hentry"],"yoast_head":"<!-- This site is optimized with the Yoast SEO plugin v27.5 - https:\/\/yoast.com\/product\/yoast-seo-wordpress\/ -->\n<title>Gazmend Rushiti - F\u00fcr die Berliner Gerichte allgemein beeidigter Dolmetscher f\u00fcr die albanische Sprache - Kooperation<\/title>\n<meta name=\"description\" content=\"Gazmend Rushiti - F\u00fcr die Berliner Gerichte allgemein beeidigter Dolmetscher f\u00fcr die albanische Sprache - P\u00ebrkthyes i betuar dhe i autorizuar gjyq\u00ebsor p\u00ebr gjuhen gjermane dhe shqipe\" \/>\n<meta name=\"robots\" content=\"index, follow, max-snippet:-1, max-image-preview:large, max-video-preview:-1\" \/>\n<link rel=\"canonical\" href=\"https:\/\/dolmetscher-albanisch.de\/al\/infos\/kooperation\/\" \/>\n<meta property=\"og:locale\" content=\"sq_AL\" \/>\n<meta property=\"og:type\" content=\"article\" \/>\n<meta property=\"og:title\" content=\"Gazmend Rushiti - F\u00fcr die Berliner Gerichte allgemein beeidigter Dolmetscher f\u00fcr die albanische Sprache - Kooperation\" \/>\n<meta property=\"og:description\" content=\"Gazmend Rushiti - F\u00fcr die Berliner Gerichte allgemein beeidigter Dolmetscher f\u00fcr die albanische Sprache - P\u00ebrkthyes i betuar dhe i autorizuar gjyq\u00ebsor p\u00ebr gjuhen gjermane dhe shqipe\" \/>\n<meta property=\"og:url\" content=\"https:\/\/dolmetscher-albanisch.de\/al\/infos\/kooperation\/\" \/>\n<meta property=\"og:site_name\" content=\"Gazmend Rushiti\" \/>\n<meta property=\"article:modified_time\" content=\"2025-12-25T15:19:45+00:00\" \/>\n<meta property=\"og:image\" content=\"https:\/\/dolmetscher-albanisch.de\/wp-content\/uploads\/2025\/12\/EHLKE.jpg\" \/>\n\t<meta property=\"og:image:width\" content=\"253\" \/>\n\t<meta property=\"og:image:height\" content=\"43\" \/>\n\t<meta property=\"og:image:type\" content=\"image\/jpeg\" \/>\n<meta name=\"twitter:card\" content=\"summary_large_image\" \/>\n<meta name=\"twitter:label1\" content=\"Est. reading time\" \/>\n\t<meta name=\"twitter:data1\" content=\"1 minut\u00eb\" \/>\n<script type=\"application\/ld+json\" class=\"yoast-schema-graph\">{\"@context\":\"https:\\\/\\\/schema.org\",\"@graph\":[{\"@type\":\"WebPage\",\"@id\":\"https:\\\/\\\/dolmetscher-albanisch.de\\\/infos\\\/kooperation\\\/\",\"url\":\"https:\\\/\\\/dolmetscher-albanisch.de\\\/infos\\\/kooperation\\\/\",\"name\":\"Gazmend Rushiti - F\u00fcr die Berliner Gerichte allgemein beeidigter Dolmetscher f\u00fcr die albanische Sprache - Kooperation\",\"isPartOf\":{\"@id\":\"https:\\\/\\\/dolmetscher-albanisch.de\\\/#website\"},\"primaryImageOfPage\":{\"@id\":\"https:\\\/\\\/dolmetscher-albanisch.de\\\/infos\\\/kooperation\\\/#primaryimage\"},\"image\":{\"@id\":\"https:\\\/\\\/dolmetscher-albanisch.de\\\/infos\\\/kooperation\\\/#primaryimage\"},\"thumbnailUrl\":\"https:\\\/\\\/dolmetscher-albanisch.de\\\/wp-content\\\/uploads\\\/2025\\\/12\\\/EHLKE.jpg\",\"datePublished\":\"2025-12-17T02:19:45+00:00\",\"dateModified\":\"2025-12-25T15:19:45+00:00\",\"description\":\"Gazmend Rushiti - F\u00fcr die Berliner Gerichte allgemein beeidigter Dolmetscher f\u00fcr die albanische Sprache - P\u00ebrkthyes i betuar dhe i autorizuar gjyq\u00ebsor p\u00ebr gjuhen gjermane dhe shqipe\",\"breadcrumb\":{\"@id\":\"https:\\\/\\\/dolmetscher-albanisch.de\\\/infos\\\/kooperation\\\/#breadcrumb\"},\"inLanguage\":\"sq\",\"potentialAction\":[{\"@type\":\"ReadAction\",\"target\":[\"https:\\\/\\\/dolmetscher-albanisch.de\\\/infos\\\/kooperation\\\/\"]}]},{\"@type\":\"ImageObject\",\"inLanguage\":\"sq\",\"@id\":\"https:\\\/\\\/dolmetscher-albanisch.de\\\/infos\\\/kooperation\\\/#primaryimage\",\"url\":\"https:\\\/\\\/dolmetscher-albanisch.de\\\/wp-content\\\/uploads\\\/2025\\\/12\\\/EHLKE.jpg\",\"contentUrl\":\"https:\\\/\\\/dolmetscher-albanisch.de\\\/wp-content\\\/uploads\\\/2025\\\/12\\\/EHLKE.jpg\"},{\"@type\":\"BreadcrumbList\",\"@id\":\"https:\\\/\\\/dolmetscher-albanisch.de\\\/infos\\\/kooperation\\\/#breadcrumb\",\"itemListElement\":[{\"@type\":\"ListItem\",\"position\":1,\"name\":\"Home\",\"item\":\"https:\\\/\\\/dolmetscher-albanisch.de\\\/\"},{\"@type\":\"ListItem\",\"position\":2,\"name\":\"Infos\",\"item\":\"https:\\\/\\\/dolmetscher-albanisch.de\\\/infos\\\/\"},{\"@type\":\"ListItem\",\"position\":3,\"name\":\"Kooperation\"}]},{\"@type\":\"WebSite\",\"@id\":\"https:\\\/\\\/dolmetscher-albanisch.de\\\/#website\",\"url\":\"https:\\\/\\\/dolmetscher-albanisch.de\\\/\",\"name\":\"Gazmend Rushiti\",\"description\":\"F\u00fcr die Berliner Gerichte allgemein beeidigter Dolmetscher f\u00fcr die albanische Sprache\",\"publisher\":{\"@id\":\"https:\\\/\\\/dolmetscher-albanisch.de\\\/#organization\"},\"potentialAction\":[{\"@type\":\"SearchAction\",\"target\":{\"@type\":\"EntryPoint\",\"urlTemplate\":\"https:\\\/\\\/dolmetscher-albanisch.de\\\/?s={search_term_string}\"},\"query-input\":{\"@type\":\"PropertyValueSpecification\",\"valueRequired\":true,\"valueName\":\"search_term_string\"}}],\"inLanguage\":\"sq\"},{\"@type\":\"Organization\",\"@id\":\"https:\\\/\\\/dolmetscher-albanisch.de\\\/#organization\",\"name\":\"Gazmend Rushiti\",\"url\":\"https:\\\/\\\/dolmetscher-albanisch.de\\\/\",\"logo\":{\"@type\":\"ImageObject\",\"inLanguage\":\"sq\",\"@id\":\"https:\\\/\\\/dolmetscher-albanisch.de\\\/#\\\/schema\\\/logo\\\/image\\\/\",\"url\":\"https:\\\/\\\/dolmetscher-albanisch.de\\\/wp-content\\\/uploads\\\/2025\\\/12\\\/Dolmetscher-Albanisch.png\",\"contentUrl\":\"https:\\\/\\\/dolmetscher-albanisch.de\\\/wp-content\\\/uploads\\\/2025\\\/12\\\/Dolmetscher-Albanisch.png\",\"width\":515,\"height\":64,\"caption\":\"Gazmend Rushiti\"},\"image\":{\"@id\":\"https:\\\/\\\/dolmetscher-albanisch.de\\\/#\\\/schema\\\/logo\\\/image\\\/\"}}]}<\/script>\n<!-- \/ Yoast SEO plugin. -->","yoast_head_json":{"title":"Gazmend Rushiti - F\u00fcr die Berliner Gerichte allgemein beeidigter Dolmetscher f\u00fcr die albanische Sprache - Kooperation","description":"Gazmend Rushiti - F\u00fcr die Berliner Gerichte allgemein beeidigter Dolmetscher f\u00fcr die albanische Sprache - P\u00ebrkthyes i betuar dhe i autorizuar gjyq\u00ebsor p\u00ebr gjuhen gjermane dhe shqipe","robots":{"index":"index","follow":"follow","max-snippet":"max-snippet:-1","max-image-preview":"max-image-preview:large","max-video-preview":"max-video-preview:-1"},"canonical":"https:\/\/dolmetscher-albanisch.de\/al\/infos\/kooperation\/","og_locale":"sq_AL","og_type":"article","og_title":"Gazmend Rushiti - F\u00fcr die Berliner Gerichte allgemein beeidigter Dolmetscher f\u00fcr die albanische Sprache - Kooperation","og_description":"Gazmend Rushiti - F\u00fcr die Berliner Gerichte allgemein beeidigter Dolmetscher f\u00fcr die albanische Sprache - P\u00ebrkthyes i betuar dhe i autorizuar gjyq\u00ebsor p\u00ebr gjuhen gjermane dhe shqipe","og_url":"https:\/\/dolmetscher-albanisch.de\/al\/infos\/kooperation\/","og_site_name":"Gazmend Rushiti","article_modified_time":"2025-12-25T15:19:45+00:00","og_image":[{"width":253,"height":43,"url":"https:\/\/dolmetscher-albanisch.de\/wp-content\/uploads\/2025\/12\/EHLKE.jpg","type":"image\/jpeg"}],"twitter_card":"summary_large_image","twitter_misc":{"Est. reading time":"1 minut\u00eb"},"schema":{"@context":"https:\/\/schema.org","@graph":[{"@type":"WebPage","@id":"https:\/\/dolmetscher-albanisch.de\/infos\/kooperation\/","url":"https:\/\/dolmetscher-albanisch.de\/infos\/kooperation\/","name":"Gazmend Rushiti - F\u00fcr die Berliner Gerichte allgemein beeidigter Dolmetscher f\u00fcr die albanische Sprache - Kooperation","isPartOf":{"@id":"https:\/\/dolmetscher-albanisch.de\/#website"},"primaryImageOfPage":{"@id":"https:\/\/dolmetscher-albanisch.de\/infos\/kooperation\/#primaryimage"},"image":{"@id":"https:\/\/dolmetscher-albanisch.de\/infos\/kooperation\/#primaryimage"},"thumbnailUrl":"https:\/\/dolmetscher-albanisch.de\/wp-content\/uploads\/2025\/12\/EHLKE.jpg","datePublished":"2025-12-17T02:19:45+00:00","dateModified":"2025-12-25T15:19:45+00:00","description":"Gazmend Rushiti - F\u00fcr die Berliner Gerichte allgemein beeidigter Dolmetscher f\u00fcr die albanische Sprache - P\u00ebrkthyes i betuar dhe i autorizuar gjyq\u00ebsor p\u00ebr gjuhen gjermane dhe shqipe","breadcrumb":{"@id":"https:\/\/dolmetscher-albanisch.de\/infos\/kooperation\/#breadcrumb"},"inLanguage":"sq","potentialAction":[{"@type":"ReadAction","target":["https:\/\/dolmetscher-albanisch.de\/infos\/kooperation\/"]}]},{"@type":"ImageObject","inLanguage":"sq","@id":"https:\/\/dolmetscher-albanisch.de\/infos\/kooperation\/#primaryimage","url":"https:\/\/dolmetscher-albanisch.de\/wp-content\/uploads\/2025\/12\/EHLKE.jpg","contentUrl":"https:\/\/dolmetscher-albanisch.de\/wp-content\/uploads\/2025\/12\/EHLKE.jpg"},{"@type":"BreadcrumbList","@id":"https:\/\/dolmetscher-albanisch.de\/infos\/kooperation\/#breadcrumb","itemListElement":[{"@type":"ListItem","position":1,"name":"Home","item":"https:\/\/dolmetscher-albanisch.de\/"},{"@type":"ListItem","position":2,"name":"Infos","item":"https:\/\/dolmetscher-albanisch.de\/infos\/"},{"@type":"ListItem","position":3,"name":"Kooperation"}]},{"@type":"WebSite","@id":"https:\/\/dolmetscher-albanisch.de\/#website","url":"https:\/\/dolmetscher-albanisch.de\/","name":"Gazmend Rushiti","description":"F\u00fcr die Berliner Gerichte allgemein beeidigter Dolmetscher f\u00fcr die albanische Sprache","publisher":{"@id":"https:\/\/dolmetscher-albanisch.de\/#organization"},"potentialAction":[{"@type":"SearchAction","target":{"@type":"EntryPoint","urlTemplate":"https:\/\/dolmetscher-albanisch.de\/?s={search_term_string}"},"query-input":{"@type":"PropertyValueSpecification","valueRequired":true,"valueName":"search_term_string"}}],"inLanguage":"sq"},{"@type":"Organization","@id":"https:\/\/dolmetscher-albanisch.de\/#organization","name":"Gazmend Rushiti","url":"https:\/\/dolmetscher-albanisch.de\/","logo":{"@type":"ImageObject","inLanguage":"sq","@id":"https:\/\/dolmetscher-albanisch.de\/#\/schema\/logo\/image\/","url":"https:\/\/dolmetscher-albanisch.de\/wp-content\/uploads\/2025\/12\/Dolmetscher-Albanisch.png","contentUrl":"https:\/\/dolmetscher-albanisch.de\/wp-content\/uploads\/2025\/12\/Dolmetscher-Albanisch.png","width":515,"height":64,"caption":"Gazmend Rushiti"},"image":{"@id":"https:\/\/dolmetscher-albanisch.de\/#\/schema\/logo\/image\/"}}]}},"_links":{"self":[{"href":"https:\/\/dolmetscher-albanisch.de\/al\/wp-json\/wp\/v2\/pages\/1917","targetHints":{"allow":["GET"]}}],"collection":[{"href":"https:\/\/dolmetscher-albanisch.de\/al\/wp-json\/wp\/v2\/pages"}],"about":[{"href":"https:\/\/dolmetscher-albanisch.de\/al\/wp-json\/wp\/v2\/types\/page"}],"author":[{"embeddable":true,"href":"https:\/\/dolmetscher-albanisch.de\/al\/wp-json\/wp\/v2\/users\/1"}],"replies":[{"embeddable":true,"href":"https:\/\/dolmetscher-albanisch.de\/al\/wp-json\/wp\/v2\/comments?post=1917"}],"version-history":[{"count":0,"href":"https:\/\/dolmetscher-albanisch.de\/al\/wp-json\/wp\/v2\/pages\/1917\/revisions"}],"up":[{"embeddable":true,"href":"https:\/\/dolmetscher-albanisch.de\/al\/wp-json\/wp\/v2\/pages\/1916"}],"wp:attachment":[{"href":"https:\/\/dolmetscher-albanisch.de\/al\/wp-json\/wp\/v2\/media?parent=1917"}],"curies":[{"name":"wp","href":"https:\/\/api.w.org\/{rel}","templated":true}]}}