{"id":1892,"date":"2025-12-17T02:13:24","date_gmt":"2025-12-17T02:13:24","guid":{"rendered":"https:\/\/dolmetscher-albanisch.de\/?page_id=1892"},"modified":"2025-12-22T18:45:43","modified_gmt":"2025-12-22T18:45:43","slug":"impressum","status":"publish","type":"page","link":"https:\/\/dolmetscher-albanisch.de\/al\/kontakt\/impressum\/","title":{"rendered":"Imprint"},"content":{"rendered":"<div data-elementor-type=\"wp-page\" data-elementor-id=\"1892\" class=\"elementor elementor-1892\" data-elementor-post-type=\"page\">\n\t\t\t\t<div class=\"elementor-element elementor-element-4fcbb714 elementor-hidden-mobile e-flex e-con-boxed e-con e-parent\" data-id=\"4fcbb714\" data-element_type=\"container\" data-e-type=\"container\">\n\t\t\t\t\t<div class=\"e-con-inner\">\n\t\t\t\t<div class=\"elementor-element elementor-element-599a5b85 elementor-widget elementor-widget-spacer\" data-id=\"599a5b85\" data-element_type=\"widget\" data-e-type=\"widget\" data-widget_type=\"spacer.default\">\n\t\t\t\t\t\t\t<div class=\"elementor-spacer\">\n\t\t\t<div class=\"elementor-spacer-inner\"><\/div>\n\t\t<\/div>\n\t\t\t\t\t\t<\/div>\n\t\t\t\t\t<\/div>\n\t\t\t\t<\/div>\n\t\t<div class=\"elementor-element elementor-element-4e04a6aa e-flex e-con-boxed e-con e-parent\" data-id=\"4e04a6aa\" data-element_type=\"container\" data-e-type=\"container\">\n\t\t\t\t\t<div class=\"e-con-inner\">\n\t\t<div class=\"elementor-element elementor-element-09d5d63 e-con-full elementor-hidden-mobile e-flex e-con e-child\" data-id=\"09d5d63\" data-element_type=\"container\" data-e-type=\"container\">\n\t\t\t\t<div class=\"elementor-element elementor-element-e013950 elementor-widget elementor-widget-heading\" data-id=\"e013950\" data-element_type=\"widget\" data-e-type=\"widget\" data-widget_type=\"heading.default\">\n\t\t\t\t\t<h3 class=\"elementor-heading-title elementor-size-default\">Orari i zyr\u00ebs:\n<\/h3>\t\t\t\t<\/div>\n\t\t\t\t<div class=\"elementor-element elementor-element-79872f2 elementor-widget elementor-widget-text-editor\" data-id=\"79872f2\" data-element_type=\"widget\" data-e-type=\"widget\" data-widget_type=\"text-editor.default\">\n\t\t\t\t\t\t\t\t\t<p>E H\u00ebn\u00eb - E Premte<br \/>10:00 AM deri n\u00eb 18:00 PM<\/p>\t\t\t\t\t\t\t\t<\/div>\n\t\t\t\t<div class=\"elementor-element elementor-element-d06f749 elementor-widget elementor-widget-image\" data-id=\"d06f749\" data-element_type=\"widget\" data-e-type=\"widget\" data-widget_type=\"image.default\">\n\t\t\t\t\t\t\t\t\t\t\t\t\t\t\t<img decoding=\"async\" width=\"42\" height=\"80\" src=\"https:\/\/dolmetscher-albanisch.de\/wp-content\/uploads\/2025\/12\/flyer_rushiti.jpg\" class=\"attachment-large size-large wp-image-2080\" alt=\"Dolmetscher Albanisch Flyer\" srcset=\"https:\/\/dolmetscher-albanisch.de\/wp-content\/uploads\/2025\/12\/flyer_rushiti.jpg 42w, https:\/\/dolmetscher-albanisch.de\/wp-content\/uploads\/2025\/12\/flyer_rushiti-6x12.jpg 6w\" sizes=\"(max-width: 42px) 100vw, 42px\" \/>\t\t\t\t\t\t\t\t\t\t\t\t\t\t\t<\/div>\n\t\t\t\t<div class=\"elementor-element elementor-element-60db279 elementor-widget elementor-widget-button\" data-id=\"60db279\" data-element_type=\"widget\" data-e-type=\"widget\" data-widget_type=\"button.default\">\n\t\t\t\t\t\t\t\t\t\t<a class=\"elementor-button elementor-button-link elementor-size-sm\" href=\"https:\/\/dolmetscher-albanisch.de\/wp-content\/uploads\/2025\/12\/unternehmensflyer-1.pdf\">\n\t\t\t\t\t\t<span class=\"elementor-button-content-wrapper\">\n\t\t\t\t\t\t<span class=\"elementor-button-icon\">\n\t\t\t\t<svg aria-hidden=\"true\" class=\"e-font-icon-svg e-far-arrow-alt-circle-right\" viewbox=\"0 0 512 512\" xmlns=\"http:\/\/www.w3.org\/2000\/svg\"><path d=\"M504 256C504 119 393 8 256 8S8 119 8 256s111 248 248 248 248-111 248-248zm-448 0c0-110.5 89.5-200 200-200s200 89.5 200 200-89.5 200-200 200S56 366.5 56 256zm72 20v-40c0-6.6 5.4-12 12-12h116v-67c0-10.7 12.9-16 20.5-8.5l99 99c4.7 4.7 4.7 12.3 0 17l-99 99c-7.6 7.6-20.5 2.2-20.5-8.5v-67H140c-6.6 0-12-5.4-12-12z\"><\/path><\/svg>\t\t\t<\/span>\n\t\t\t\t\t\t\t\t\t<span class=\"elementor-button-text\">Shkarko Broshur\u00ebn e Nd\u00ebrmarrjes<\/span>\n\t\t\t\t\t<\/span>\n\t\t\t\t\t<\/a>\n\t\t\t\t\t\t\t\t<\/div>\n\t\t\t\t<\/div>\n\t\t<div class=\"elementor-element elementor-element-533defe1 e-con-full e-flex e-con e-child\" data-id=\"533defe1\" data-element_type=\"container\" data-e-type=\"container\">\n\t\t\t\t<div class=\"elementor-element elementor-element-10d86cfd elementor-widget elementor-widget-heading\" data-id=\"10d86cfd\" data-element_type=\"widget\" data-e-type=\"widget\" data-widget_type=\"heading.default\">\n\t\t\t\t\t<h1 class=\"elementor-heading-title elementor-size-default\">Imprint<\/h1>\t\t\t\t<\/div>\n\t\t\t\t<div class=\"elementor-element elementor-element-7f9c9924 elementor-widget elementor-widget-text-editor\" data-id=\"7f9c9924\" data-element_type=\"widget\" data-e-type=\"widget\" data-widget_type=\"text-editor.default\">\n\t\t\t\t\t\t\t\t\t<p>P\u00ebrgjegj\u00ebs sipas \u00a76 TDG (Ligji p\u00ebr Sh\u00ebrbimet Telemediale)<br \/>Gazmend Rushiti, Pronari Menaxhues<br \/>Waitzstr. 16<br \/>10629 Berlin-Charlottenburg<br \/>Tel.: (030) 922 159 92<br \/>E-Mail: post@dolmetscher-albanisch.de<br \/>www.rushiti.com, www.dolmetscher-albanisch.de<\/p><p>Mohim p\u00ebrgjegj\u00ebsie<br \/>Pavar\u00ebsisht shqyrtimit t\u00eb kujdessh\u00ebm dhe t\u00eb rregullt t\u00eb p\u00ebrmbajtjes s\u00eb k\u00ebsaj faqeje interneti, nuk mund t\u00eb jepet asnj\u00eb garanci p\u00ebr sakt\u00ebsin\u00eb e informacionit.<br \/>Ne nuk pranojm\u00eb asnj\u00eb p\u00ebrgjegj\u00ebsi p\u00ebr p\u00ebrmbajtjen e faqeve t\u00eb jashtme t\u00eb internetit q\u00eb mund t\u00eb aksesohen n\u00ebp\u00ebrmjet lidhjeve nga faqja jon\u00eb e internetit.<\/p><p>Website<br \/>Collex Design<br \/>www.collex-design.de<\/p>\t\t\t\t\t\t\t\t<\/div>\n\t\t\t\t<\/div>\n\t\t\t\t\t<\/div>\n\t\t\t\t<\/div>\n\t\t\t\t<\/div>","protected":false},"excerpt":{"rendered":"<p>B\u00fcrozeiten: Montag \u2013 Freitag10:00 Uhr bis 18:00 Uhr Download Unternehmensflyer Impressum Verantwortlich nach \u00a76 TDG (Teledienstgesetz)Gazmend Rushiti, gesch\u00e4ftsf\u00fchrender InhaberWaitzstr. 1610629 Berlin-CharlottenburgTel.: (030) 922 159 92E-Mail: post@dolmetscher-albanisch.dewww.rushiti.com, www.dolmetscher-albanisch.de Haftungsausschlusserkl\u00e4rungTrotz sorgf\u00e4ltiger und regelm\u00e4\u00dfiger Pr\u00fcfung der Inhalte dieser Webseite kann keine Gew\u00e4hr f\u00fcr die Richtigkeit der Angaben \u00fcbernommen werden.F\u00fcr Inhalte externer Webseiten, die mit Links von unserer Webseite [&hellip;]<\/p>\n","protected":false},"author":1,"featured_media":0,"parent":1887,"menu_order":0,"comment_status":"closed","ping_status":"closed","template":"","meta":{"site-sidebar-layout":"no-sidebar","site-content-layout":"page-builder","ast-site-content-layout":"full-width-container","site-content-style":"default","site-sidebar-style":"default","ast-global-header-display":"","ast-banner-title-visibility":"","ast-main-header-display":"","ast-hfb-above-header-display":"","ast-hfb-below-header-display":"","ast-hfb-mobile-header-display":"","site-post-title":"disabled","ast-breadcrumbs-content":"","ast-featured-img":"disabled","footer-sml-layout":"","ast-disable-related-posts":"","theme-transparent-header-meta":"","adv-header-id-meta":"","stick-header-meta":"","header-above-stick-meta":"","header-main-stick-meta":"","header-below-stick-meta":"","astra-migrate-meta-layouts":"set","ast-page-background-enabled":"default","ast-page-background-meta":{"desktop":{"background-color":"","background-image":"","background-repeat":"repeat","background-position":"center center","background-size":"auto","background-attachment":"scroll","background-type":"","background-media":"","overlay-type":"","overlay-color":"","overlay-opacity":"","overlay-gradient":""},"tablet":{"background-color":"","background-image":"","background-repeat":"repeat","background-position":"center center","background-size":"auto","background-attachment":"scroll","background-type":"","background-media":"","overlay-type":"","overlay-color":"","overlay-opacity":"","overlay-gradient":""},"mobile":{"background-color":"","background-image":"","background-repeat":"repeat","background-position":"center center","background-size":"auto","background-attachment":"scroll","background-type":"","background-media":"","overlay-type":"","overlay-color":"","overlay-opacity":"","overlay-gradient":""}},"ast-content-background-meta":{"desktop":{"background-color":"var(--ast-global-color-5)","background-image":"","background-repeat":"repeat","background-position":"center center","background-size":"auto","background-attachment":"scroll","background-type":"","background-media":"","overlay-type":"","overlay-color":"","overlay-opacity":"","overlay-gradient":""},"tablet":{"background-color":"var(--ast-global-color-5)","background-image":"","background-repeat":"repeat","background-position":"center center","background-size":"auto","background-attachment":"scroll","background-type":"","background-media":"","overlay-type":"","overlay-color":"","overlay-opacity":"","overlay-gradient":""},"mobile":{"background-color":"var(--ast-global-color-5)","background-image":"","background-repeat":"repeat","background-position":"center center","background-size":"auto","background-attachment":"scroll","background-type":"","background-media":"","overlay-type":"","overlay-color":"","overlay-opacity":"","overlay-gradient":""}},"footnotes":""},"class_list":["post-1892","page","type-page","status-publish","hentry"],"yoast_head":"<!-- This site is optimized with the Yoast SEO plugin v27.5 - https:\/\/yoast.com\/product\/yoast-seo-wordpress\/ -->\n<title>Gazmend Rushiti - F\u00fcr die Berliner Gerichte allgemein beeidigter Dolmetscher f\u00fcr die albanische Sprache - Impressum<\/title>\n<meta name=\"description\" content=\"Gazmend Rushiti - F\u00fcr die Berliner Gerichte allgemein beeidigter Dolmetscher f\u00fcr die albanische Sprache - P\u00ebrkthyes i betuar dhe i autorizuar gjyq\u00ebsor p\u00ebr gjuhen gjermane dhe shqipe\" \/>\n<meta name=\"robots\" content=\"index, follow, max-snippet:-1, max-image-preview:large, max-video-preview:-1\" \/>\n<link rel=\"canonical\" href=\"https:\/\/dolmetscher-albanisch.de\/al\/kontakt\/impressum\/\" \/>\n<meta property=\"og:locale\" content=\"sq_AL\" \/>\n<meta property=\"og:type\" content=\"article\" \/>\n<meta property=\"og:title\" content=\"Gazmend Rushiti - F\u00fcr die Berliner Gerichte allgemein beeidigter Dolmetscher f\u00fcr die albanische Sprache - Impressum\" \/>\n<meta property=\"og:description\" content=\"Gazmend Rushiti - F\u00fcr die Berliner Gerichte allgemein beeidigter Dolmetscher f\u00fcr die albanische Sprache - P\u00ebrkthyes i betuar dhe i autorizuar gjyq\u00ebsor p\u00ebr gjuhen gjermane dhe shqipe\" \/>\n<meta property=\"og:url\" content=\"https:\/\/dolmetscher-albanisch.de\/al\/kontakt\/impressum\/\" \/>\n<meta property=\"og:site_name\" content=\"Gazmend Rushiti\" \/>\n<meta property=\"article:modified_time\" content=\"2025-12-22T18:45:43+00:00\" \/>\n<meta property=\"og:image\" content=\"https:\/\/dolmetscher-albanisch.de\/wp-content\/uploads\/2025\/12\/flyer_rushiti.jpg\" \/>\n<meta name=\"twitter:card\" content=\"summary_large_image\" \/>\n<meta name=\"twitter:label1\" content=\"Est. reading time\" \/>\n\t<meta name=\"twitter:data1\" content=\"1 minut\u00eb\" \/>\n<script type=\"application\/ld+json\" class=\"yoast-schema-graph\">{\"@context\":\"https:\\\/\\\/schema.org\",\"@graph\":[{\"@type\":\"WebPage\",\"@id\":\"https:\\\/\\\/dolmetscher-albanisch.de\\\/kontakt\\\/impressum\\\/\",\"url\":\"https:\\\/\\\/dolmetscher-albanisch.de\\\/kontakt\\\/impressum\\\/\",\"name\":\"Gazmend Rushiti - F\u00fcr die Berliner Gerichte allgemein beeidigter Dolmetscher f\u00fcr die albanische Sprache - Impressum\",\"isPartOf\":{\"@id\":\"https:\\\/\\\/dolmetscher-albanisch.de\\\/#website\"},\"primaryImageOfPage\":{\"@id\":\"https:\\\/\\\/dolmetscher-albanisch.de\\\/kontakt\\\/impressum\\\/#primaryimage\"},\"image\":{\"@id\":\"https:\\\/\\\/dolmetscher-albanisch.de\\\/kontakt\\\/impressum\\\/#primaryimage\"},\"thumbnailUrl\":\"https:\\\/\\\/dolmetscher-albanisch.de\\\/wp-content\\\/uploads\\\/2025\\\/12\\\/flyer_rushiti.jpg\",\"datePublished\":\"2025-12-17T02:13:24+00:00\",\"dateModified\":\"2025-12-22T18:45:43+00:00\",\"description\":\"Gazmend Rushiti - F\u00fcr die Berliner Gerichte allgemein beeidigter Dolmetscher f\u00fcr die albanische Sprache - P\u00ebrkthyes i betuar dhe i autorizuar gjyq\u00ebsor p\u00ebr gjuhen gjermane dhe shqipe\",\"breadcrumb\":{\"@id\":\"https:\\\/\\\/dolmetscher-albanisch.de\\\/kontakt\\\/impressum\\\/#breadcrumb\"},\"inLanguage\":\"sq\",\"potentialAction\":[{\"@type\":\"ReadAction\",\"target\":[\"https:\\\/\\\/dolmetscher-albanisch.de\\\/kontakt\\\/impressum\\\/\"]}]},{\"@type\":\"ImageObject\",\"inLanguage\":\"sq\",\"@id\":\"https:\\\/\\\/dolmetscher-albanisch.de\\\/kontakt\\\/impressum\\\/#primaryimage\",\"url\":\"https:\\\/\\\/dolmetscher-albanisch.de\\\/wp-content\\\/uploads\\\/2025\\\/12\\\/flyer_rushiti.jpg\",\"contentUrl\":\"https:\\\/\\\/dolmetscher-albanisch.de\\\/wp-content\\\/uploads\\\/2025\\\/12\\\/flyer_rushiti.jpg\"},{\"@type\":\"BreadcrumbList\",\"@id\":\"https:\\\/\\\/dolmetscher-albanisch.de\\\/kontakt\\\/impressum\\\/#breadcrumb\",\"itemListElement\":[{\"@type\":\"ListItem\",\"position\":1,\"name\":\"Home\",\"item\":\"https:\\\/\\\/dolmetscher-albanisch.de\\\/\"},{\"@type\":\"ListItem\",\"position\":2,\"name\":\"Kontakt\",\"item\":\"https:\\\/\\\/dolmetscher-albanisch.de\\\/kontakt\\\/\"},{\"@type\":\"ListItem\",\"position\":3,\"name\":\"Impressum\"}]},{\"@type\":\"WebSite\",\"@id\":\"https:\\\/\\\/dolmetscher-albanisch.de\\\/#website\",\"url\":\"https:\\\/\\\/dolmetscher-albanisch.de\\\/\",\"name\":\"Gazmend Rushiti\",\"description\":\"F\u00fcr die Berliner Gerichte allgemein beeidigter Dolmetscher f\u00fcr die albanische Sprache\",\"publisher\":{\"@id\":\"https:\\\/\\\/dolmetscher-albanisch.de\\\/#organization\"},\"potentialAction\":[{\"@type\":\"SearchAction\",\"target\":{\"@type\":\"EntryPoint\",\"urlTemplate\":\"https:\\\/\\\/dolmetscher-albanisch.de\\\/?s={search_term_string}\"},\"query-input\":{\"@type\":\"PropertyValueSpecification\",\"valueRequired\":true,\"valueName\":\"search_term_string\"}}],\"inLanguage\":\"sq\"},{\"@type\":\"Organization\",\"@id\":\"https:\\\/\\\/dolmetscher-albanisch.de\\\/#organization\",\"name\":\"Gazmend Rushiti\",\"url\":\"https:\\\/\\\/dolmetscher-albanisch.de\\\/\",\"logo\":{\"@type\":\"ImageObject\",\"inLanguage\":\"sq\",\"@id\":\"https:\\\/\\\/dolmetscher-albanisch.de\\\/#\\\/schema\\\/logo\\\/image\\\/\",\"url\":\"https:\\\/\\\/dolmetscher-albanisch.de\\\/wp-content\\\/uploads\\\/2025\\\/12\\\/Dolmetscher-Albanisch.png\",\"contentUrl\":\"https:\\\/\\\/dolmetscher-albanisch.de\\\/wp-content\\\/uploads\\\/2025\\\/12\\\/Dolmetscher-Albanisch.png\",\"width\":515,\"height\":64,\"caption\":\"Gazmend Rushiti\"},\"image\":{\"@id\":\"https:\\\/\\\/dolmetscher-albanisch.de\\\/#\\\/schema\\\/logo\\\/image\\\/\"}}]}<\/script>\n<!-- \/ Yoast SEO plugin. -->","yoast_head_json":{"title":"Gazmend Rushiti - F\u00fcr die Berliner Gerichte allgemein beeidigter Dolmetscher f\u00fcr die albanische Sprache - Impressum","description":"Gazmend Rushiti - F\u00fcr die Berliner Gerichte allgemein beeidigter Dolmetscher f\u00fcr die albanische Sprache - P\u00ebrkthyes i betuar dhe i autorizuar gjyq\u00ebsor p\u00ebr gjuhen gjermane dhe shqipe","robots":{"index":"index","follow":"follow","max-snippet":"max-snippet:-1","max-image-preview":"max-image-preview:large","max-video-preview":"max-video-preview:-1"},"canonical":"https:\/\/dolmetscher-albanisch.de\/al\/kontakt\/impressum\/","og_locale":"sq_AL","og_type":"article","og_title":"Gazmend Rushiti - F\u00fcr die Berliner Gerichte allgemein beeidigter Dolmetscher f\u00fcr die albanische Sprache - Impressum","og_description":"Gazmend Rushiti - F\u00fcr die Berliner Gerichte allgemein beeidigter Dolmetscher f\u00fcr die albanische Sprache - P\u00ebrkthyes i betuar dhe i autorizuar gjyq\u00ebsor p\u00ebr gjuhen gjermane dhe shqipe","og_url":"https:\/\/dolmetscher-albanisch.de\/al\/kontakt\/impressum\/","og_site_name":"Gazmend Rushiti","article_modified_time":"2025-12-22T18:45:43+00:00","og_image":[{"url":"https:\/\/dolmetscher-albanisch.de\/wp-content\/uploads\/2025\/12\/flyer_rushiti.jpg","type":"","width":"","height":""}],"twitter_card":"summary_large_image","twitter_misc":{"Est. reading time":"1 minut\u00eb"},"schema":{"@context":"https:\/\/schema.org","@graph":[{"@type":"WebPage","@id":"https:\/\/dolmetscher-albanisch.de\/kontakt\/impressum\/","url":"https:\/\/dolmetscher-albanisch.de\/kontakt\/impressum\/","name":"Gazmend Rushiti - F\u00fcr die Berliner Gerichte allgemein beeidigter Dolmetscher f\u00fcr die albanische Sprache - Impressum","isPartOf":{"@id":"https:\/\/dolmetscher-albanisch.de\/#website"},"primaryImageOfPage":{"@id":"https:\/\/dolmetscher-albanisch.de\/kontakt\/impressum\/#primaryimage"},"image":{"@id":"https:\/\/dolmetscher-albanisch.de\/kontakt\/impressum\/#primaryimage"},"thumbnailUrl":"https:\/\/dolmetscher-albanisch.de\/wp-content\/uploads\/2025\/12\/flyer_rushiti.jpg","datePublished":"2025-12-17T02:13:24+00:00","dateModified":"2025-12-22T18:45:43+00:00","description":"Gazmend Rushiti - F\u00fcr die Berliner Gerichte allgemein beeidigter Dolmetscher f\u00fcr die albanische Sprache - P\u00ebrkthyes i betuar dhe i autorizuar gjyq\u00ebsor p\u00ebr gjuhen gjermane dhe shqipe","breadcrumb":{"@id":"https:\/\/dolmetscher-albanisch.de\/kontakt\/impressum\/#breadcrumb"},"inLanguage":"sq","potentialAction":[{"@type":"ReadAction","target":["https:\/\/dolmetscher-albanisch.de\/kontakt\/impressum\/"]}]},{"@type":"ImageObject","inLanguage":"sq","@id":"https:\/\/dolmetscher-albanisch.de\/kontakt\/impressum\/#primaryimage","url":"https:\/\/dolmetscher-albanisch.de\/wp-content\/uploads\/2025\/12\/flyer_rushiti.jpg","contentUrl":"https:\/\/dolmetscher-albanisch.de\/wp-content\/uploads\/2025\/12\/flyer_rushiti.jpg"},{"@type":"BreadcrumbList","@id":"https:\/\/dolmetscher-albanisch.de\/kontakt\/impressum\/#breadcrumb","itemListElement":[{"@type":"ListItem","position":1,"name":"Home","item":"https:\/\/dolmetscher-albanisch.de\/"},{"@type":"ListItem","position":2,"name":"Kontakt","item":"https:\/\/dolmetscher-albanisch.de\/kontakt\/"},{"@type":"ListItem","position":3,"name":"Impressum"}]},{"@type":"WebSite","@id":"https:\/\/dolmetscher-albanisch.de\/#website","url":"https:\/\/dolmetscher-albanisch.de\/","name":"Gazmend Rushiti","description":"F\u00fcr die Berliner Gerichte allgemein beeidigter Dolmetscher f\u00fcr die albanische Sprache","publisher":{"@id":"https:\/\/dolmetscher-albanisch.de\/#organization"},"potentialAction":[{"@type":"SearchAction","target":{"@type":"EntryPoint","urlTemplate":"https:\/\/dolmetscher-albanisch.de\/?s={search_term_string}"},"query-input":{"@type":"PropertyValueSpecification","valueRequired":true,"valueName":"search_term_string"}}],"inLanguage":"sq"},{"@type":"Organization","@id":"https:\/\/dolmetscher-albanisch.de\/#organization","name":"Gazmend Rushiti","url":"https:\/\/dolmetscher-albanisch.de\/","logo":{"@type":"ImageObject","inLanguage":"sq","@id":"https:\/\/dolmetscher-albanisch.de\/#\/schema\/logo\/image\/","url":"https:\/\/dolmetscher-albanisch.de\/wp-content\/uploads\/2025\/12\/Dolmetscher-Albanisch.png","contentUrl":"https:\/\/dolmetscher-albanisch.de\/wp-content\/uploads\/2025\/12\/Dolmetscher-Albanisch.png","width":515,"height":64,"caption":"Gazmend Rushiti"},"image":{"@id":"https:\/\/dolmetscher-albanisch.de\/#\/schema\/logo\/image\/"}}]}},"_links":{"self":[{"href":"https:\/\/dolmetscher-albanisch.de\/al\/wp-json\/wp\/v2\/pages\/1892","targetHints":{"allow":["GET"]}}],"collection":[{"href":"https:\/\/dolmetscher-albanisch.de\/al\/wp-json\/wp\/v2\/pages"}],"about":[{"href":"https:\/\/dolmetscher-albanisch.de\/al\/wp-json\/wp\/v2\/types\/page"}],"author":[{"embeddable":true,"href":"https:\/\/dolmetscher-albanisch.de\/al\/wp-json\/wp\/v2\/users\/1"}],"replies":[{"embeddable":true,"href":"https:\/\/dolmetscher-albanisch.de\/al\/wp-json\/wp\/v2\/comments?post=1892"}],"version-history":[{"count":0,"href":"https:\/\/dolmetscher-albanisch.de\/al\/wp-json\/wp\/v2\/pages\/1892\/revisions"}],"up":[{"embeddable":true,"href":"https:\/\/dolmetscher-albanisch.de\/al\/wp-json\/wp\/v2\/pages\/1887"}],"wp:attachment":[{"href":"https:\/\/dolmetscher-albanisch.de\/al\/wp-json\/wp\/v2\/media?parent=1892"}],"curies":[{"name":"wp","href":"https:\/\/api.w.org\/{rel}","templated":true}]}}