{"id":1884,"date":"2025-12-17T02:12:55","date_gmt":"2025-12-17T02:12:55","guid":{"rendered":"https:\/\/dolmetscher-albanisch.de\/?page_id=1884"},"modified":"2026-02-09T19:40:52","modified_gmt":"2026-02-09T19:40:52","slug":"behoerdenauftraege","status":"publish","type":"page","link":"https:\/\/dolmetscher-albanisch.de\/al\/behoerdenauftraege\/","title":{"rendered":"Bashk\u00ebpunimi me avokatin"},"content":{"rendered":"<div data-elementor-type=\"wp-page\" data-elementor-id=\"1884\" class=\"elementor elementor-1884\" data-elementor-post-type=\"page\">\n\t\t\t\t<div class=\"elementor-element elementor-element-6a7c58dd elementor-hidden-mobile e-flex e-con-boxed e-con e-parent\" data-id=\"6a7c58dd\" data-element_type=\"container\" data-e-type=\"container\">\n\t\t\t\t\t<div class=\"e-con-inner\">\n\t\t\t\t<div class=\"elementor-element elementor-element-13619995 elementor-widget elementor-widget-spacer\" data-id=\"13619995\" data-element_type=\"widget\" data-e-type=\"widget\" data-widget_type=\"spacer.default\">\n\t\t\t\t\t\t\t<div class=\"elementor-spacer\">\n\t\t\t<div class=\"elementor-spacer-inner\"><\/div>\n\t\t<\/div>\n\t\t\t\t\t\t<\/div>\n\t\t\t\t\t<\/div>\n\t\t\t\t<\/div>\n\t\t<div class=\"elementor-element elementor-element-25417af4 e-flex e-con-boxed e-con e-parent\" data-id=\"25417af4\" data-element_type=\"container\" data-e-type=\"container\">\n\t\t\t\t\t<div class=\"e-con-inner\">\n\t\t<div class=\"elementor-element elementor-element-7a44f83c e-con-full e-flex e-con e-child\" data-id=\"7a44f83c\" data-element_type=\"container\" data-e-type=\"container\">\n\t\t\t\t<\/div>\n\t\t<div class=\"elementor-element elementor-element-7a78bc5b e-con-full e-flex e-con e-child\" data-id=\"7a78bc5b\" data-element_type=\"container\" data-e-type=\"container\">\n\t\t\t\t<div class=\"elementor-element elementor-element-1ee93363 elementor-widget elementor-widget-heading\" data-id=\"1ee93363\" data-element_type=\"widget\" data-e-type=\"widget\" data-widget_type=\"heading.default\">\n\t\t\t\t\t<h1 class=\"elementor-heading-title elementor-size-default\">Bashk\u00ebpunimi me avokatin<\/h1>\t\t\t\t<\/div>\n\t\t\t\t<div class=\"elementor-element elementor-element-40d66ea4 elementor-widget elementor-widget-text-editor\" data-id=\"40d66ea4\" data-element_type=\"widget\" data-e-type=\"widget\" data-widget_type=\"text-editor.default\">\n\t\t\t\t\t\t\t\t\t<p>B\u00ebni p\u00ebrdorim t\u00eb p\u00ebrvoj\u00ebs sime t\u00eb thelluar si interpret dhe p\u00ebrkthyes i p\u00ebrgjithsh\u00ebm i betuar p\u00ebr gjuh\u00ebn shqipe.<\/p><p>Mit den verschiedenen albanischen Dialekten (Gegisch = nordalbanischer Dialekt und Toskisch = s\u00fcdalbanischer Dialekt) sowie mit den Sondermundarten (regionale Dialekte) in der Republik Kosovo und Nordmazedonien bin ich bestens vertraut. Dar\u00fcber hinaus bin ich auch in den von den LKA-Dienststellen gef\u00fchrten Listen der zuverl\u00e4ssigkeits\u00fcberpr\u00fcften Dolmetscher und eingetragen, wo ich regelm\u00e4\u00dfig besondere Aufgaben und Auftr\u00e4ge wahrnehme.<\/p><p>Fal\u00eb rrjetit tim t\u00eb mir\u00eb t\u00eb zhvilluar, mund t\u2019ju ndihmoj edhe n\u00eb negociata m\u00eb t\u00eb gjera, ku k\u00ebrkohen disa p\u00ebrkthyes.<\/p><p>Un\u00eb jam i g\u00ebzuar p\u00ebr ju,<\/p><p>\u2013 Gjykatat<br \/>\u2013 Prokurorit\u00eb<br \/>\u2013 Zyra e prokurorit publik<br \/>\u2013 Noter\u00ebt<br \/>\u2013 Ekspert\u00eb vler\u00ebsues<br \/>\u2013 Policia<br \/>\u2013 Policia Federale<br \/>\u2013 Zyra Kriminale Shtet\u00ebrore<br \/>\u2013 Zyra Federale Kriminale<br \/>\u2013 Doganat dhe zyrat p\u00ebr hetimin doganor<br \/>\u2013 Agjencit\u00eb federale t\u00eb pun\u00ebs<br \/>\u2013 Administratat e senatit<br \/>\u2013 Zyra t\u00eb financave, sociale dhe p\u00ebr t\u00eb rinj<br \/>\u2013 Zyra e gjendjes civile<\/p><p>t\u00eb punoj si p\u00ebrkthyes dhe interpret i p\u00ebrvojsh\u00ebm i gjuh\u00ebs shqipe.<\/p>\t\t\t\t\t\t\t\t<\/div>\n\t\t\t\t<\/div>\n\t\t\t\t\t<\/div>\n\t\t\t\t<\/div>\n\t\t\t\t<\/div>","protected":false},"excerpt":{"rendered":"<p>Beh\u00f6rdenauftr\u00e4ge Greifen Sie zur\u00fcck auf meine fundierte Erfahrung als allgemein beeidigter Dolmetscher und \u00dcbersetzer f\u00fcr die albanische Sprache. Mit den verschiedenen albanischen Dialekten (Gegisch = nordalbanischer Dialekt und Toskisch = s\u00fcdalbanischer Dialekt) sowie mit den Sondermundarten (regionale Dialekte) in der Republik Kosovo und Nordmazedonien bin ich bestens vertraut. Dar\u00fcber hinaus bin ich auch in den [&hellip;]<\/p>\n","protected":false},"author":1,"featured_media":0,"parent":0,"menu_order":0,"comment_status":"closed","ping_status":"closed","template":"","meta":{"site-sidebar-layout":"no-sidebar","site-content-layout":"page-builder","ast-site-content-layout":"full-width-container","site-content-style":"default","site-sidebar-style":"default","ast-global-header-display":"","ast-banner-title-visibility":"","ast-main-header-display":"","ast-hfb-above-header-display":"","ast-hfb-below-header-display":"","ast-hfb-mobile-header-display":"","site-post-title":"disabled","ast-breadcrumbs-content":"","ast-featured-img":"disabled","footer-sml-layout":"","ast-disable-related-posts":"","theme-transparent-header-meta":"","adv-header-id-meta":"","stick-header-meta":"","header-above-stick-meta":"","header-main-stick-meta":"","header-below-stick-meta":"","astra-migrate-meta-layouts":"set","ast-page-background-enabled":"default","ast-page-background-meta":{"desktop":{"background-color":"","background-image":"","background-repeat":"repeat","background-position":"center center","background-size":"auto","background-attachment":"scroll","background-type":"","background-media":"","overlay-type":"","overlay-color":"","overlay-opacity":"","overlay-gradient":""},"tablet":{"background-color":"","background-image":"","background-repeat":"repeat","background-position":"center center","background-size":"auto","background-attachment":"scroll","background-type":"","background-media":"","overlay-type":"","overlay-color":"","overlay-opacity":"","overlay-gradient":""},"mobile":{"background-color":"","background-image":"","background-repeat":"repeat","background-position":"center center","background-size":"auto","background-attachment":"scroll","background-type":"","background-media":"","overlay-type":"","overlay-color":"","overlay-opacity":"","overlay-gradient":""}},"ast-content-background-meta":{"desktop":{"background-color":"var(--ast-global-color-5)","background-image":"","background-repeat":"repeat","background-position":"center center","background-size":"auto","background-attachment":"scroll","background-type":"","background-media":"","overlay-type":"","overlay-color":"","overlay-opacity":"","overlay-gradient":""},"tablet":{"background-color":"var(--ast-global-color-5)","background-image":"","background-repeat":"repeat","background-position":"center center","background-size":"auto","background-attachment":"scroll","background-type":"","background-media":"","overlay-type":"","overlay-color":"","overlay-opacity":"","overlay-gradient":""},"mobile":{"background-color":"var(--ast-global-color-5)","background-image":"","background-repeat":"repeat","background-position":"center center","background-size":"auto","background-attachment":"scroll","background-type":"","background-media":"","overlay-type":"","overlay-color":"","overlay-opacity":"","overlay-gradient":""}},"footnotes":""},"class_list":["post-1884","page","type-page","status-publish","hentry"],"yoast_head":"<!-- This site is optimized with the Yoast SEO plugin v27.5 - https:\/\/yoast.com\/product\/yoast-seo-wordpress\/ -->\n<title>Gazmend Rushiti - F\u00fcr die Berliner Gerichte allgemein beeidigter Dolmetscher f\u00fcr die albanische Sprache - Beh\u00f6rdenauftr\u00e4ge<\/title>\n<meta name=\"description\" content=\"Gazmend Rushiti - F\u00fcr die Berliner Gerichte allgemein beeidigter Dolmetscher f\u00fcr die albanische Sprache - P\u00ebrkthyes i betuar dhe i autorizuar gjyq\u00ebsor p\u00ebr gjuhen gjermane dhe shqipe\" \/>\n<meta name=\"robots\" content=\"index, follow, max-snippet:-1, max-image-preview:large, max-video-preview:-1\" \/>\n<link rel=\"canonical\" href=\"https:\/\/dolmetscher-albanisch.de\/al\/behoerdenauftraege\/\" \/>\n<meta property=\"og:locale\" content=\"sq_AL\" \/>\n<meta property=\"og:type\" content=\"article\" \/>\n<meta property=\"og:title\" content=\"Gazmend Rushiti - F\u00fcr die Berliner Gerichte allgemein beeidigter Dolmetscher f\u00fcr die albanische Sprache - Beh\u00f6rdenauftr\u00e4ge\" \/>\n<meta property=\"og:description\" content=\"Gazmend Rushiti - F\u00fcr die Berliner Gerichte allgemein beeidigter Dolmetscher f\u00fcr die albanische Sprache - P\u00ebrkthyes i betuar dhe i autorizuar gjyq\u00ebsor p\u00ebr gjuhen gjermane dhe shqipe\" \/>\n<meta property=\"og:url\" content=\"https:\/\/dolmetscher-albanisch.de\/al\/behoerdenauftraege\/\" \/>\n<meta property=\"og:site_name\" content=\"Gazmend Rushiti\" \/>\n<meta property=\"article:modified_time\" content=\"2026-02-09T19:40:52+00:00\" \/>\n<meta name=\"twitter:card\" content=\"summary_large_image\" \/>\n<meta name=\"twitter:label1\" content=\"Est. reading time\" \/>\n\t<meta name=\"twitter:data1\" content=\"1 minut\u00eb\" \/>\n<script type=\"application\/ld+json\" class=\"yoast-schema-graph\">{\"@context\":\"https:\\\/\\\/schema.org\",\"@graph\":[{\"@type\":\"WebPage\",\"@id\":\"https:\\\/\\\/dolmetscher-albanisch.de\\\/behoerdenauftraege\\\/\",\"url\":\"https:\\\/\\\/dolmetscher-albanisch.de\\\/behoerdenauftraege\\\/\",\"name\":\"Gazmend Rushiti - F\u00fcr die Berliner Gerichte allgemein beeidigter Dolmetscher f\u00fcr die albanische Sprache - Beh\u00f6rdenauftr\u00e4ge\",\"isPartOf\":{\"@id\":\"https:\\\/\\\/dolmetscher-albanisch.de\\\/#website\"},\"datePublished\":\"2025-12-17T02:12:55+00:00\",\"dateModified\":\"2026-02-09T19:40:52+00:00\",\"description\":\"Gazmend Rushiti - F\u00fcr die Berliner Gerichte allgemein beeidigter Dolmetscher f\u00fcr die albanische Sprache - P\u00ebrkthyes i betuar dhe i autorizuar gjyq\u00ebsor p\u00ebr gjuhen gjermane dhe shqipe\",\"breadcrumb\":{\"@id\":\"https:\\\/\\\/dolmetscher-albanisch.de\\\/behoerdenauftraege\\\/#breadcrumb\"},\"inLanguage\":\"sq\",\"potentialAction\":[{\"@type\":\"ReadAction\",\"target\":[\"https:\\\/\\\/dolmetscher-albanisch.de\\\/behoerdenauftraege\\\/\"]}]},{\"@type\":\"BreadcrumbList\",\"@id\":\"https:\\\/\\\/dolmetscher-albanisch.de\\\/behoerdenauftraege\\\/#breadcrumb\",\"itemListElement\":[{\"@type\":\"ListItem\",\"position\":1,\"name\":\"Home\",\"item\":\"https:\\\/\\\/dolmetscher-albanisch.de\\\/\"},{\"@type\":\"ListItem\",\"position\":2,\"name\":\"Beh\u00f6rdenauftr\u00e4ge\"}]},{\"@type\":\"WebSite\",\"@id\":\"https:\\\/\\\/dolmetscher-albanisch.de\\\/#website\",\"url\":\"https:\\\/\\\/dolmetscher-albanisch.de\\\/\",\"name\":\"Gazmend Rushiti\",\"description\":\"F\u00fcr die Berliner Gerichte allgemein beeidigter Dolmetscher f\u00fcr die albanische Sprache\",\"publisher\":{\"@id\":\"https:\\\/\\\/dolmetscher-albanisch.de\\\/#organization\"},\"potentialAction\":[{\"@type\":\"SearchAction\",\"target\":{\"@type\":\"EntryPoint\",\"urlTemplate\":\"https:\\\/\\\/dolmetscher-albanisch.de\\\/?s={search_term_string}\"},\"query-input\":{\"@type\":\"PropertyValueSpecification\",\"valueRequired\":true,\"valueName\":\"search_term_string\"}}],\"inLanguage\":\"sq\"},{\"@type\":\"Organization\",\"@id\":\"https:\\\/\\\/dolmetscher-albanisch.de\\\/#organization\",\"name\":\"Gazmend Rushiti\",\"url\":\"https:\\\/\\\/dolmetscher-albanisch.de\\\/\",\"logo\":{\"@type\":\"ImageObject\",\"inLanguage\":\"sq\",\"@id\":\"https:\\\/\\\/dolmetscher-albanisch.de\\\/#\\\/schema\\\/logo\\\/image\\\/\",\"url\":\"https:\\\/\\\/dolmetscher-albanisch.de\\\/wp-content\\\/uploads\\\/2025\\\/12\\\/Dolmetscher-Albanisch.png\",\"contentUrl\":\"https:\\\/\\\/dolmetscher-albanisch.de\\\/wp-content\\\/uploads\\\/2025\\\/12\\\/Dolmetscher-Albanisch.png\",\"width\":515,\"height\":64,\"caption\":\"Gazmend Rushiti\"},\"image\":{\"@id\":\"https:\\\/\\\/dolmetscher-albanisch.de\\\/#\\\/schema\\\/logo\\\/image\\\/\"}}]}<\/script>\n<!-- \/ Yoast SEO plugin. -->","yoast_head_json":{"title":"Gazmend Rushiti - F\u00fcr die Berliner Gerichte allgemein beeidigter Dolmetscher f\u00fcr die albanische Sprache - Beh\u00f6rdenauftr\u00e4ge","description":"Gazmend Rushiti - F\u00fcr die Berliner Gerichte allgemein beeidigter Dolmetscher f\u00fcr die albanische Sprache - P\u00ebrkthyes i betuar dhe i autorizuar gjyq\u00ebsor p\u00ebr gjuhen gjermane dhe shqipe","robots":{"index":"index","follow":"follow","max-snippet":"max-snippet:-1","max-image-preview":"max-image-preview:large","max-video-preview":"max-video-preview:-1"},"canonical":"https:\/\/dolmetscher-albanisch.de\/al\/behoerdenauftraege\/","og_locale":"sq_AL","og_type":"article","og_title":"Gazmend Rushiti - F\u00fcr die Berliner Gerichte allgemein beeidigter Dolmetscher f\u00fcr die albanische Sprache - Beh\u00f6rdenauftr\u00e4ge","og_description":"Gazmend Rushiti - F\u00fcr die Berliner Gerichte allgemein beeidigter Dolmetscher f\u00fcr die albanische Sprache - P\u00ebrkthyes i betuar dhe i autorizuar gjyq\u00ebsor p\u00ebr gjuhen gjermane dhe shqipe","og_url":"https:\/\/dolmetscher-albanisch.de\/al\/behoerdenauftraege\/","og_site_name":"Gazmend Rushiti","article_modified_time":"2026-02-09T19:40:52+00:00","twitter_card":"summary_large_image","twitter_misc":{"Est. reading time":"1 minut\u00eb"},"schema":{"@context":"https:\/\/schema.org","@graph":[{"@type":"WebPage","@id":"https:\/\/dolmetscher-albanisch.de\/behoerdenauftraege\/","url":"https:\/\/dolmetscher-albanisch.de\/behoerdenauftraege\/","name":"Gazmend Rushiti - F\u00fcr die Berliner Gerichte allgemein beeidigter Dolmetscher f\u00fcr die albanische Sprache - Beh\u00f6rdenauftr\u00e4ge","isPartOf":{"@id":"https:\/\/dolmetscher-albanisch.de\/#website"},"datePublished":"2025-12-17T02:12:55+00:00","dateModified":"2026-02-09T19:40:52+00:00","description":"Gazmend Rushiti - F\u00fcr die Berliner Gerichte allgemein beeidigter Dolmetscher f\u00fcr die albanische Sprache - P\u00ebrkthyes i betuar dhe i autorizuar gjyq\u00ebsor p\u00ebr gjuhen gjermane dhe shqipe","breadcrumb":{"@id":"https:\/\/dolmetscher-albanisch.de\/behoerdenauftraege\/#breadcrumb"},"inLanguage":"sq","potentialAction":[{"@type":"ReadAction","target":["https:\/\/dolmetscher-albanisch.de\/behoerdenauftraege\/"]}]},{"@type":"BreadcrumbList","@id":"https:\/\/dolmetscher-albanisch.de\/behoerdenauftraege\/#breadcrumb","itemListElement":[{"@type":"ListItem","position":1,"name":"Home","item":"https:\/\/dolmetscher-albanisch.de\/"},{"@type":"ListItem","position":2,"name":"Beh\u00f6rdenauftr\u00e4ge"}]},{"@type":"WebSite","@id":"https:\/\/dolmetscher-albanisch.de\/#website","url":"https:\/\/dolmetscher-albanisch.de\/","name":"Gazmend Rushiti","description":"F\u00fcr die Berliner Gerichte allgemein beeidigter Dolmetscher f\u00fcr die albanische Sprache","publisher":{"@id":"https:\/\/dolmetscher-albanisch.de\/#organization"},"potentialAction":[{"@type":"SearchAction","target":{"@type":"EntryPoint","urlTemplate":"https:\/\/dolmetscher-albanisch.de\/?s={search_term_string}"},"query-input":{"@type":"PropertyValueSpecification","valueRequired":true,"valueName":"search_term_string"}}],"inLanguage":"sq"},{"@type":"Organization","@id":"https:\/\/dolmetscher-albanisch.de\/#organization","name":"Gazmend Rushiti","url":"https:\/\/dolmetscher-albanisch.de\/","logo":{"@type":"ImageObject","inLanguage":"sq","@id":"https:\/\/dolmetscher-albanisch.de\/#\/schema\/logo\/image\/","url":"https:\/\/dolmetscher-albanisch.de\/wp-content\/uploads\/2025\/12\/Dolmetscher-Albanisch.png","contentUrl":"https:\/\/dolmetscher-albanisch.de\/wp-content\/uploads\/2025\/12\/Dolmetscher-Albanisch.png","width":515,"height":64,"caption":"Gazmend Rushiti"},"image":{"@id":"https:\/\/dolmetscher-albanisch.de\/#\/schema\/logo\/image\/"}}]}},"_links":{"self":[{"href":"https:\/\/dolmetscher-albanisch.de\/al\/wp-json\/wp\/v2\/pages\/1884","targetHints":{"allow":["GET"]}}],"collection":[{"href":"https:\/\/dolmetscher-albanisch.de\/al\/wp-json\/wp\/v2\/pages"}],"about":[{"href":"https:\/\/dolmetscher-albanisch.de\/al\/wp-json\/wp\/v2\/types\/page"}],"author":[{"embeddable":true,"href":"https:\/\/dolmetscher-albanisch.de\/al\/wp-json\/wp\/v2\/users\/1"}],"replies":[{"embeddable":true,"href":"https:\/\/dolmetscher-albanisch.de\/al\/wp-json\/wp\/v2\/comments?post=1884"}],"version-history":[{"count":3,"href":"https:\/\/dolmetscher-albanisch.de\/al\/wp-json\/wp\/v2\/pages\/1884\/revisions"}],"predecessor-version":[{"id":2432,"href":"https:\/\/dolmetscher-albanisch.de\/al\/wp-json\/wp\/v2\/pages\/1884\/revisions\/2432"}],"wp:attachment":[{"href":"https:\/\/dolmetscher-albanisch.de\/al\/wp-json\/wp\/v2\/media?parent=1884"}],"curies":[{"name":"wp","href":"https:\/\/api.w.org\/{rel}","templated":true}]}}