{"id":1874,"date":"2025-12-17T02:12:31","date_gmt":"2025-12-17T02:12:31","guid":{"rendered":"https:\/\/dolmetscher-albanisch.de\/?page_id=1874"},"modified":"2026-02-09T19:38:08","modified_gmt":"2026-02-09T19:38:08","slug":"preise-ue","status":"publish","type":"page","link":"https:\/\/dolmetscher-albanisch.de\/al\/uebersetzungen\/preise-ue\/","title":{"rendered":"\u00c7mime \/ Tarifa"},"content":{"rendered":"<div data-elementor-type=\"wp-page\" data-elementor-id=\"1874\" class=\"elementor elementor-1874\" data-elementor-post-type=\"page\">\n\t\t\t\t<div class=\"elementor-element elementor-element-5d10220b elementor-hidden-mobile e-flex e-con-boxed e-con e-parent\" data-id=\"5d10220b\" data-element_type=\"container\" data-e-type=\"container\">\n\t\t\t\t\t<div class=\"e-con-inner\">\n\t\t\t\t<div class=\"elementor-element elementor-element-6b468d92 elementor-widget elementor-widget-spacer\" data-id=\"6b468d92\" data-element_type=\"widget\" data-e-type=\"widget\" data-widget_type=\"spacer.default\">\n\t\t\t\t\t\t\t<div class=\"elementor-spacer\">\n\t\t\t<div class=\"elementor-spacer-inner\"><\/div>\n\t\t<\/div>\n\t\t\t\t\t\t<\/div>\n\t\t\t\t\t<\/div>\n\t\t\t\t<\/div>\n\t\t<div class=\"elementor-element elementor-element-7960c135 e-flex e-con-boxed e-con e-parent\" data-id=\"7960c135\" data-element_type=\"container\" data-e-type=\"container\">\n\t\t\t\t\t<div class=\"e-con-inner\">\n\t\t<div class=\"elementor-element elementor-element-637b3cc e-con-full e-flex e-con e-child\" data-id=\"637b3cc\" data-element_type=\"container\" data-e-type=\"container\">\n\t\t\t\t<div class=\"elementor-element elementor-element-6b20c70 elementor-widget elementor-widget-image\" data-id=\"6b20c70\" data-element_type=\"widget\" data-e-type=\"widget\" data-widget_type=\"image.default\">\n\t\t\t\t\t\t\t\t\t\t\t\t\t\t\t<img decoding=\"async\" width=\"42\" height=\"80\" src=\"https:\/\/dolmetscher-albanisch.de\/wp-content\/uploads\/2025\/12\/flyer_rushiti.jpg\" class=\"attachment-large size-large wp-image-2080\" alt=\"Dolmetscher Albanisch Flyer\" srcset=\"https:\/\/dolmetscher-albanisch.de\/wp-content\/uploads\/2025\/12\/flyer_rushiti.jpg 42w, https:\/\/dolmetscher-albanisch.de\/wp-content\/uploads\/2025\/12\/flyer_rushiti-6x12.jpg 6w\" sizes=\"(max-width: 42px) 100vw, 42px\" \/>\t\t\t\t\t\t\t\t\t\t\t\t\t\t\t<\/div>\n\t\t\t\t<div class=\"elementor-element elementor-element-bbc18c7 elementor-widget elementor-widget-button\" data-id=\"bbc18c7\" data-element_type=\"widget\" data-e-type=\"widget\" data-widget_type=\"button.default\">\n\t\t\t\t\t\t\t\t\t\t<a class=\"elementor-button elementor-button-link elementor-size-sm\" href=\"https:\/\/dolmetscher-albanisch.de\/wp-content\/uploads\/2025\/12\/unternehmensflyer-1.pdf\">\n\t\t\t\t\t\t<span class=\"elementor-button-content-wrapper\">\n\t\t\t\t\t\t<span class=\"elementor-button-icon\">\n\t\t\t\t<svg aria-hidden=\"true\" class=\"e-font-icon-svg e-far-arrow-alt-circle-right\" viewbox=\"0 0 512 512\" xmlns=\"http:\/\/www.w3.org\/2000\/svg\"><path d=\"M504 256C504 119 393 8 256 8S8 119 8 256s111 248 248 248 248-111 248-248zm-448 0c0-110.5 89.5-200 200-200s200 89.5 200 200-89.5 200-200 200S56 366.5 56 256zm72 20v-40c0-6.6 5.4-12 12-12h116v-67c0-10.7 12.9-16 20.5-8.5l99 99c4.7 4.7 4.7 12.3 0 17l-99 99c-7.6 7.6-20.5 2.2-20.5-8.5v-67H140c-6.6 0-12-5.4-12-12z\"><\/path><\/svg>\t\t\t<\/span>\n\t\t\t\t\t\t\t\t\t<span class=\"elementor-button-text\">Shkarko Broshur\u00ebn e Nd\u00ebrmarrjes<\/span>\n\t\t\t\t\t<\/span>\n\t\t\t\t\t<\/a>\n\t\t\t\t\t\t\t\t<\/div>\n\t\t\t\t<\/div>\n\t\t<div class=\"elementor-element elementor-element-1a457c0d e-con-full e-flex e-con e-child\" data-id=\"1a457c0d\" data-element_type=\"container\" data-e-type=\"container\">\n\t\t\t\t<div class=\"elementor-element elementor-element-3e224dd0 elementor-widget elementor-widget-heading\" data-id=\"3e224dd0\" data-element_type=\"widget\" data-e-type=\"widget\" data-widget_type=\"heading.default\">\n\t\t\t\t\t<h1 class=\"elementor-heading-title elementor-size-default\">\u00c7mimi<\/h1>\t\t\t\t<\/div>\n\t\t\t\t<div class=\"elementor-element elementor-element-4b4836cf elementor-widget elementor-widget-text-editor\" data-id=\"4b4836cf\" data-element_type=\"widget\" data-e-type=\"widget\" data-widget_type=\"text-editor.default\">\n\t\t\t\t\t\t\t\t\t<p>P\u00ebr tekstet juridike, un\u00eb marr si baz\u00eb llogaritjeje ligjin JVEG (Ligji p\u00ebr Pages\u00ebn dhe Kompensimin n\u00eb Drejt\u00ebsi), megjith\u00ebse nj\u00eb num\u00ebr i madh tekstesh p\u00ebrkthimi mund t\u00eb llogariten ndryshe nga tarifat e p\u00ebrcaktuara n\u00eb nenet 11 dhe 12 t\u00eb JVEG-s\u00eb. Numri i rreshtave p\u00ebrcaktohet gjithashtu sipas JVEG-s\u00eb, bazuar n\u00eb 55 karaktere p\u00ebr rresht, duke p\u00ebrfshir\u00eb edhe shenjat e pik\u00ebsimit dhe hap\u00ebsirat. P\u00ebr m\u00eb tep\u00ebr, faktor\u00eb si fusha e specializimit, urgjenca, lexueshm\u00ebria e dokumentit origjinal mund t\u00eb ndikojn\u00eb n\u00eb \u00e7mim. Tarifat minimale jan\u00eb 1,95 EUR dhe maksimale 2,30 EUR p\u00ebr rresht standard.\n\u00c7mimet fikse p\u00ebr faqe jan\u00eb m\u00eb shum\u00eb p\u00ebrjashtim, pasi \u00e7do faqe mund t\u00eb jet\u00eb e mbushur me tekst n\u00eb m\u00ebnyr\u00eb t\u00eb ndryshme.<\/p><p>Ju garantoj nj\u00eb ofert\u00eb pa angazhim brenda nj\u00eb kohe shum\u00eb t\u00eb shkurt\u00ebr.<\/p><p>M\u00eb d\u00ebrgoni k\u00ebrkes\u00ebn tuaj dhe do t\u00eb v\u00ebreni se un\u00eb b\u00ebj llogaritje t\u00eb drejta dhe me kosto t\u00eb ul\u00ebt, duke marr\u00eb parasysh shpesh her\u00eb pjes\u00eb t\u00eb p\u00ebrs\u00ebritura teksti q\u00eb ul\u00ebn koston n\u00eb kalkulimin tim.<\/p><p>Klient\u00ebt e mi t\u00eb rregullt p\u00ebrfitojn\u00eb natyrisht nga zbritje speciale. P\u00ebrfitoni edhe ju nga zbritjet e mia p\u00ebr porosi t\u00eb m\u00ebdha.<\/p><p>T\u00eb gjitha \u00e7mimet jan\u00eb neto, duke shtuar edhe tvsh-n\u00eb n\u00eb fuqi.<\/p>\t\t\t\t\t\t\t\t<\/div>\n\t\t\t\t<\/div>\n\t\t\t\t\t<\/div>\n\t\t\t\t<\/div>\n\t\t\t\t<\/div>","protected":false},"excerpt":{"rendered":"<p>Download Unternehmensflyer Preise Bei juristischen Texten nehme ich grunds\u00e4tzlich das JVEG (Justizverg\u00fctungs- und Entsch\u00e4digungsgesetz) als Berechnungsgrundlage, obwohl eine Vielzahl von zu \u00fcbersetzenden Texten auch abweichend der in \u00a7 11 und 12 des JVEG definierten S\u00e4tze, abgerechnet werden k\u00f6nnen. Auch die Zeilen werden konform JVEG ermittelt, n\u00e4mlich basierend auf 55 Anschl\u00e4ge, inkl. Satz- und Leereichen. Ferner [&hellip;]<\/p>\n","protected":false},"author":1,"featured_media":0,"parent":1871,"menu_order":0,"comment_status":"closed","ping_status":"closed","template":"","meta":{"site-sidebar-layout":"no-sidebar","site-content-layout":"page-builder","ast-site-content-layout":"full-width-container","site-content-style":"default","site-sidebar-style":"default","ast-global-header-display":"","ast-banner-title-visibility":"","ast-main-header-display":"","ast-hfb-above-header-display":"","ast-hfb-below-header-display":"","ast-hfb-mobile-header-display":"","site-post-title":"disabled","ast-breadcrumbs-content":"","ast-featured-img":"disabled","footer-sml-layout":"","ast-disable-related-posts":"","theme-transparent-header-meta":"","adv-header-id-meta":"","stick-header-meta":"","header-above-stick-meta":"","header-main-stick-meta":"","header-below-stick-meta":"","astra-migrate-meta-layouts":"set","ast-page-background-enabled":"default","ast-page-background-meta":{"desktop":{"background-color":"","background-image":"","background-repeat":"repeat","background-position":"center center","background-size":"auto","background-attachment":"scroll","background-type":"","background-media":"","overlay-type":"","overlay-color":"","overlay-opacity":"","overlay-gradient":""},"tablet":{"background-color":"","background-image":"","background-repeat":"repeat","background-position":"center center","background-size":"auto","background-attachment":"scroll","background-type":"","background-media":"","overlay-type":"","overlay-color":"","overlay-opacity":"","overlay-gradient":""},"mobile":{"background-color":"","background-image":"","background-repeat":"repeat","background-position":"center center","background-size":"auto","background-attachment":"scroll","background-type":"","background-media":"","overlay-type":"","overlay-color":"","overlay-opacity":"","overlay-gradient":""}},"ast-content-background-meta":{"desktop":{"background-color":"var(--ast-global-color-5)","background-image":"","background-repeat":"repeat","background-position":"center center","background-size":"auto","background-attachment":"scroll","background-type":"","background-media":"","overlay-type":"","overlay-color":"","overlay-opacity":"","overlay-gradient":""},"tablet":{"background-color":"var(--ast-global-color-5)","background-image":"","background-repeat":"repeat","background-position":"center center","background-size":"auto","background-attachment":"scroll","background-type":"","background-media":"","overlay-type":"","overlay-color":"","overlay-opacity":"","overlay-gradient":""},"mobile":{"background-color":"var(--ast-global-color-5)","background-image":"","background-repeat":"repeat","background-position":"center center","background-size":"auto","background-attachment":"scroll","background-type":"","background-media":"","overlay-type":"","overlay-color":"","overlay-opacity":"","overlay-gradient":""}},"footnotes":""},"class_list":["post-1874","page","type-page","status-publish","hentry"],"yoast_head":"<!-- This site is optimized with the Yoast SEO plugin v27.5 - https:\/\/yoast.com\/product\/yoast-seo-wordpress\/ -->\n<title>Gazmend Rushiti - F\u00fcr die Berliner Gerichte allgemein beeidigter Dolmetscher f\u00fcr die albanische Sprache - Preise<\/title>\n<meta name=\"description\" content=\"Bei juristischen Texten nehmen wir grunds\u00e4tzlich das JVEG (Justizverg\u00fctungs- und Entsch\u00e4digungsgesetz) als Berechnungsgrundlage, obwohl eine Vielzahl von zu \u00fcbersetzenden Texten grunds\u00e4tzlich auch unterhalb der in \u00a7 11 und 12 des JVEG definierten S\u00e4tze, abgerechnet werden k\u00f6nnen.\" \/>\n<meta name=\"robots\" content=\"index, follow, max-snippet:-1, max-image-preview:large, max-video-preview:-1\" \/>\n<link rel=\"canonical\" href=\"https:\/\/dolmetscher-albanisch.de\/al\/uebersetzungen\/preise-ue\/\" \/>\n<meta property=\"og:locale\" content=\"sq_AL\" \/>\n<meta property=\"og:type\" content=\"article\" \/>\n<meta property=\"og:title\" content=\"Gazmend Rushiti - F\u00fcr die Berliner Gerichte allgemein beeidigter Dolmetscher f\u00fcr die albanische Sprache - Preise\" \/>\n<meta property=\"og:description\" content=\"Bei juristischen Texten nehmen wir grunds\u00e4tzlich das JVEG (Justizverg\u00fctungs- und Entsch\u00e4digungsgesetz) als Berechnungsgrundlage, obwohl eine Vielzahl von zu \u00fcbersetzenden Texten grunds\u00e4tzlich auch unterhalb der in \u00a7 11 und 12 des JVEG definierten S\u00e4tze, abgerechnet werden k\u00f6nnen.\" \/>\n<meta property=\"og:url\" content=\"https:\/\/dolmetscher-albanisch.de\/al\/uebersetzungen\/preise-ue\/\" \/>\n<meta property=\"og:site_name\" content=\"Gazmend Rushiti\" \/>\n<meta property=\"article:modified_time\" content=\"2026-02-09T19:38:08+00:00\" \/>\n<meta property=\"og:image\" content=\"https:\/\/dolmetscher-albanisch.de\/wp-content\/uploads\/2025\/12\/flyer_rushiti.jpg\" \/>\n\t<meta property=\"og:image:width\" content=\"42\" \/>\n\t<meta property=\"og:image:height\" content=\"80\" \/>\n\t<meta property=\"og:image:type\" content=\"image\/jpeg\" \/>\n<meta name=\"twitter:card\" content=\"summary_large_image\" \/>\n<meta name=\"twitter:label1\" content=\"Est. reading time\" \/>\n\t<meta name=\"twitter:data1\" content=\"1 minut\u00eb\" \/>\n<script type=\"application\/ld+json\" class=\"yoast-schema-graph\">{\"@context\":\"https:\\\/\\\/schema.org\",\"@graph\":[{\"@type\":\"WebPage\",\"@id\":\"https:\\\/\\\/dolmetscher-albanisch.de\\\/uebersetzungen\\\/preise-ue\\\/\",\"url\":\"https:\\\/\\\/dolmetscher-albanisch.de\\\/uebersetzungen\\\/preise-ue\\\/\",\"name\":\"Gazmend Rushiti - F\u00fcr die Berliner Gerichte allgemein beeidigter Dolmetscher f\u00fcr die albanische Sprache - Preise\",\"isPartOf\":{\"@id\":\"https:\\\/\\\/dolmetscher-albanisch.de\\\/#website\"},\"primaryImageOfPage\":{\"@id\":\"https:\\\/\\\/dolmetscher-albanisch.de\\\/uebersetzungen\\\/preise-ue\\\/#primaryimage\"},\"image\":{\"@id\":\"https:\\\/\\\/dolmetscher-albanisch.de\\\/uebersetzungen\\\/preise-ue\\\/#primaryimage\"},\"thumbnailUrl\":\"https:\\\/\\\/dolmetscher-albanisch.de\\\/wp-content\\\/uploads\\\/2025\\\/12\\\/flyer_rushiti.jpg\",\"datePublished\":\"2025-12-17T02:12:31+00:00\",\"dateModified\":\"2026-02-09T19:38:08+00:00\",\"description\":\"Bei juristischen Texten nehmen wir grunds\u00e4tzlich das JVEG (Justizverg\u00fctungs- und Entsch\u00e4digungsgesetz) als Berechnungsgrundlage, obwohl eine Vielzahl von zu \u00fcbersetzenden Texten grunds\u00e4tzlich auch unterhalb der in \u00a7 11 und 12 des JVEG definierten S\u00e4tze, abgerechnet werden k\u00f6nnen.\",\"breadcrumb\":{\"@id\":\"https:\\\/\\\/dolmetscher-albanisch.de\\\/uebersetzungen\\\/preise-ue\\\/#breadcrumb\"},\"inLanguage\":\"sq\",\"potentialAction\":[{\"@type\":\"ReadAction\",\"target\":[\"https:\\\/\\\/dolmetscher-albanisch.de\\\/uebersetzungen\\\/preise-ue\\\/\"]}]},{\"@type\":\"ImageObject\",\"inLanguage\":\"sq\",\"@id\":\"https:\\\/\\\/dolmetscher-albanisch.de\\\/uebersetzungen\\\/preise-ue\\\/#primaryimage\",\"url\":\"https:\\\/\\\/dolmetscher-albanisch.de\\\/wp-content\\\/uploads\\\/2025\\\/12\\\/flyer_rushiti.jpg\",\"contentUrl\":\"https:\\\/\\\/dolmetscher-albanisch.de\\\/wp-content\\\/uploads\\\/2025\\\/12\\\/flyer_rushiti.jpg\"},{\"@type\":\"BreadcrumbList\",\"@id\":\"https:\\\/\\\/dolmetscher-albanisch.de\\\/uebersetzungen\\\/preise-ue\\\/#breadcrumb\",\"itemListElement\":[{\"@type\":\"ListItem\",\"position\":1,\"name\":\"Home\",\"item\":\"https:\\\/\\\/dolmetscher-albanisch.de\\\/\"},{\"@type\":\"ListItem\",\"position\":2,\"name\":\"\u00dcbersetzungen\",\"item\":\"https:\\\/\\\/dolmetscher-albanisch.de\\\/uebersetzungen\\\/\"},{\"@type\":\"ListItem\",\"position\":3,\"name\":\"Preise \\\/ Honorare\"}]},{\"@type\":\"WebSite\",\"@id\":\"https:\\\/\\\/dolmetscher-albanisch.de\\\/#website\",\"url\":\"https:\\\/\\\/dolmetscher-albanisch.de\\\/\",\"name\":\"Gazmend Rushiti\",\"description\":\"F\u00fcr die Berliner Gerichte allgemein beeidigter Dolmetscher f\u00fcr die albanische Sprache\",\"publisher\":{\"@id\":\"https:\\\/\\\/dolmetscher-albanisch.de\\\/#organization\"},\"potentialAction\":[{\"@type\":\"SearchAction\",\"target\":{\"@type\":\"EntryPoint\",\"urlTemplate\":\"https:\\\/\\\/dolmetscher-albanisch.de\\\/?s={search_term_string}\"},\"query-input\":{\"@type\":\"PropertyValueSpecification\",\"valueRequired\":true,\"valueName\":\"search_term_string\"}}],\"inLanguage\":\"sq\"},{\"@type\":\"Organization\",\"@id\":\"https:\\\/\\\/dolmetscher-albanisch.de\\\/#organization\",\"name\":\"Gazmend Rushiti\",\"url\":\"https:\\\/\\\/dolmetscher-albanisch.de\\\/\",\"logo\":{\"@type\":\"ImageObject\",\"inLanguage\":\"sq\",\"@id\":\"https:\\\/\\\/dolmetscher-albanisch.de\\\/#\\\/schema\\\/logo\\\/image\\\/\",\"url\":\"https:\\\/\\\/dolmetscher-albanisch.de\\\/wp-content\\\/uploads\\\/2025\\\/12\\\/Dolmetscher-Albanisch.png\",\"contentUrl\":\"https:\\\/\\\/dolmetscher-albanisch.de\\\/wp-content\\\/uploads\\\/2025\\\/12\\\/Dolmetscher-Albanisch.png\",\"width\":515,\"height\":64,\"caption\":\"Gazmend Rushiti\"},\"image\":{\"@id\":\"https:\\\/\\\/dolmetscher-albanisch.de\\\/#\\\/schema\\\/logo\\\/image\\\/\"}}]}<\/script>\n<!-- \/ Yoast SEO plugin. -->","yoast_head_json":{"title":"Gazmend Rushiti - F\u00fcr die Berliner Gerichte allgemein beeidigter Dolmetscher f\u00fcr die albanische Sprache - Preise","description":"Bei juristischen Texten nehmen wir grunds\u00e4tzlich das JVEG (Justizverg\u00fctungs- und Entsch\u00e4digungsgesetz) als Berechnungsgrundlage, obwohl eine Vielzahl von zu \u00fcbersetzenden Texten grunds\u00e4tzlich auch unterhalb der in \u00a7 11 und 12 des JVEG definierten S\u00e4tze, abgerechnet werden k\u00f6nnen.","robots":{"index":"index","follow":"follow","max-snippet":"max-snippet:-1","max-image-preview":"max-image-preview:large","max-video-preview":"max-video-preview:-1"},"canonical":"https:\/\/dolmetscher-albanisch.de\/al\/uebersetzungen\/preise-ue\/","og_locale":"sq_AL","og_type":"article","og_title":"Gazmend Rushiti - F\u00fcr die Berliner Gerichte allgemein beeidigter Dolmetscher f\u00fcr die albanische Sprache - Preise","og_description":"Bei juristischen Texten nehmen wir grunds\u00e4tzlich das JVEG (Justizverg\u00fctungs- und Entsch\u00e4digungsgesetz) als Berechnungsgrundlage, obwohl eine Vielzahl von zu \u00fcbersetzenden Texten grunds\u00e4tzlich auch unterhalb der in \u00a7 11 und 12 des JVEG definierten S\u00e4tze, abgerechnet werden k\u00f6nnen.","og_url":"https:\/\/dolmetscher-albanisch.de\/al\/uebersetzungen\/preise-ue\/","og_site_name":"Gazmend Rushiti","article_modified_time":"2026-02-09T19:38:08+00:00","og_image":[{"width":42,"height":80,"url":"https:\/\/dolmetscher-albanisch.de\/wp-content\/uploads\/2025\/12\/flyer_rushiti.jpg","type":"image\/jpeg"}],"twitter_card":"summary_large_image","twitter_misc":{"Est. reading time":"1 minut\u00eb"},"schema":{"@context":"https:\/\/schema.org","@graph":[{"@type":"WebPage","@id":"https:\/\/dolmetscher-albanisch.de\/uebersetzungen\/preise-ue\/","url":"https:\/\/dolmetscher-albanisch.de\/uebersetzungen\/preise-ue\/","name":"Gazmend Rushiti - F\u00fcr die Berliner Gerichte allgemein beeidigter Dolmetscher f\u00fcr die albanische Sprache - Preise","isPartOf":{"@id":"https:\/\/dolmetscher-albanisch.de\/#website"},"primaryImageOfPage":{"@id":"https:\/\/dolmetscher-albanisch.de\/uebersetzungen\/preise-ue\/#primaryimage"},"image":{"@id":"https:\/\/dolmetscher-albanisch.de\/uebersetzungen\/preise-ue\/#primaryimage"},"thumbnailUrl":"https:\/\/dolmetscher-albanisch.de\/wp-content\/uploads\/2025\/12\/flyer_rushiti.jpg","datePublished":"2025-12-17T02:12:31+00:00","dateModified":"2026-02-09T19:38:08+00:00","description":"Bei juristischen Texten nehmen wir grunds\u00e4tzlich das JVEG (Justizverg\u00fctungs- und Entsch\u00e4digungsgesetz) als Berechnungsgrundlage, obwohl eine Vielzahl von zu \u00fcbersetzenden Texten grunds\u00e4tzlich auch unterhalb der in \u00a7 11 und 12 des JVEG definierten S\u00e4tze, abgerechnet werden k\u00f6nnen.","breadcrumb":{"@id":"https:\/\/dolmetscher-albanisch.de\/uebersetzungen\/preise-ue\/#breadcrumb"},"inLanguage":"sq","potentialAction":[{"@type":"ReadAction","target":["https:\/\/dolmetscher-albanisch.de\/uebersetzungen\/preise-ue\/"]}]},{"@type":"ImageObject","inLanguage":"sq","@id":"https:\/\/dolmetscher-albanisch.de\/uebersetzungen\/preise-ue\/#primaryimage","url":"https:\/\/dolmetscher-albanisch.de\/wp-content\/uploads\/2025\/12\/flyer_rushiti.jpg","contentUrl":"https:\/\/dolmetscher-albanisch.de\/wp-content\/uploads\/2025\/12\/flyer_rushiti.jpg"},{"@type":"BreadcrumbList","@id":"https:\/\/dolmetscher-albanisch.de\/uebersetzungen\/preise-ue\/#breadcrumb","itemListElement":[{"@type":"ListItem","position":1,"name":"Home","item":"https:\/\/dolmetscher-albanisch.de\/"},{"@type":"ListItem","position":2,"name":"\u00dcbersetzungen","item":"https:\/\/dolmetscher-albanisch.de\/uebersetzungen\/"},{"@type":"ListItem","position":3,"name":"Preise \/ Honorare"}]},{"@type":"WebSite","@id":"https:\/\/dolmetscher-albanisch.de\/#website","url":"https:\/\/dolmetscher-albanisch.de\/","name":"Gazmend Rushiti","description":"F\u00fcr die Berliner Gerichte allgemein beeidigter Dolmetscher f\u00fcr die albanische Sprache","publisher":{"@id":"https:\/\/dolmetscher-albanisch.de\/#organization"},"potentialAction":[{"@type":"SearchAction","target":{"@type":"EntryPoint","urlTemplate":"https:\/\/dolmetscher-albanisch.de\/?s={search_term_string}"},"query-input":{"@type":"PropertyValueSpecification","valueRequired":true,"valueName":"search_term_string"}}],"inLanguage":"sq"},{"@type":"Organization","@id":"https:\/\/dolmetscher-albanisch.de\/#organization","name":"Gazmend Rushiti","url":"https:\/\/dolmetscher-albanisch.de\/","logo":{"@type":"ImageObject","inLanguage":"sq","@id":"https:\/\/dolmetscher-albanisch.de\/#\/schema\/logo\/image\/","url":"https:\/\/dolmetscher-albanisch.de\/wp-content\/uploads\/2025\/12\/Dolmetscher-Albanisch.png","contentUrl":"https:\/\/dolmetscher-albanisch.de\/wp-content\/uploads\/2025\/12\/Dolmetscher-Albanisch.png","width":515,"height":64,"caption":"Gazmend Rushiti"},"image":{"@id":"https:\/\/dolmetscher-albanisch.de\/#\/schema\/logo\/image\/"}}]}},"_links":{"self":[{"href":"https:\/\/dolmetscher-albanisch.de\/al\/wp-json\/wp\/v2\/pages\/1874","targetHints":{"allow":["GET"]}}],"collection":[{"href":"https:\/\/dolmetscher-albanisch.de\/al\/wp-json\/wp\/v2\/pages"}],"about":[{"href":"https:\/\/dolmetscher-albanisch.de\/al\/wp-json\/wp\/v2\/types\/page"}],"author":[{"embeddable":true,"href":"https:\/\/dolmetscher-albanisch.de\/al\/wp-json\/wp\/v2\/users\/1"}],"replies":[{"embeddable":true,"href":"https:\/\/dolmetscher-albanisch.de\/al\/wp-json\/wp\/v2\/comments?post=1874"}],"version-history":[{"count":10,"href":"https:\/\/dolmetscher-albanisch.de\/al\/wp-json\/wp\/v2\/pages\/1874\/revisions"}],"predecessor-version":[{"id":2429,"href":"https:\/\/dolmetscher-albanisch.de\/al\/wp-json\/wp\/v2\/pages\/1874\/revisions\/2429"}],"up":[{"embeddable":true,"href":"https:\/\/dolmetscher-albanisch.de\/al\/wp-json\/wp\/v2\/pages\/1871"}],"wp:attachment":[{"href":"https:\/\/dolmetscher-albanisch.de\/al\/wp-json\/wp\/v2\/media?parent=1874"}],"curies":[{"name":"wp","href":"https:\/\/api.w.org\/{rel}","templated":true}]}}