{"id":1870,"date":"2025-12-17T02:12:02","date_gmt":"2025-12-17T02:12:02","guid":{"rendered":"https:\/\/dolmetscher-albanisch.de\/?page_id=1870"},"modified":"2026-02-09T19:30:51","modified_gmt":"2026-02-09T19:30:51","slug":"preise","status":"publish","type":"page","link":"https:\/\/dolmetscher-albanisch.de\/al\/dolmetschen\/preise\/","title":{"rendered":"\u00c7mime \/ Tarifa"},"content":{"rendered":"<div data-elementor-type=\"wp-page\" data-elementor-id=\"1870\" class=\"elementor elementor-1870\" data-elementor-post-type=\"page\">\n\t\t\t\t<div class=\"elementor-element elementor-element-20ab77b1 elementor-hidden-mobile e-flex e-con-boxed e-con e-parent\" data-id=\"20ab77b1\" data-element_type=\"container\" data-e-type=\"container\">\n\t\t\t\t\t<div class=\"e-con-inner\">\n\t\t\t\t<div class=\"elementor-element elementor-element-187e50d2 elementor-widget elementor-widget-spacer\" data-id=\"187e50d2\" data-element_type=\"widget\" data-e-type=\"widget\" data-widget_type=\"spacer.default\">\n\t\t\t\t\t\t\t<div class=\"elementor-spacer\">\n\t\t\t<div class=\"elementor-spacer-inner\"><\/div>\n\t\t<\/div>\n\t\t\t\t\t\t<\/div>\n\t\t\t\t\t<\/div>\n\t\t\t\t<\/div>\n\t\t<div class=\"elementor-element elementor-element-116fb7a5 e-flex e-con-boxed e-con e-parent\" data-id=\"116fb7a5\" data-element_type=\"container\" data-e-type=\"container\">\n\t\t\t\t\t<div class=\"e-con-inner\">\n\t\t<div class=\"elementor-element elementor-element-262b3d88 e-con-full e-flex e-con e-child\" data-id=\"262b3d88\" data-element_type=\"container\" data-e-type=\"container\">\n\t\t\t\t<div class=\"elementor-element elementor-element-65211253 elementor-hidden-mobile elementor-widget elementor-widget-image\" data-id=\"65211253\" data-element_type=\"widget\" data-e-type=\"widget\" data-widget_type=\"image.default\">\n\t\t\t\t\t\t\t\t\t\t\t\t\t\t\t<img fetchpriority=\"high\" decoding=\"async\" width=\"220\" height=\"300\" src=\"https:\/\/dolmetscher-albanisch.de\/wp-content\/uploads\/2025\/12\/bg09_sim_dolmetschen.jpg\" class=\"attachment-full size-full wp-image-2002\" alt=\"Dolmetscher Albanisch Gazmend Rushiti\" srcset=\"https:\/\/dolmetscher-albanisch.de\/wp-content\/uploads\/2025\/12\/bg09_sim_dolmetschen.jpg 220w, https:\/\/dolmetscher-albanisch.de\/wp-content\/uploads\/2025\/12\/bg09_sim_dolmetschen-9x12.jpg 9w\" sizes=\"(max-width: 220px) 100vw, 220px\" \/>\t\t\t\t\t\t\t\t\t\t\t\t\t\t\t<\/div>\n\t\t\t\t<\/div>\n\t\t<div class=\"elementor-element elementor-element-db919fc e-con-full e-flex e-con e-child\" data-id=\"db919fc\" data-element_type=\"container\" data-e-type=\"container\">\n\t\t\t\t<div class=\"elementor-element elementor-element-3b392452 elementor-widget elementor-widget-heading\" data-id=\"3b392452\" data-element_type=\"widget\" data-e-type=\"widget\" data-widget_type=\"heading.default\">\n\t\t\t\t\t<h1 class=\"elementor-heading-title elementor-size-default\">\u00c7mimi<\/h1>\t\t\t\t<\/div>\n\t\t\t\t<div class=\"elementor-element elementor-element-56b8316b elementor-widget elementor-widget-text-editor\" data-id=\"56b8316b\" data-element_type=\"widget\" data-e-type=\"widget\" data-widget_type=\"text-editor.default\">\n\t\t\t\t\t\t\t\t\t<p>Tarifat e p\u00ebrkthimit llogariten p\u00ebrgjith\u00ebsisht sipas Aktit Gjerman t\u00eb Shp\u00ebrblimeve dhe Kompensimit Gjyq\u00ebsor (JVEG). P\u00ebr detyra q\u00eb k\u00ebrkojn\u00eb kualifikime t\u00eb ndryshme, mund t\u00eb aplikohen tarifa alternative.<\/p><p>Honoraret p\u00ebr or\u00eb llogariten duke filluar nga 93 EUR deri n\u00eb 135 EUR. Sh\u00ebrbimet e p\u00ebrkthimit gjat\u00eb nj\u00eb martese civile faturohen \u2013 n\u00eb var\u00ebsi t\u00eb distanc\u00ebs s\u00eb zyr\u00ebs s\u00eb gjendjes civile nga zyra jon\u00eb \u2013 me nj\u00eb tarif\u00eb fikse prej 250 \u2013 300 EUR. P\u00ebr angazhime m\u00eb t\u00eb gjata p\u00ebrkthimi, mund t\u2019ju ofroj gjithashtu tarifa fikse p\u00ebr gjysm\u00eb dite ose p\u00ebr nj\u00eb dit\u00eb t\u00eb plot\u00eb.<\/p><p>T\u00eb gjitha \u00e7mimet jan\u00eb neto, duke shtuar edhe tvsh-n\u00eb n\u00eb fuqi.<\/p>\t\t\t\t\t\t\t\t<\/div>\n\t\t\t\t<\/div>\n\t\t\t\t\t<\/div>\n\t\t\t\t<\/div>\n\t\t\t\t<\/div>","protected":false},"excerpt":{"rendered":"<p>Preise Die Dolmetscherhonorare werden grunds\u00e4tzlich nach den Vorgaben des JVEG (Justizverg\u00fctungs- und Entsch\u00e4digungsgesetz) abgerechnet. F\u00fcr Auftr\u00e4ge, die eine andere Qualifikation erfordern, k\u00f6nnen abweichende Preise als Grundlage genommen werden. So rechne ich Stundenhonorare beginnend ab 93 EUR bis 135 EUR ab. Dolmetschereins\u00e4tze bei einer Eheschlie\u00dfung werden &#8211; je nach Entfernung des Standesamts vom B\u00fcro &#8211; pauschal [&hellip;]<\/p>\n","protected":false},"author":1,"featured_media":0,"parent":1866,"menu_order":0,"comment_status":"closed","ping_status":"closed","template":"","meta":{"site-sidebar-layout":"no-sidebar","site-content-layout":"page-builder","ast-site-content-layout":"full-width-container","site-content-style":"default","site-sidebar-style":"default","ast-global-header-display":"","ast-banner-title-visibility":"","ast-main-header-display":"","ast-hfb-above-header-display":"","ast-hfb-below-header-display":"","ast-hfb-mobile-header-display":"","site-post-title":"disabled","ast-breadcrumbs-content":"","ast-featured-img":"disabled","footer-sml-layout":"","ast-disable-related-posts":"","theme-transparent-header-meta":"","adv-header-id-meta":"","stick-header-meta":"","header-above-stick-meta":"","header-main-stick-meta":"","header-below-stick-meta":"","astra-migrate-meta-layouts":"set","ast-page-background-enabled":"default","ast-page-background-meta":{"desktop":{"background-color":"","background-image":"","background-repeat":"repeat","background-position":"center center","background-size":"auto","background-attachment":"scroll","background-type":"","background-media":"","overlay-type":"","overlay-color":"","overlay-opacity":"","overlay-gradient":""},"tablet":{"background-color":"","background-image":"","background-repeat":"repeat","background-position":"center center","background-size":"auto","background-attachment":"scroll","background-type":"","background-media":"","overlay-type":"","overlay-color":"","overlay-opacity":"","overlay-gradient":""},"mobile":{"background-color":"","background-image":"","background-repeat":"repeat","background-position":"center center","background-size":"auto","background-attachment":"scroll","background-type":"","background-media":"","overlay-type":"","overlay-color":"","overlay-opacity":"","overlay-gradient":""}},"ast-content-background-meta":{"desktop":{"background-color":"var(--ast-global-color-5)","background-image":"","background-repeat":"repeat","background-position":"center center","background-size":"auto","background-attachment":"scroll","background-type":"","background-media":"","overlay-type":"","overlay-color":"","overlay-opacity":"","overlay-gradient":""},"tablet":{"background-color":"var(--ast-global-color-5)","background-image":"","background-repeat":"repeat","background-position":"center center","background-size":"auto","background-attachment":"scroll","background-type":"","background-media":"","overlay-type":"","overlay-color":"","overlay-opacity":"","overlay-gradient":""},"mobile":{"background-color":"var(--ast-global-color-5)","background-image":"","background-repeat":"repeat","background-position":"center center","background-size":"auto","background-attachment":"scroll","background-type":"","background-media":"","overlay-type":"","overlay-color":"","overlay-opacity":"","overlay-gradient":""}},"footnotes":""},"class_list":["post-1870","page","type-page","status-publish","hentry"],"yoast_head":"<!-- This site is optimized with the Yoast SEO plugin v27.5 - https:\/\/yoast.com\/product\/yoast-seo-wordpress\/ -->\n<title>Gazmend Rushiti - F\u00fcr die Berliner Gerichte allgemein beeidigter Dolmetscher f\u00fcr die albanische Sprache - Preise<\/title>\n<meta name=\"description\" content=\"Transparente Preise f\u00fcr Dolmetscher Albanisch: Stundenhonorare ab 40\u202f\u20ac, Pauschalen f\u00fcr Eheschlie\u00dfungen ab 100\u202f\u20ac. Faire Abrechnung nach JVEG f\u00fcr Gerichts- und Notareins\u00e4tze\" \/>\n<meta name=\"robots\" content=\"index, follow, max-snippet:-1, max-image-preview:large, max-video-preview:-1\" \/>\n<link rel=\"canonical\" href=\"https:\/\/dolmetscher-albanisch.de\/al\/dolmetschen\/preise\/\" \/>\n<meta property=\"og:locale\" content=\"sq_AL\" \/>\n<meta property=\"og:type\" content=\"article\" \/>\n<meta property=\"og:title\" content=\"Gazmend Rushiti - F\u00fcr die Berliner Gerichte allgemein beeidigter Dolmetscher f\u00fcr die albanische Sprache - Preise\" \/>\n<meta property=\"og:description\" content=\"Transparente Preise f\u00fcr Dolmetscher Albanisch: Stundenhonorare ab 40\u202f\u20ac, Pauschalen f\u00fcr Eheschlie\u00dfungen ab 100\u202f\u20ac. Faire Abrechnung nach JVEG f\u00fcr Gerichts- und Notareins\u00e4tze\" \/>\n<meta property=\"og:url\" content=\"https:\/\/dolmetscher-albanisch.de\/al\/dolmetschen\/preise\/\" \/>\n<meta property=\"og:site_name\" content=\"Gazmend Rushiti\" \/>\n<meta property=\"article:modified_time\" content=\"2026-02-09T19:30:51+00:00\" \/>\n<meta property=\"og:image\" content=\"https:\/\/dolmetscher-albanisch.de\/wp-content\/uploads\/2025\/12\/bg09_sim_dolmetschen.jpg\" \/>\n\t<meta property=\"og:image:width\" content=\"220\" \/>\n\t<meta property=\"og:image:height\" content=\"300\" \/>\n\t<meta property=\"og:image:type\" content=\"image\/jpeg\" \/>\n<meta name=\"twitter:card\" content=\"summary_large_image\" \/>\n<meta name=\"twitter:label1\" content=\"Est. reading time\" \/>\n\t<meta name=\"twitter:data1\" content=\"1 minut\u00eb\" \/>\n<script type=\"application\/ld+json\" class=\"yoast-schema-graph\">{\"@context\":\"https:\\\/\\\/schema.org\",\"@graph\":[{\"@type\":\"WebPage\",\"@id\":\"https:\\\/\\\/dolmetscher-albanisch.de\\\/dolmetschen\\\/preise\\\/\",\"url\":\"https:\\\/\\\/dolmetscher-albanisch.de\\\/dolmetschen\\\/preise\\\/\",\"name\":\"Gazmend Rushiti - F\u00fcr die Berliner Gerichte allgemein beeidigter Dolmetscher f\u00fcr die albanische Sprache - Preise\",\"isPartOf\":{\"@id\":\"https:\\\/\\\/dolmetscher-albanisch.de\\\/#website\"},\"primaryImageOfPage\":{\"@id\":\"https:\\\/\\\/dolmetscher-albanisch.de\\\/dolmetschen\\\/preise\\\/#primaryimage\"},\"image\":{\"@id\":\"https:\\\/\\\/dolmetscher-albanisch.de\\\/dolmetschen\\\/preise\\\/#primaryimage\"},\"thumbnailUrl\":\"https:\\\/\\\/dolmetscher-albanisch.de\\\/wp-content\\\/uploads\\\/2025\\\/12\\\/bg09_sim_dolmetschen.jpg\",\"datePublished\":\"2025-12-17T02:12:02+00:00\",\"dateModified\":\"2026-02-09T19:30:51+00:00\",\"description\":\"Transparente Preise f\u00fcr Dolmetscher Albanisch: Stundenhonorare ab 40\u202f\u20ac, Pauschalen f\u00fcr Eheschlie\u00dfungen ab 100\u202f\u20ac. Faire Abrechnung nach JVEG f\u00fcr Gerichts- und Notareins\u00e4tze\",\"breadcrumb\":{\"@id\":\"https:\\\/\\\/dolmetscher-albanisch.de\\\/dolmetschen\\\/preise\\\/#breadcrumb\"},\"inLanguage\":\"sq\",\"potentialAction\":[{\"@type\":\"ReadAction\",\"target\":[\"https:\\\/\\\/dolmetscher-albanisch.de\\\/dolmetschen\\\/preise\\\/\"]}]},{\"@type\":\"ImageObject\",\"inLanguage\":\"sq\",\"@id\":\"https:\\\/\\\/dolmetscher-albanisch.de\\\/dolmetschen\\\/preise\\\/#primaryimage\",\"url\":\"https:\\\/\\\/dolmetscher-albanisch.de\\\/wp-content\\\/uploads\\\/2025\\\/12\\\/bg09_sim_dolmetschen.jpg\",\"contentUrl\":\"https:\\\/\\\/dolmetscher-albanisch.de\\\/wp-content\\\/uploads\\\/2025\\\/12\\\/bg09_sim_dolmetschen.jpg\"},{\"@type\":\"BreadcrumbList\",\"@id\":\"https:\\\/\\\/dolmetscher-albanisch.de\\\/dolmetschen\\\/preise\\\/#breadcrumb\",\"itemListElement\":[{\"@type\":\"ListItem\",\"position\":1,\"name\":\"Home\",\"item\":\"https:\\\/\\\/dolmetscher-albanisch.de\\\/\"},{\"@type\":\"ListItem\",\"position\":2,\"name\":\"Dolmetschen\",\"item\":\"https:\\\/\\\/dolmetscher-albanisch.de\\\/dolmetschen\\\/\"},{\"@type\":\"ListItem\",\"position\":3,\"name\":\"Preise \\\/ Honorare\"}]},{\"@type\":\"WebSite\",\"@id\":\"https:\\\/\\\/dolmetscher-albanisch.de\\\/#website\",\"url\":\"https:\\\/\\\/dolmetscher-albanisch.de\\\/\",\"name\":\"Gazmend Rushiti\",\"description\":\"F\u00fcr die Berliner Gerichte allgemein beeidigter Dolmetscher f\u00fcr die albanische Sprache\",\"publisher\":{\"@id\":\"https:\\\/\\\/dolmetscher-albanisch.de\\\/#organization\"},\"potentialAction\":[{\"@type\":\"SearchAction\",\"target\":{\"@type\":\"EntryPoint\",\"urlTemplate\":\"https:\\\/\\\/dolmetscher-albanisch.de\\\/?s={search_term_string}\"},\"query-input\":{\"@type\":\"PropertyValueSpecification\",\"valueRequired\":true,\"valueName\":\"search_term_string\"}}],\"inLanguage\":\"sq\"},{\"@type\":\"Organization\",\"@id\":\"https:\\\/\\\/dolmetscher-albanisch.de\\\/#organization\",\"name\":\"Gazmend Rushiti\",\"url\":\"https:\\\/\\\/dolmetscher-albanisch.de\\\/\",\"logo\":{\"@type\":\"ImageObject\",\"inLanguage\":\"sq\",\"@id\":\"https:\\\/\\\/dolmetscher-albanisch.de\\\/#\\\/schema\\\/logo\\\/image\\\/\",\"url\":\"https:\\\/\\\/dolmetscher-albanisch.de\\\/wp-content\\\/uploads\\\/2025\\\/12\\\/Dolmetscher-Albanisch.png\",\"contentUrl\":\"https:\\\/\\\/dolmetscher-albanisch.de\\\/wp-content\\\/uploads\\\/2025\\\/12\\\/Dolmetscher-Albanisch.png\",\"width\":515,\"height\":64,\"caption\":\"Gazmend Rushiti\"},\"image\":{\"@id\":\"https:\\\/\\\/dolmetscher-albanisch.de\\\/#\\\/schema\\\/logo\\\/image\\\/\"}}]}<\/script>\n<!-- \/ Yoast SEO plugin. -->","yoast_head_json":{"title":"Gazmend Rushiti - F\u00fcr die Berliner Gerichte allgemein beeidigter Dolmetscher f\u00fcr die albanische Sprache - Preise","description":"Transparente Preise f\u00fcr Dolmetscher Albanisch: Stundenhonorare ab 40\u202f\u20ac, Pauschalen f\u00fcr Eheschlie\u00dfungen ab 100\u202f\u20ac. Faire Abrechnung nach JVEG f\u00fcr Gerichts- und Notareins\u00e4tze","robots":{"index":"index","follow":"follow","max-snippet":"max-snippet:-1","max-image-preview":"max-image-preview:large","max-video-preview":"max-video-preview:-1"},"canonical":"https:\/\/dolmetscher-albanisch.de\/al\/dolmetschen\/preise\/","og_locale":"sq_AL","og_type":"article","og_title":"Gazmend Rushiti - F\u00fcr die Berliner Gerichte allgemein beeidigter Dolmetscher f\u00fcr die albanische Sprache - Preise","og_description":"Transparente Preise f\u00fcr Dolmetscher Albanisch: Stundenhonorare ab 40\u202f\u20ac, Pauschalen f\u00fcr Eheschlie\u00dfungen ab 100\u202f\u20ac. Faire Abrechnung nach JVEG f\u00fcr Gerichts- und Notareins\u00e4tze","og_url":"https:\/\/dolmetscher-albanisch.de\/al\/dolmetschen\/preise\/","og_site_name":"Gazmend Rushiti","article_modified_time":"2026-02-09T19:30:51+00:00","og_image":[{"width":220,"height":300,"url":"https:\/\/dolmetscher-albanisch.de\/wp-content\/uploads\/2025\/12\/bg09_sim_dolmetschen.jpg","type":"image\/jpeg"}],"twitter_card":"summary_large_image","twitter_misc":{"Est. reading time":"1 minut\u00eb"},"schema":{"@context":"https:\/\/schema.org","@graph":[{"@type":"WebPage","@id":"https:\/\/dolmetscher-albanisch.de\/dolmetschen\/preise\/","url":"https:\/\/dolmetscher-albanisch.de\/dolmetschen\/preise\/","name":"Gazmend Rushiti - F\u00fcr die Berliner Gerichte allgemein beeidigter Dolmetscher f\u00fcr die albanische Sprache - Preise","isPartOf":{"@id":"https:\/\/dolmetscher-albanisch.de\/#website"},"primaryImageOfPage":{"@id":"https:\/\/dolmetscher-albanisch.de\/dolmetschen\/preise\/#primaryimage"},"image":{"@id":"https:\/\/dolmetscher-albanisch.de\/dolmetschen\/preise\/#primaryimage"},"thumbnailUrl":"https:\/\/dolmetscher-albanisch.de\/wp-content\/uploads\/2025\/12\/bg09_sim_dolmetschen.jpg","datePublished":"2025-12-17T02:12:02+00:00","dateModified":"2026-02-09T19:30:51+00:00","description":"Transparente Preise f\u00fcr Dolmetscher Albanisch: Stundenhonorare ab 40\u202f\u20ac, Pauschalen f\u00fcr Eheschlie\u00dfungen ab 100\u202f\u20ac. Faire Abrechnung nach JVEG f\u00fcr Gerichts- und Notareins\u00e4tze","breadcrumb":{"@id":"https:\/\/dolmetscher-albanisch.de\/dolmetschen\/preise\/#breadcrumb"},"inLanguage":"sq","potentialAction":[{"@type":"ReadAction","target":["https:\/\/dolmetscher-albanisch.de\/dolmetschen\/preise\/"]}]},{"@type":"ImageObject","inLanguage":"sq","@id":"https:\/\/dolmetscher-albanisch.de\/dolmetschen\/preise\/#primaryimage","url":"https:\/\/dolmetscher-albanisch.de\/wp-content\/uploads\/2025\/12\/bg09_sim_dolmetschen.jpg","contentUrl":"https:\/\/dolmetscher-albanisch.de\/wp-content\/uploads\/2025\/12\/bg09_sim_dolmetschen.jpg"},{"@type":"BreadcrumbList","@id":"https:\/\/dolmetscher-albanisch.de\/dolmetschen\/preise\/#breadcrumb","itemListElement":[{"@type":"ListItem","position":1,"name":"Home","item":"https:\/\/dolmetscher-albanisch.de\/"},{"@type":"ListItem","position":2,"name":"Dolmetschen","item":"https:\/\/dolmetscher-albanisch.de\/dolmetschen\/"},{"@type":"ListItem","position":3,"name":"Preise \/ Honorare"}]},{"@type":"WebSite","@id":"https:\/\/dolmetscher-albanisch.de\/#website","url":"https:\/\/dolmetscher-albanisch.de\/","name":"Gazmend Rushiti","description":"F\u00fcr die Berliner Gerichte allgemein beeidigter Dolmetscher f\u00fcr die albanische Sprache","publisher":{"@id":"https:\/\/dolmetscher-albanisch.de\/#organization"},"potentialAction":[{"@type":"SearchAction","target":{"@type":"EntryPoint","urlTemplate":"https:\/\/dolmetscher-albanisch.de\/?s={search_term_string}"},"query-input":{"@type":"PropertyValueSpecification","valueRequired":true,"valueName":"search_term_string"}}],"inLanguage":"sq"},{"@type":"Organization","@id":"https:\/\/dolmetscher-albanisch.de\/#organization","name":"Gazmend Rushiti","url":"https:\/\/dolmetscher-albanisch.de\/","logo":{"@type":"ImageObject","inLanguage":"sq","@id":"https:\/\/dolmetscher-albanisch.de\/#\/schema\/logo\/image\/","url":"https:\/\/dolmetscher-albanisch.de\/wp-content\/uploads\/2025\/12\/Dolmetscher-Albanisch.png","contentUrl":"https:\/\/dolmetscher-albanisch.de\/wp-content\/uploads\/2025\/12\/Dolmetscher-Albanisch.png","width":515,"height":64,"caption":"Gazmend Rushiti"},"image":{"@id":"https:\/\/dolmetscher-albanisch.de\/#\/schema\/logo\/image\/"}}]}},"_links":{"self":[{"href":"https:\/\/dolmetscher-albanisch.de\/al\/wp-json\/wp\/v2\/pages\/1870","targetHints":{"allow":["GET"]}}],"collection":[{"href":"https:\/\/dolmetscher-albanisch.de\/al\/wp-json\/wp\/v2\/pages"}],"about":[{"href":"https:\/\/dolmetscher-albanisch.de\/al\/wp-json\/wp\/v2\/types\/page"}],"author":[{"embeddable":true,"href":"https:\/\/dolmetscher-albanisch.de\/al\/wp-json\/wp\/v2\/users\/1"}],"replies":[{"embeddable":true,"href":"https:\/\/dolmetscher-albanisch.de\/al\/wp-json\/wp\/v2\/comments?post=1870"}],"version-history":[{"count":10,"href":"https:\/\/dolmetscher-albanisch.de\/al\/wp-json\/wp\/v2\/pages\/1870\/revisions"}],"predecessor-version":[{"id":2419,"href":"https:\/\/dolmetscher-albanisch.de\/al\/wp-json\/wp\/v2\/pages\/1870\/revisions\/2419"}],"up":[{"embeddable":true,"href":"https:\/\/dolmetscher-albanisch.de\/al\/wp-json\/wp\/v2\/pages\/1866"}],"wp:attachment":[{"href":"https:\/\/dolmetscher-albanisch.de\/al\/wp-json\/wp\/v2\/media?parent=1870"}],"curies":[{"name":"wp","href":"https:\/\/api.w.org\/{rel}","templated":true}]}}