{"id":1869,"date":"2025-12-17T02:11:54","date_gmt":"2025-12-17T02:11:54","guid":{"rendered":"https:\/\/dolmetscher-albanisch.de\/?page_id=1869"},"modified":"2026-02-09T19:26:58","modified_gmt":"2026-02-09T19:26:58","slug":"gerichtsdolmetschen","status":"publish","type":"page","link":"https:\/\/dolmetscher-albanisch.de\/al\/dolmetschen\/gerichtsdolmetschen\/","title":{"rendered":"P\u00ebrkthim gjyq\u00ebsor"},"content":{"rendered":"<div data-elementor-type=\"wp-page\" data-elementor-id=\"1869\" class=\"elementor elementor-1869\" data-elementor-post-type=\"page\">\n\t\t\t\t<div class=\"elementor-element elementor-element-6d4bf080 elementor-hidden-mobile e-flex e-con-boxed e-con e-parent\" data-id=\"6d4bf080\" data-element_type=\"container\" data-e-type=\"container\">\n\t\t\t\t\t<div class=\"e-con-inner\">\n\t\t\t\t<div class=\"elementor-element elementor-element-6e850095 elementor-widget elementor-widget-spacer\" data-id=\"6e850095\" data-element_type=\"widget\" data-e-type=\"widget\" data-widget_type=\"spacer.default\">\n\t\t\t\t\t\t\t<div class=\"elementor-spacer\">\n\t\t\t<div class=\"elementor-spacer-inner\"><\/div>\n\t\t<\/div>\n\t\t\t\t\t\t<\/div>\n\t\t\t\t\t<\/div>\n\t\t\t\t<\/div>\n\t\t<div class=\"elementor-element elementor-element-1220d399 e-flex e-con-boxed e-con e-parent\" data-id=\"1220d399\" data-element_type=\"container\" data-e-type=\"container\">\n\t\t\t\t\t<div class=\"e-con-inner\">\n\t\t<div class=\"elementor-element elementor-element-697a049 e-con-full e-flex e-con e-child\" data-id=\"697a049\" data-element_type=\"container\" data-e-type=\"container\">\n\t\t\t\t<div class=\"elementor-element elementor-element-6352ae53 elementor-hidden-mobile elementor-widget elementor-widget-image\" data-id=\"6352ae53\" data-element_type=\"widget\" data-e-type=\"widget\" data-widget_type=\"image.default\">\n\t\t\t\t\t\t\t\t\t\t\t\t\t\t\t<img fetchpriority=\"high\" decoding=\"async\" width=\"300\" height=\"180\" src=\"https:\/\/dolmetscher-albanisch.de\/wp-content\/uploads\/2025\/12\/gerichtsdolmetscher.jpg\" class=\"attachment-full size-full wp-image-2046\" alt=\"Gerichtsdolmetschen\" srcset=\"https:\/\/dolmetscher-albanisch.de\/wp-content\/uploads\/2025\/12\/gerichtsdolmetscher.jpg 300w, https:\/\/dolmetscher-albanisch.de\/wp-content\/uploads\/2025\/12\/gerichtsdolmetscher-18x12.jpg 18w\" sizes=\"(max-width: 300px) 100vw, 300px\" \/>\t\t\t\t\t\t\t\t\t\t\t\t\t\t\t<\/div>\n\t\t\t\t<\/div>\n\t\t<div class=\"elementor-element elementor-element-42de9fa6 e-con-full e-flex e-con e-child\" data-id=\"42de9fa6\" data-element_type=\"container\" data-e-type=\"container\">\n\t\t\t\t<div class=\"elementor-element elementor-element-63367e9 elementor-widget elementor-widget-heading\" data-id=\"63367e9\" data-element_type=\"widget\" data-e-type=\"widget\" data-widget_type=\"heading.default\">\n\t\t\t\t\t<h1 class=\"elementor-heading-title elementor-size-default\">Interpret gjyq\u00ebsor\nP\u00ebrkthyes gjyq\u00ebsor\nInterpret pran\u00eb noteris\u00eb\n<\/h1>\t\t\t\t<\/div>\n\t\t\t\t<div class=\"elementor-element elementor-element-762069f6 elementor-widget elementor-widget-text-editor\" data-id=\"762069f6\" data-element_type=\"widget\" data-e-type=\"widget\" data-widget_type=\"text-editor.default\">\n\t\t\t\t\t\t\t\t\t<p>Zyra e Interpretimit dhe P\u00ebrkthimit Rushiti ka nj\u00eb rrjet shum\u00eb t\u00eb gjer\u00eb me koleg\u00eb t\u00eb specializuar si interpret\u00eb dhe p\u00ebrkthyes gjyq\u00ebsor\u00eb.M\u00eb s\u00eb miri, ne ju p\u00ebrgatisim nj\u00eb ekip t\u00eb p\u00ebrshtatsh\u00ebm n\u00ebse k\u00ebrkohen disa interpret\u00eb.<\/p><p>Kur kontratat e martes\u00ebs, shoq\u00ebris\u00eb ose blerjet e pasurive t\u00eb paluajtshme me pjes\u00ebmarr\u00ebs shqiptar\u00eb verifikohen noterialisht ose kur persona me njohuri t\u00eb pamjaftueshme t\u00eb gjuh\u00ebs gjermane paraqiten n\u00eb nj\u00eb procedur\u00eb gjyq\u00ebsore si padit\u00ebs, d\u00ebshmitar\u00eb ose t\u00eb akuzuar, \u00ebsht\u00eb shum\u00eb e r\u00ebnd\u00ebsishme q\u00eb me ndihm\u00ebn e interpretit gjyq\u00ebsor t\u00eb mos ket\u00eb probleme komunikimi. N\u00eb fund t\u00eb fundit, asnj\u00ebra nga pal\u00ebt nuk d\u00ebshiron pasoja juridike p\u00ebr shkak t\u00eb munges\u00ebs s\u00eb njohurive gjuh\u00ebsore.<\/p><p>Interpretja\/Interpretuesi gjyq\u00ebsor shpesh njihet me p\u00ebrmbajtje shum\u00eb t\u00eb detajuara dhe delikate gjat\u00eb angazhimit, t\u00eb cilat trajtohen me konfidencialitet t\u00eb plot\u00eb. P\u00ebr m\u00eb tep\u00ebr, interpretuesit gjyq\u00ebsor\u00eb n\u00ebnshkruajn\u00eb nj\u00eb deklarat\u00eb detyrimi sipas nenit 1 t\u00eb ligjit p\u00ebr angazhimin formal t\u00eb personave jozyrtar\u00eb (Ligji i Detyrimit nga 2 marsi 1974 (BGBI. 1 f. 547 \/ GVBI. f. 952)). Para \u00e7do interpretimi n\u00eb gjykat\u00eb, interpretuesi i referohet betimit t\u00eb tij t\u00eb p\u00ebrgjithsh\u00ebm. N\u00eb situata t\u00eb tilla, ne jemi n\u00eb dispozicion tuaj si interpretues gjyq\u00ebsor\u00eb dhe noter\u00ebsh me p\u00ebrvoj\u00eb.<\/p><p>Interpretuesit gjyq\u00ebsor\u00eb dhe noter\u00ebsh dallohen jo vet\u00ebm p\u00ebr aft\u00ebsit\u00eb e tyre gjuh\u00ebsore, por edhe p\u00ebr njohurit\u00eb e thella mbi procedurat, zakonet dhe terminologjin\u00eb e zakonshme n\u00eb drejt\u00ebsi, avokati dhe administrat\u00eb.<\/p><p>Ku p\u00ebrdoren interpretuesit dhe p\u00ebrkthyesit gjyq\u00ebsor\u00eb?<\/p><p>Interpretuesit gjyq\u00ebsor\u00eb, pra interpretuesit e betuar ose t\u00eb autorizuar publikisht, punojn\u00eb p\u00ebr:<br \/>\u2013 Gjykatat<br \/>\u2013 Prokurorit\u00eb<br \/>\u2013 Policia<br \/>\u2013 Policia Federale<br \/>\u2013 Zyra Kriminale Shtet\u00ebrore<br \/>\u2013 Zyra Federale Kriminale<br \/>\u2013 Noter\u00ebt<br \/>\u2013 Avokat\u00ebt<br \/>\u2013 Klient\u00eb privat\u00eb<\/p><p>Interpretuesit e betuar punojn\u00eb edhe p\u00ebr klient\u00eb privat\u00eb. Detyrat e p\u00ebrditshme p\u00ebrfshijn\u00eb p\u00ebrkthimin e dokumenteve t\u00eb martes\u00ebs dhe interpretimin n\u00eb seancat p\u00ebr paraqitjen e njoftimeve t\u00eb martes\u00ebs (fejesa) ose n\u00eb ceremonin\u00eb e martes\u00ebs, n\u00eb rast se nj\u00ebri nga bashk\u00ebshort\u00ebt nuk zot\u00ebron mjaftuesh\u00ebm gjuh\u00ebn gjermane. Klient\u00ebt privat\u00eb gjithashtu angazhojn\u00eb interpretues t\u00eb betuar si interpretues noter\u00ebsh, p\u00ebr shembull p\u00ebr verifikimin e dokumenteve si blerja e nj\u00eb apartamenti, kontrata e martes\u00ebs etj.<\/p><p>Gazmend Rushiti, p\u00ebrkthyes i betuar dhe p\u00ebrkthyes i autorizuar p\u00ebr gjuh\u00ebn shqipe<\/p>\t\t\t\t\t\t\t\t<\/div>\n\t\t\t\t<\/div>\n\t\t\t\t\t<\/div>\n\t\t\t\t<\/div>\n\t\t\t\t<\/div>","protected":false},"excerpt":{"rendered":"<p>GERICHTSDOLMETSCHER GERICHTS\u00dcBERSETZER NOTARIATSDOLMETSCHER Das Dolmetscher- und \u00dcbersetzungsb\u00fcro Rushiti verf\u00fcgt \u00fcber ein sehr umfangreiches Netzwerk mit vielen Kolleginnen und Kollegen, die sich in ihrer T\u00e4tigkeit als Gerichtsdolmetscher und Gerichts\u00fcbersetzer spezialisiert haben. Gern stellen wir Ihnen ein geeignetes Team zusammen, falls mehrere Dolmetscher erforderlich sind. Wenn Ehe-, Gesellschafts- oder Grundst\u00fcckskaufvertr\u00e4ge mit albanischen Beteiligten notariell beurkundet werden oder [&hellip;]<\/p>\n","protected":false},"author":1,"featured_media":0,"parent":1866,"menu_order":0,"comment_status":"closed","ping_status":"closed","template":"","meta":{"site-sidebar-layout":"no-sidebar","site-content-layout":"page-builder","ast-site-content-layout":"full-width-container","site-content-style":"default","site-sidebar-style":"default","ast-global-header-display":"","ast-banner-title-visibility":"","ast-main-header-display":"","ast-hfb-above-header-display":"","ast-hfb-below-header-display":"","ast-hfb-mobile-header-display":"","site-post-title":"disabled","ast-breadcrumbs-content":"","ast-featured-img":"disabled","footer-sml-layout":"","ast-disable-related-posts":"","theme-transparent-header-meta":"","adv-header-id-meta":"","stick-header-meta":"","header-above-stick-meta":"","header-main-stick-meta":"","header-below-stick-meta":"","astra-migrate-meta-layouts":"set","ast-page-background-enabled":"default","ast-page-background-meta":{"desktop":{"background-color":"","background-image":"","background-repeat":"repeat","background-position":"center center","background-size":"auto","background-attachment":"scroll","background-type":"","background-media":"","overlay-type":"","overlay-color":"","overlay-opacity":"","overlay-gradient":""},"tablet":{"background-color":"","background-image":"","background-repeat":"repeat","background-position":"center center","background-size":"auto","background-attachment":"scroll","background-type":"","background-media":"","overlay-type":"","overlay-color":"","overlay-opacity":"","overlay-gradient":""},"mobile":{"background-color":"","background-image":"","background-repeat":"repeat","background-position":"center center","background-size":"auto","background-attachment":"scroll","background-type":"","background-media":"","overlay-type":"","overlay-color":"","overlay-opacity":"","overlay-gradient":""}},"ast-content-background-meta":{"desktop":{"background-color":"var(--ast-global-color-5)","background-image":"","background-repeat":"repeat","background-position":"center center","background-size":"auto","background-attachment":"scroll","background-type":"","background-media":"","overlay-type":"","overlay-color":"","overlay-opacity":"","overlay-gradient":""},"tablet":{"background-color":"var(--ast-global-color-5)","background-image":"","background-repeat":"repeat","background-position":"center center","background-size":"auto","background-attachment":"scroll","background-type":"","background-media":"","overlay-type":"","overlay-color":"","overlay-opacity":"","overlay-gradient":""},"mobile":{"background-color":"var(--ast-global-color-5)","background-image":"","background-repeat":"repeat","background-position":"center center","background-size":"auto","background-attachment":"scroll","background-type":"","background-media":"","overlay-type":"","overlay-color":"","overlay-opacity":"","overlay-gradient":""}},"footnotes":""},"class_list":["post-1869","page","type-page","status-publish","hentry"],"yoast_head":"<!-- This site is optimized with the Yoast SEO plugin v27.5 - https:\/\/yoast.com\/product\/yoast-seo-wordpress\/ -->\n<title>Gazmend Rushiti - F\u00fcr die Berliner Gerichte allgemein beeidigter Dolmetscher f\u00fcr die albanische Sprache - Gerichtsdolmetschen<\/title>\n<meta name=\"description\" content=\"Erfahrene Dolmetscher Albanisch f\u00fcr Gerichte und Notare. Professionelle Gerichtsdolmetscher und Gerichts\u00fcbersetzer f\u00fcr notarielle Beurkundungen, Verfahren und sensible Inhalte\" \/>\n<meta name=\"robots\" content=\"index, follow, max-snippet:-1, max-image-preview:large, max-video-preview:-1\" \/>\n<link rel=\"canonical\" href=\"https:\/\/dolmetscher-albanisch.de\/al\/dolmetschen\/gerichtsdolmetschen\/\" \/>\n<meta property=\"og:locale\" content=\"sq_AL\" \/>\n<meta property=\"og:type\" content=\"article\" \/>\n<meta property=\"og:title\" content=\"Gazmend Rushiti - F\u00fcr die Berliner Gerichte allgemein beeidigter Dolmetscher f\u00fcr die albanische Sprache - Gerichtsdolmetschen\" \/>\n<meta property=\"og:description\" content=\"Erfahrene Dolmetscher Albanisch f\u00fcr Gerichte und Notare. Professionelle Gerichtsdolmetscher und Gerichts\u00fcbersetzer f\u00fcr notarielle Beurkundungen, Verfahren und sensible Inhalte\" \/>\n<meta property=\"og:url\" content=\"https:\/\/dolmetscher-albanisch.de\/al\/dolmetschen\/gerichtsdolmetschen\/\" \/>\n<meta property=\"og:site_name\" content=\"Gazmend Rushiti\" \/>\n<meta property=\"article:modified_time\" content=\"2026-02-09T19:26:58+00:00\" \/>\n<meta property=\"og:image\" content=\"https:\/\/dolmetscher-albanisch.de\/wp-content\/uploads\/2025\/12\/gerichtsdolmetscher.jpg\" \/>\n\t<meta property=\"og:image:width\" content=\"300\" \/>\n\t<meta property=\"og:image:height\" content=\"180\" \/>\n\t<meta property=\"og:image:type\" content=\"image\/jpeg\" \/>\n<meta name=\"twitter:card\" content=\"summary_large_image\" \/>\n<meta name=\"twitter:label1\" content=\"Est. reading time\" \/>\n\t<meta name=\"twitter:data1\" content=\"2 minuta\" \/>\n<script type=\"application\/ld+json\" class=\"yoast-schema-graph\">{\"@context\":\"https:\\\/\\\/schema.org\",\"@graph\":[{\"@type\":\"WebPage\",\"@id\":\"https:\\\/\\\/dolmetscher-albanisch.de\\\/dolmetschen\\\/gerichtsdolmetschen\\\/\",\"url\":\"https:\\\/\\\/dolmetscher-albanisch.de\\\/dolmetschen\\\/gerichtsdolmetschen\\\/\",\"name\":\"Gazmend Rushiti - F\u00fcr die Berliner Gerichte allgemein beeidigter Dolmetscher f\u00fcr die albanische Sprache - Gerichtsdolmetschen\",\"isPartOf\":{\"@id\":\"https:\\\/\\\/dolmetscher-albanisch.de\\\/#website\"},\"primaryImageOfPage\":{\"@id\":\"https:\\\/\\\/dolmetscher-albanisch.de\\\/dolmetschen\\\/gerichtsdolmetschen\\\/#primaryimage\"},\"image\":{\"@id\":\"https:\\\/\\\/dolmetscher-albanisch.de\\\/dolmetschen\\\/gerichtsdolmetschen\\\/#primaryimage\"},\"thumbnailUrl\":\"https:\\\/\\\/dolmetscher-albanisch.de\\\/wp-content\\\/uploads\\\/2025\\\/12\\\/gerichtsdolmetscher.jpg\",\"datePublished\":\"2025-12-17T02:11:54+00:00\",\"dateModified\":\"2026-02-09T19:26:58+00:00\",\"description\":\"Erfahrene Dolmetscher Albanisch f\u00fcr Gerichte und Notare. Professionelle Gerichtsdolmetscher und Gerichts\u00fcbersetzer f\u00fcr notarielle Beurkundungen, Verfahren und sensible Inhalte\",\"breadcrumb\":{\"@id\":\"https:\\\/\\\/dolmetscher-albanisch.de\\\/dolmetschen\\\/gerichtsdolmetschen\\\/#breadcrumb\"},\"inLanguage\":\"sq\",\"potentialAction\":[{\"@type\":\"ReadAction\",\"target\":[\"https:\\\/\\\/dolmetscher-albanisch.de\\\/dolmetschen\\\/gerichtsdolmetschen\\\/\"]}]},{\"@type\":\"ImageObject\",\"inLanguage\":\"sq\",\"@id\":\"https:\\\/\\\/dolmetscher-albanisch.de\\\/dolmetschen\\\/gerichtsdolmetschen\\\/#primaryimage\",\"url\":\"https:\\\/\\\/dolmetscher-albanisch.de\\\/wp-content\\\/uploads\\\/2025\\\/12\\\/gerichtsdolmetscher.jpg\",\"contentUrl\":\"https:\\\/\\\/dolmetscher-albanisch.de\\\/wp-content\\\/uploads\\\/2025\\\/12\\\/gerichtsdolmetscher.jpg\"},{\"@type\":\"BreadcrumbList\",\"@id\":\"https:\\\/\\\/dolmetscher-albanisch.de\\\/dolmetschen\\\/gerichtsdolmetschen\\\/#breadcrumb\",\"itemListElement\":[{\"@type\":\"ListItem\",\"position\":1,\"name\":\"Home\",\"item\":\"https:\\\/\\\/dolmetscher-albanisch.de\\\/\"},{\"@type\":\"ListItem\",\"position\":2,\"name\":\"Dolmetschen\",\"item\":\"https:\\\/\\\/dolmetscher-albanisch.de\\\/dolmetschen\\\/\"},{\"@type\":\"ListItem\",\"position\":3,\"name\":\"Gerichtsdolmetschen\"}]},{\"@type\":\"WebSite\",\"@id\":\"https:\\\/\\\/dolmetscher-albanisch.de\\\/#website\",\"url\":\"https:\\\/\\\/dolmetscher-albanisch.de\\\/\",\"name\":\"Gazmend Rushiti\",\"description\":\"F\u00fcr die Berliner Gerichte allgemein beeidigter Dolmetscher f\u00fcr die albanische Sprache\",\"publisher\":{\"@id\":\"https:\\\/\\\/dolmetscher-albanisch.de\\\/#organization\"},\"potentialAction\":[{\"@type\":\"SearchAction\",\"target\":{\"@type\":\"EntryPoint\",\"urlTemplate\":\"https:\\\/\\\/dolmetscher-albanisch.de\\\/?s={search_term_string}\"},\"query-input\":{\"@type\":\"PropertyValueSpecification\",\"valueRequired\":true,\"valueName\":\"search_term_string\"}}],\"inLanguage\":\"sq\"},{\"@type\":\"Organization\",\"@id\":\"https:\\\/\\\/dolmetscher-albanisch.de\\\/#organization\",\"name\":\"Gazmend Rushiti\",\"url\":\"https:\\\/\\\/dolmetscher-albanisch.de\\\/\",\"logo\":{\"@type\":\"ImageObject\",\"inLanguage\":\"sq\",\"@id\":\"https:\\\/\\\/dolmetscher-albanisch.de\\\/#\\\/schema\\\/logo\\\/image\\\/\",\"url\":\"https:\\\/\\\/dolmetscher-albanisch.de\\\/wp-content\\\/uploads\\\/2025\\\/12\\\/Dolmetscher-Albanisch.png\",\"contentUrl\":\"https:\\\/\\\/dolmetscher-albanisch.de\\\/wp-content\\\/uploads\\\/2025\\\/12\\\/Dolmetscher-Albanisch.png\",\"width\":515,\"height\":64,\"caption\":\"Gazmend Rushiti\"},\"image\":{\"@id\":\"https:\\\/\\\/dolmetscher-albanisch.de\\\/#\\\/schema\\\/logo\\\/image\\\/\"}}]}<\/script>\n<!-- \/ Yoast SEO plugin. -->","yoast_head_json":{"title":"Gazmend Rushiti - F\u00fcr die Berliner Gerichte allgemein beeidigter Dolmetscher f\u00fcr die albanische Sprache - Gerichtsdolmetschen","description":"Erfahrene Dolmetscher Albanisch f\u00fcr Gerichte und Notare. Professionelle Gerichtsdolmetscher und Gerichts\u00fcbersetzer f\u00fcr notarielle Beurkundungen, Verfahren und sensible Inhalte","robots":{"index":"index","follow":"follow","max-snippet":"max-snippet:-1","max-image-preview":"max-image-preview:large","max-video-preview":"max-video-preview:-1"},"canonical":"https:\/\/dolmetscher-albanisch.de\/al\/dolmetschen\/gerichtsdolmetschen\/","og_locale":"sq_AL","og_type":"article","og_title":"Gazmend Rushiti - F\u00fcr die Berliner Gerichte allgemein beeidigter Dolmetscher f\u00fcr die albanische Sprache - Gerichtsdolmetschen","og_description":"Erfahrene Dolmetscher Albanisch f\u00fcr Gerichte und Notare. Professionelle Gerichtsdolmetscher und Gerichts\u00fcbersetzer f\u00fcr notarielle Beurkundungen, Verfahren und sensible Inhalte","og_url":"https:\/\/dolmetscher-albanisch.de\/al\/dolmetschen\/gerichtsdolmetschen\/","og_site_name":"Gazmend Rushiti","article_modified_time":"2026-02-09T19:26:58+00:00","og_image":[{"width":300,"height":180,"url":"https:\/\/dolmetscher-albanisch.de\/wp-content\/uploads\/2025\/12\/gerichtsdolmetscher.jpg","type":"image\/jpeg"}],"twitter_card":"summary_large_image","twitter_misc":{"Est. reading time":"2 minuta"},"schema":{"@context":"https:\/\/schema.org","@graph":[{"@type":"WebPage","@id":"https:\/\/dolmetscher-albanisch.de\/dolmetschen\/gerichtsdolmetschen\/","url":"https:\/\/dolmetscher-albanisch.de\/dolmetschen\/gerichtsdolmetschen\/","name":"Gazmend Rushiti - F\u00fcr die Berliner Gerichte allgemein beeidigter Dolmetscher f\u00fcr die albanische Sprache - Gerichtsdolmetschen","isPartOf":{"@id":"https:\/\/dolmetscher-albanisch.de\/#website"},"primaryImageOfPage":{"@id":"https:\/\/dolmetscher-albanisch.de\/dolmetschen\/gerichtsdolmetschen\/#primaryimage"},"image":{"@id":"https:\/\/dolmetscher-albanisch.de\/dolmetschen\/gerichtsdolmetschen\/#primaryimage"},"thumbnailUrl":"https:\/\/dolmetscher-albanisch.de\/wp-content\/uploads\/2025\/12\/gerichtsdolmetscher.jpg","datePublished":"2025-12-17T02:11:54+00:00","dateModified":"2026-02-09T19:26:58+00:00","description":"Erfahrene Dolmetscher Albanisch f\u00fcr Gerichte und Notare. Professionelle Gerichtsdolmetscher und Gerichts\u00fcbersetzer f\u00fcr notarielle Beurkundungen, Verfahren und sensible Inhalte","breadcrumb":{"@id":"https:\/\/dolmetscher-albanisch.de\/dolmetschen\/gerichtsdolmetschen\/#breadcrumb"},"inLanguage":"sq","potentialAction":[{"@type":"ReadAction","target":["https:\/\/dolmetscher-albanisch.de\/dolmetschen\/gerichtsdolmetschen\/"]}]},{"@type":"ImageObject","inLanguage":"sq","@id":"https:\/\/dolmetscher-albanisch.de\/dolmetschen\/gerichtsdolmetschen\/#primaryimage","url":"https:\/\/dolmetscher-albanisch.de\/wp-content\/uploads\/2025\/12\/gerichtsdolmetscher.jpg","contentUrl":"https:\/\/dolmetscher-albanisch.de\/wp-content\/uploads\/2025\/12\/gerichtsdolmetscher.jpg"},{"@type":"BreadcrumbList","@id":"https:\/\/dolmetscher-albanisch.de\/dolmetschen\/gerichtsdolmetschen\/#breadcrumb","itemListElement":[{"@type":"ListItem","position":1,"name":"Home","item":"https:\/\/dolmetscher-albanisch.de\/"},{"@type":"ListItem","position":2,"name":"Dolmetschen","item":"https:\/\/dolmetscher-albanisch.de\/dolmetschen\/"},{"@type":"ListItem","position":3,"name":"Gerichtsdolmetschen"}]},{"@type":"WebSite","@id":"https:\/\/dolmetscher-albanisch.de\/#website","url":"https:\/\/dolmetscher-albanisch.de\/","name":"Gazmend Rushiti","description":"F\u00fcr die Berliner Gerichte allgemein beeidigter Dolmetscher f\u00fcr die albanische Sprache","publisher":{"@id":"https:\/\/dolmetscher-albanisch.de\/#organization"},"potentialAction":[{"@type":"SearchAction","target":{"@type":"EntryPoint","urlTemplate":"https:\/\/dolmetscher-albanisch.de\/?s={search_term_string}"},"query-input":{"@type":"PropertyValueSpecification","valueRequired":true,"valueName":"search_term_string"}}],"inLanguage":"sq"},{"@type":"Organization","@id":"https:\/\/dolmetscher-albanisch.de\/#organization","name":"Gazmend Rushiti","url":"https:\/\/dolmetscher-albanisch.de\/","logo":{"@type":"ImageObject","inLanguage":"sq","@id":"https:\/\/dolmetscher-albanisch.de\/#\/schema\/logo\/image\/","url":"https:\/\/dolmetscher-albanisch.de\/wp-content\/uploads\/2025\/12\/Dolmetscher-Albanisch.png","contentUrl":"https:\/\/dolmetscher-albanisch.de\/wp-content\/uploads\/2025\/12\/Dolmetscher-Albanisch.png","width":515,"height":64,"caption":"Gazmend Rushiti"},"image":{"@id":"https:\/\/dolmetscher-albanisch.de\/#\/schema\/logo\/image\/"}}]}},"_links":{"self":[{"href":"https:\/\/dolmetscher-albanisch.de\/al\/wp-json\/wp\/v2\/pages\/1869","targetHints":{"allow":["GET"]}}],"collection":[{"href":"https:\/\/dolmetscher-albanisch.de\/al\/wp-json\/wp\/v2\/pages"}],"about":[{"href":"https:\/\/dolmetscher-albanisch.de\/al\/wp-json\/wp\/v2\/types\/page"}],"author":[{"embeddable":true,"href":"https:\/\/dolmetscher-albanisch.de\/al\/wp-json\/wp\/v2\/users\/1"}],"replies":[{"embeddable":true,"href":"https:\/\/dolmetscher-albanisch.de\/al\/wp-json\/wp\/v2\/comments?post=1869"}],"version-history":[{"count":3,"href":"https:\/\/dolmetscher-albanisch.de\/al\/wp-json\/wp\/v2\/pages\/1869\/revisions"}],"predecessor-version":[{"id":2409,"href":"https:\/\/dolmetscher-albanisch.de\/al\/wp-json\/wp\/v2\/pages\/1869\/revisions\/2409"}],"up":[{"embeddable":true,"href":"https:\/\/dolmetscher-albanisch.de\/al\/wp-json\/wp\/v2\/pages\/1866"}],"wp:attachment":[{"href":"https:\/\/dolmetscher-albanisch.de\/al\/wp-json\/wp\/v2\/media?parent=1869"}],"curies":[{"name":"wp","href":"https:\/\/api.w.org\/{rel}","templated":true}]}}