{"id":1866,"date":"2025-12-17T02:11:34","date_gmt":"2025-12-17T02:11:34","guid":{"rendered":"https:\/\/dolmetscher-albanisch.de\/?page_id=1866"},"modified":"2026-02-09T19:23:15","modified_gmt":"2026-02-09T19:23:15","slug":"dolmetschen","status":"publish","type":"page","link":"https:\/\/dolmetscher-albanisch.de\/al\/dolmetschen\/","title":{"rendered":"P\u00ebrkthimi me goj\u00eb"},"content":{"rendered":"<div data-elementor-type=\"wp-page\" data-elementor-id=\"1866\" class=\"elementor elementor-1866\" data-elementor-post-type=\"page\">\n\t\t\t\t<div class=\"elementor-element elementor-element-24c44b39 elementor-hidden-mobile e-flex e-con-boxed e-con e-parent\" data-id=\"24c44b39\" data-element_type=\"container\" data-e-type=\"container\">\n\t\t\t\t\t<div class=\"e-con-inner\">\n\t\t\t\t<div class=\"elementor-element elementor-element-7402c045 elementor-widget elementor-widget-spacer\" data-id=\"7402c045\" data-element_type=\"widget\" data-e-type=\"widget\" data-widget_type=\"spacer.default\">\n\t\t\t\t\t\t\t<div class=\"elementor-spacer\">\n\t\t\t<div class=\"elementor-spacer-inner\"><\/div>\n\t\t<\/div>\n\t\t\t\t\t\t<\/div>\n\t\t\t\t\t<\/div>\n\t\t\t\t<\/div>\n\t\t<div class=\"elementor-element elementor-element-d6e5a00 e-flex e-con-boxed e-con e-parent\" data-id=\"d6e5a00\" data-element_type=\"container\" data-e-type=\"container\">\n\t\t\t\t\t<div class=\"e-con-inner\">\n\t\t<div class=\"elementor-element elementor-element-5cd7988e e-con-full e-flex e-con e-child\" data-id=\"5cd7988e\" data-element_type=\"container\" data-e-type=\"container\">\n\t\t\t\t<div class=\"elementor-element elementor-element-45b84b0f elementor-hidden-mobile elementor-widget elementor-widget-image\" data-id=\"45b84b0f\" data-element_type=\"widget\" data-e-type=\"widget\" data-widget_type=\"image.default\">\n\t\t\t\t\t\t\t\t\t\t\t\t\t\t\t<img decoding=\"async\" src=\"https:\/\/dolmetscher-albanisch.de\/wp-content\/uploads\/elementor\/thumbs\/konf_dolm_1-rg9rp46egc2m0k0h6qslnr9gfrocmwlb672kxpp9kg.jpg\" title=\"Dolmetschen f\u00fcr den Bundestag\" alt=\"Dolmetschen f\u00fcr den Bundestag\" loading=\"lazy\" \/>\t\t\t\t\t\t\t\t\t\t\t\t\t\t\t<\/div>\n\t\t\t\t<div class=\"elementor-element elementor-element-73abc33 elementor-hidden-mobile elementor-widget elementor-widget-image\" data-id=\"73abc33\" data-element_type=\"widget\" data-e-type=\"widget\" data-widget_type=\"image.default\">\n\t\t\t\t\t\t\t\t\t\t\t\t\t\t\t<img decoding=\"async\" src=\"https:\/\/dolmetscher-albanisch.de\/wp-content\/uploads\/elementor\/thumbs\/konf_dolm_2-rg9rp2aq2o01dc37hpzcirqj8zxm7iduhxrlz5s1ww.jpg\" title=\"Dolmetscher Albanisch Gazmend Rushtiti\" alt=\"Dolmetscher Albanisch Gazmend Rushtiti\" loading=\"lazy\" \/>\t\t\t\t\t\t\t\t\t\t\t\t\t\t\t<\/div>\n\t\t\t\t<div class=\"elementor-element elementor-element-9305e97 elementor-hidden-mobile elementor-widget elementor-widget-image\" data-id=\"9305e97\" data-element_type=\"widget\" data-e-type=\"widget\" data-widget_type=\"image.default\">\n\t\t\t\t\t\t\t\t\t\t\t\t\t\t\t<img decoding=\"async\" src=\"https:\/\/dolmetscher-albanisch.de\/wp-content\/uploads\/elementor\/thumbs\/simultandolmetschen-rg9rp0f1ozxgq45xsp63ds7m286vs46dtogn0luu9c.jpg\" title=\"simultandolmetschen albanisch Rushiti\" alt=\"simultandolmetschen albanisch Rushiti\" loading=\"lazy\" \/>\t\t\t\t\t\t\t\t\t\t\t\t\t\t\t<\/div>\n\t\t\t\t<\/div>\n\t\t<div class=\"elementor-element elementor-element-230d8535 e-con-full e-flex e-con e-child\" data-id=\"230d8535\" data-element_type=\"container\" data-e-type=\"container\">\n\t\t\t\t<div class=\"elementor-element elementor-element-544a05be elementor-widget elementor-widget-heading\" data-id=\"544a05be\" data-element_type=\"widget\" data-e-type=\"widget\" data-widget_type=\"heading.default\">\n\t\t\t\t\t<h1 class=\"elementor-heading-title elementor-size-default\">P\u00ebrkthimi me goj\u00eb<\/h1>\t\t\t\t<\/div>\n\t\t\t\t<div class=\"elementor-element elementor-element-2ec98ca0 elementor-widget elementor-widget-text-editor\" data-id=\"2ec98ca0\" data-element_type=\"widget\" data-e-type=\"widget\" data-widget_type=\"text-editor.default\">\n\t\t\t\t\t\t\t\t\t<p>Un\u00eb ofroj interpretim simultan dhe konsekutiv n\u00eb seanca gjyq\u00ebsore, pran\u00eb noter\u00ebve ose avokat\u00ebve, si dhe n\u00eb autoritete dhe institucione t\u00eb tjera shtet\u00ebrore. Gjithashtu, jam n\u00eb dispozicionin tuaj si interpret profesionist p\u00ebr panaire dhe ekspozita. P\u00ebrgjat\u00eb disa viteve ka ekzistuar nj\u00eb bashk\u00ebpunim i ngusht\u00eb me Bundeswehr-in (Zyra Federale e Gjuh\u00ebve), n\u00eb kuad\u00ebr t\u00eb p\u00ebrgatitjeve ushtarake p\u00ebrpara angazhimeve n\u00eb zona t\u00eb ndryshme operacionale dhe p\u00ebr udh\u00ebtime delegacionesh nga personeli ushtarak shqiptar dhe kosovar n\u00eb Gjermani, si dhe nga personeli ushtarak gjerman n\u00eb Kosov\u00eb.<\/p><p>P\u00ebrve\u00e7 k\u00ebsaj, kam ushtruar veprimtarin\u00eb time si interpret p\u00ebr gjuh\u00ebn shqipe p\u00ebr Bundeskanzleramt, p\u00ebr Ausw\u00e4rtiges Amt si dhe p\u00ebr t\u00eb D\u00ebrguar\u00ebn e Qeveris\u00eb Federale p\u00ebr \u00c7\u00ebshtjet e Vendeve t\u00eb Reja \u2013 Bundesministerium f\u00fcr Verkehr, Bau- und Wohnungswesen. Fal\u00eb angazhimeve t\u00eb mia t\u00eb rregullta si interpret i gjuh\u00ebs shqipe n\u00eb Bundestag, kam thelluar ndjesh\u00ebm njohurit\u00eb e mia n\u00eb p\u00ebrkthimin dhe interpretimin e p\u00ebrmbajtjeve politike.<\/p><p>P\u00ebr Gjykatat dhe Noter\u00ebt e Berlinit, p\u00ebrkthyes i betuar dhe interpret i autorizuar p\u00ebr gjuh\u00ebn shqipe.<\/p><p>Interpret shqip Berlin, Interpret shqip Potsdam, Brandenburg, Sachsen, Sachsen-Anhalt, Mecklenburg-Vorpommern dhe n\u00eb t\u00eb gjith\u00eb Gjermanin\u00eb.<\/p>\t\t\t\t\t\t\t\t<\/div>\n\t\t\t\t<\/div>\n\t\t\t\t\t<\/div>\n\t\t\t\t<\/div>\n\t\t\t\t<\/div>","protected":false},"excerpt":{"rendered":"<p>Dolmetschen Ich dolmetsche simultan und konsekutiv, bei Gerichtsverhandlungen, beim Notar oder Rechtsanwalt, bei Beh\u00f6rden und anderen staatlichen Einrichtungen. Zudem stehe ich Ihnen auch als erfahrener Messedolmetscher zur Verf\u00fcgung. Mit der Bundeswehr (Bundessprachenamt) besteht seit vielen Jahren eine enge Zusammenarbeit im Rahmen milit\u00e4rischer Vorausbildungen in diversen Einsatzgebieten und im Rahmen von Delegationsreisen albanischer und kosovarischer Milit\u00e4rangeh\u00f6riger [&hellip;]<\/p>\n","protected":false},"author":1,"featured_media":0,"parent":0,"menu_order":0,"comment_status":"closed","ping_status":"closed","template":"","meta":{"site-sidebar-layout":"no-sidebar","site-content-layout":"page-builder","ast-site-content-layout":"full-width-container","site-content-style":"default","site-sidebar-style":"default","ast-global-header-display":"","ast-banner-title-visibility":"","ast-main-header-display":"","ast-hfb-above-header-display":"","ast-hfb-below-header-display":"","ast-hfb-mobile-header-display":"","site-post-title":"disabled","ast-breadcrumbs-content":"","ast-featured-img":"disabled","footer-sml-layout":"","ast-disable-related-posts":"","theme-transparent-header-meta":"","adv-header-id-meta":"","stick-header-meta":"","header-above-stick-meta":"","header-main-stick-meta":"","header-below-stick-meta":"","astra-migrate-meta-layouts":"set","ast-page-background-enabled":"default","ast-page-background-meta":{"desktop":{"background-color":"","background-image":"","background-repeat":"repeat","background-position":"center center","background-size":"auto","background-attachment":"scroll","background-type":"","background-media":"","overlay-type":"","overlay-color":"","overlay-opacity":"","overlay-gradient":""},"tablet":{"background-color":"","background-image":"","background-repeat":"repeat","background-position":"center center","background-size":"auto","background-attachment":"scroll","background-type":"","background-media":"","overlay-type":"","overlay-color":"","overlay-opacity":"","overlay-gradient":""},"mobile":{"background-color":"","background-image":"","background-repeat":"repeat","background-position":"center center","background-size":"auto","background-attachment":"scroll","background-type":"","background-media":"","overlay-type":"","overlay-color":"","overlay-opacity":"","overlay-gradient":""}},"ast-content-background-meta":{"desktop":{"background-color":"var(--ast-global-color-5)","background-image":"","background-repeat":"repeat","background-position":"center center","background-size":"auto","background-attachment":"scroll","background-type":"","background-media":"","overlay-type":"","overlay-color":"","overlay-opacity":"","overlay-gradient":""},"tablet":{"background-color":"var(--ast-global-color-5)","background-image":"","background-repeat":"repeat","background-position":"center center","background-size":"auto","background-attachment":"scroll","background-type":"","background-media":"","overlay-type":"","overlay-color":"","overlay-opacity":"","overlay-gradient":""},"mobile":{"background-color":"var(--ast-global-color-5)","background-image":"","background-repeat":"repeat","background-position":"center center","background-size":"auto","background-attachment":"scroll","background-type":"","background-media":"","overlay-type":"","overlay-color":"","overlay-opacity":"","overlay-gradient":""}},"footnotes":""},"class_list":["post-1866","page","type-page","status-publish","hentry"],"yoast_head":"<!-- This site is optimized with the Yoast SEO plugin v27.5 - https:\/\/yoast.com\/product\/yoast-seo-wordpress\/ -->\n<title>Gazmend Rushiti - F\u00fcr die Berliner Gerichte allgemein beeidigter Dolmetscher f\u00fcr die albanische Sprache - Dolmetschen<\/title>\n<meta name=\"description\" content=\"Unsere Dolmetscher dolmetschen simultan und konsekutiv, bei Gerichtsverhandlungen, beim Notar oder Rechtsanwalt, bei Beh\u00f6rden und in Krankenh\u00e4usern.\" \/>\n<meta name=\"robots\" content=\"index, follow, max-snippet:-1, max-image-preview:large, max-video-preview:-1\" \/>\n<link rel=\"canonical\" href=\"https:\/\/dolmetscher-albanisch.de\/al\/dolmetschen\/\" \/>\n<meta property=\"og:locale\" content=\"sq_AL\" \/>\n<meta property=\"og:type\" content=\"article\" \/>\n<meta property=\"og:title\" content=\"Gazmend Rushiti - F\u00fcr die Berliner Gerichte allgemein beeidigter Dolmetscher f\u00fcr die albanische Sprache - Dolmetschen\" \/>\n<meta property=\"og:description\" content=\"Unsere Dolmetscher dolmetschen simultan und konsekutiv, bei Gerichtsverhandlungen, beim Notar oder Rechtsanwalt, bei Beh\u00f6rden und in Krankenh\u00e4usern.\" \/>\n<meta property=\"og:url\" content=\"https:\/\/dolmetscher-albanisch.de\/al\/dolmetschen\/\" \/>\n<meta property=\"og:site_name\" content=\"Gazmend Rushiti\" \/>\n<meta property=\"article:modified_time\" content=\"2026-02-09T19:23:15+00:00\" \/>\n<meta property=\"og:image\" content=\"https:\/\/dolmetscher-albanisch.de\/wp-content\/uploads\/elementor\/thumbs\/konf_dolm_1-rg9rp46egc2m0k0h6qslnr9gfrocmwlb672kuqj7r4.jpg\" \/>\n<meta name=\"twitter:card\" content=\"summary_large_image\" \/>\n<meta name=\"twitter:label1\" content=\"Est. reading time\" \/>\n\t<meta name=\"twitter:data1\" content=\"1 minut\u00eb\" \/>\n<script type=\"application\/ld+json\" class=\"yoast-schema-graph\">{\"@context\":\"https:\\\/\\\/schema.org\",\"@graph\":[{\"@type\":\"WebPage\",\"@id\":\"https:\\\/\\\/dolmetscher-albanisch.de\\\/dolmetschen\\\/\",\"url\":\"https:\\\/\\\/dolmetscher-albanisch.de\\\/dolmetschen\\\/\",\"name\":\"Gazmend Rushiti - F\u00fcr die Berliner Gerichte allgemein beeidigter Dolmetscher f\u00fcr die albanische Sprache - Dolmetschen\",\"isPartOf\":{\"@id\":\"https:\\\/\\\/dolmetscher-albanisch.de\\\/#website\"},\"primaryImageOfPage\":{\"@id\":\"https:\\\/\\\/dolmetscher-albanisch.de\\\/dolmetschen\\\/#primaryimage\"},\"image\":{\"@id\":\"https:\\\/\\\/dolmetscher-albanisch.de\\\/dolmetschen\\\/#primaryimage\"},\"thumbnailUrl\":\"https:\\\/\\\/dolmetscher-albanisch.de\\\/wp-content\\\/uploads\\\/elementor\\\/thumbs\\\/konf_dolm_1-rg9rp46egc2m0k0h6qslnr9gfrocmwlb672kuqj7r4.jpg\",\"datePublished\":\"2025-12-17T02:11:34+00:00\",\"dateModified\":\"2026-02-09T19:23:15+00:00\",\"description\":\"Unsere Dolmetscher dolmetschen simultan und konsekutiv, bei Gerichtsverhandlungen, beim Notar oder Rechtsanwalt, bei Beh\u00f6rden und in Krankenh\u00e4usern.\",\"breadcrumb\":{\"@id\":\"https:\\\/\\\/dolmetscher-albanisch.de\\\/dolmetschen\\\/#breadcrumb\"},\"inLanguage\":\"sq\",\"potentialAction\":[{\"@type\":\"ReadAction\",\"target\":[\"https:\\\/\\\/dolmetscher-albanisch.de\\\/dolmetschen\\\/\"]}]},{\"@type\":\"ImageObject\",\"inLanguage\":\"sq\",\"@id\":\"https:\\\/\\\/dolmetscher-albanisch.de\\\/dolmetschen\\\/#primaryimage\",\"url\":\"https:\\\/\\\/dolmetscher-albanisch.de\\\/wp-content\\\/uploads\\\/elementor\\\/thumbs\\\/konf_dolm_1-rg9rp46egc2m0k0h6qslnr9gfrocmwlb672kuqj7r4.jpg\",\"contentUrl\":\"https:\\\/\\\/dolmetscher-albanisch.de\\\/wp-content\\\/uploads\\\/elementor\\\/thumbs\\\/konf_dolm_1-rg9rp46egc2m0k0h6qslnr9gfrocmwlb672kuqj7r4.jpg\"},{\"@type\":\"BreadcrumbList\",\"@id\":\"https:\\\/\\\/dolmetscher-albanisch.de\\\/dolmetschen\\\/#breadcrumb\",\"itemListElement\":[{\"@type\":\"ListItem\",\"position\":1,\"name\":\"Home\",\"item\":\"https:\\\/\\\/dolmetscher-albanisch.de\\\/\"},{\"@type\":\"ListItem\",\"position\":2,\"name\":\"Dolmetschen\"}]},{\"@type\":\"WebSite\",\"@id\":\"https:\\\/\\\/dolmetscher-albanisch.de\\\/#website\",\"url\":\"https:\\\/\\\/dolmetscher-albanisch.de\\\/\",\"name\":\"Gazmend Rushiti\",\"description\":\"F\u00fcr die Berliner Gerichte allgemein beeidigter Dolmetscher f\u00fcr die albanische Sprache\",\"publisher\":{\"@id\":\"https:\\\/\\\/dolmetscher-albanisch.de\\\/#organization\"},\"potentialAction\":[{\"@type\":\"SearchAction\",\"target\":{\"@type\":\"EntryPoint\",\"urlTemplate\":\"https:\\\/\\\/dolmetscher-albanisch.de\\\/?s={search_term_string}\"},\"query-input\":{\"@type\":\"PropertyValueSpecification\",\"valueRequired\":true,\"valueName\":\"search_term_string\"}}],\"inLanguage\":\"sq\"},{\"@type\":\"Organization\",\"@id\":\"https:\\\/\\\/dolmetscher-albanisch.de\\\/#organization\",\"name\":\"Gazmend Rushiti\",\"url\":\"https:\\\/\\\/dolmetscher-albanisch.de\\\/\",\"logo\":{\"@type\":\"ImageObject\",\"inLanguage\":\"sq\",\"@id\":\"https:\\\/\\\/dolmetscher-albanisch.de\\\/#\\\/schema\\\/logo\\\/image\\\/\",\"url\":\"https:\\\/\\\/dolmetscher-albanisch.de\\\/wp-content\\\/uploads\\\/2025\\\/12\\\/Dolmetscher-Albanisch.png\",\"contentUrl\":\"https:\\\/\\\/dolmetscher-albanisch.de\\\/wp-content\\\/uploads\\\/2025\\\/12\\\/Dolmetscher-Albanisch.png\",\"width\":515,\"height\":64,\"caption\":\"Gazmend Rushiti\"},\"image\":{\"@id\":\"https:\\\/\\\/dolmetscher-albanisch.de\\\/#\\\/schema\\\/logo\\\/image\\\/\"}}]}<\/script>\n<!-- \/ Yoast SEO plugin. -->","yoast_head_json":{"title":"Gazmend Rushiti - F\u00fcr die Berliner Gerichte allgemein beeidigter Dolmetscher f\u00fcr die albanische Sprache - Dolmetschen","description":"Unsere Dolmetscher dolmetschen simultan und konsekutiv, bei Gerichtsverhandlungen, beim Notar oder Rechtsanwalt, bei Beh\u00f6rden und in Krankenh\u00e4usern.","robots":{"index":"index","follow":"follow","max-snippet":"max-snippet:-1","max-image-preview":"max-image-preview:large","max-video-preview":"max-video-preview:-1"},"canonical":"https:\/\/dolmetscher-albanisch.de\/al\/dolmetschen\/","og_locale":"sq_AL","og_type":"article","og_title":"Gazmend Rushiti - F\u00fcr die Berliner Gerichte allgemein beeidigter Dolmetscher f\u00fcr die albanische Sprache - Dolmetschen","og_description":"Unsere Dolmetscher dolmetschen simultan und konsekutiv, bei Gerichtsverhandlungen, beim Notar oder Rechtsanwalt, bei Beh\u00f6rden und in Krankenh\u00e4usern.","og_url":"https:\/\/dolmetscher-albanisch.de\/al\/dolmetschen\/","og_site_name":"Gazmend Rushiti","article_modified_time":"2026-02-09T19:23:15+00:00","og_image":[{"url":"https:\/\/dolmetscher-albanisch.de\/wp-content\/uploads\/elementor\/thumbs\/konf_dolm_1-rg9rp46egc2m0k0h6qslnr9gfrocmwlb672kuqj7r4.jpg","type":"","width":"","height":""}],"twitter_card":"summary_large_image","twitter_misc":{"Est. reading time":"1 minut\u00eb"},"schema":{"@context":"https:\/\/schema.org","@graph":[{"@type":"WebPage","@id":"https:\/\/dolmetscher-albanisch.de\/dolmetschen\/","url":"https:\/\/dolmetscher-albanisch.de\/dolmetschen\/","name":"Gazmend Rushiti - F\u00fcr die Berliner Gerichte allgemein beeidigter Dolmetscher f\u00fcr die albanische Sprache - Dolmetschen","isPartOf":{"@id":"https:\/\/dolmetscher-albanisch.de\/#website"},"primaryImageOfPage":{"@id":"https:\/\/dolmetscher-albanisch.de\/dolmetschen\/#primaryimage"},"image":{"@id":"https:\/\/dolmetscher-albanisch.de\/dolmetschen\/#primaryimage"},"thumbnailUrl":"https:\/\/dolmetscher-albanisch.de\/wp-content\/uploads\/elementor\/thumbs\/konf_dolm_1-rg9rp46egc2m0k0h6qslnr9gfrocmwlb672kuqj7r4.jpg","datePublished":"2025-12-17T02:11:34+00:00","dateModified":"2026-02-09T19:23:15+00:00","description":"Unsere Dolmetscher dolmetschen simultan und konsekutiv, bei Gerichtsverhandlungen, beim Notar oder Rechtsanwalt, bei Beh\u00f6rden und in Krankenh\u00e4usern.","breadcrumb":{"@id":"https:\/\/dolmetscher-albanisch.de\/dolmetschen\/#breadcrumb"},"inLanguage":"sq","potentialAction":[{"@type":"ReadAction","target":["https:\/\/dolmetscher-albanisch.de\/dolmetschen\/"]}]},{"@type":"ImageObject","inLanguage":"sq","@id":"https:\/\/dolmetscher-albanisch.de\/dolmetschen\/#primaryimage","url":"https:\/\/dolmetscher-albanisch.de\/wp-content\/uploads\/elementor\/thumbs\/konf_dolm_1-rg9rp46egc2m0k0h6qslnr9gfrocmwlb672kuqj7r4.jpg","contentUrl":"https:\/\/dolmetscher-albanisch.de\/wp-content\/uploads\/elementor\/thumbs\/konf_dolm_1-rg9rp46egc2m0k0h6qslnr9gfrocmwlb672kuqj7r4.jpg"},{"@type":"BreadcrumbList","@id":"https:\/\/dolmetscher-albanisch.de\/dolmetschen\/#breadcrumb","itemListElement":[{"@type":"ListItem","position":1,"name":"Home","item":"https:\/\/dolmetscher-albanisch.de\/"},{"@type":"ListItem","position":2,"name":"Dolmetschen"}]},{"@type":"WebSite","@id":"https:\/\/dolmetscher-albanisch.de\/#website","url":"https:\/\/dolmetscher-albanisch.de\/","name":"Gazmend Rushiti","description":"F\u00fcr die Berliner Gerichte allgemein beeidigter Dolmetscher f\u00fcr die albanische Sprache","publisher":{"@id":"https:\/\/dolmetscher-albanisch.de\/#organization"},"potentialAction":[{"@type":"SearchAction","target":{"@type":"EntryPoint","urlTemplate":"https:\/\/dolmetscher-albanisch.de\/?s={search_term_string}"},"query-input":{"@type":"PropertyValueSpecification","valueRequired":true,"valueName":"search_term_string"}}],"inLanguage":"sq"},{"@type":"Organization","@id":"https:\/\/dolmetscher-albanisch.de\/#organization","name":"Gazmend Rushiti","url":"https:\/\/dolmetscher-albanisch.de\/","logo":{"@type":"ImageObject","inLanguage":"sq","@id":"https:\/\/dolmetscher-albanisch.de\/#\/schema\/logo\/image\/","url":"https:\/\/dolmetscher-albanisch.de\/wp-content\/uploads\/2025\/12\/Dolmetscher-Albanisch.png","contentUrl":"https:\/\/dolmetscher-albanisch.de\/wp-content\/uploads\/2025\/12\/Dolmetscher-Albanisch.png","width":515,"height":64,"caption":"Gazmend Rushiti"},"image":{"@id":"https:\/\/dolmetscher-albanisch.de\/#\/schema\/logo\/image\/"}}]}},"_links":{"self":[{"href":"https:\/\/dolmetscher-albanisch.de\/al\/wp-json\/wp\/v2\/pages\/1866","targetHints":{"allow":["GET"]}}],"collection":[{"href":"https:\/\/dolmetscher-albanisch.de\/al\/wp-json\/wp\/v2\/pages"}],"about":[{"href":"https:\/\/dolmetscher-albanisch.de\/al\/wp-json\/wp\/v2\/types\/page"}],"author":[{"embeddable":true,"href":"https:\/\/dolmetscher-albanisch.de\/al\/wp-json\/wp\/v2\/users\/1"}],"replies":[{"embeddable":true,"href":"https:\/\/dolmetscher-albanisch.de\/al\/wp-json\/wp\/v2\/comments?post=1866"}],"version-history":[{"count":3,"href":"https:\/\/dolmetscher-albanisch.de\/al\/wp-json\/wp\/v2\/pages\/1866\/revisions"}],"predecessor-version":[{"id":2403,"href":"https:\/\/dolmetscher-albanisch.de\/al\/wp-json\/wp\/v2\/pages\/1866\/revisions\/2403"}],"wp:attachment":[{"href":"https:\/\/dolmetscher-albanisch.de\/al\/wp-json\/wp\/v2\/media?parent=1866"}],"curies":[{"name":"wp","href":"https:\/\/api.w.org\/{rel}","templated":true}]}}