{"id":1361,"date":"2025-12-17T01:34:34","date_gmt":"2025-12-17T01:34:34","guid":{"rendered":"https:\/\/dolmetscher-albanisch.de\/home\/"},"modified":"2025-12-22T18:29:13","modified_gmt":"2025-12-22T18:29:13","slug":"home","status":"publish","type":"page","link":"https:\/\/dolmetscher-albanisch.de\/al\/","title":{"rendered":"Home"},"content":{"rendered":"<div data-elementor-type=\"wp-post\" data-elementor-id=\"1361\" class=\"elementor elementor-1361\" data-elementor-post-type=\"page\">\n\t\t\t\t<div class=\"elementor-element elementor-element-132333c elementor-hidden-mobile e-flex e-con-boxed e-con e-parent\" data-id=\"132333c\" data-element_type=\"container\" data-e-type=\"container\">\n\t\t\t\t\t<div class=\"e-con-inner\">\n\t\t\t\t<div class=\"elementor-element elementor-element-580e1be elementor-widget elementor-widget-spacer\" data-id=\"580e1be\" data-element_type=\"widget\" data-e-type=\"widget\" data-widget_type=\"spacer.default\">\n\t\t\t\t\t\t\t<div class=\"elementor-spacer\">\n\t\t\t<div class=\"elementor-spacer-inner\"><\/div>\n\t\t<\/div>\n\t\t\t\t\t\t<\/div>\n\t\t\t\t\t<\/div>\n\t\t\t\t<\/div>\n\t\t<div class=\"elementor-element elementor-element-dc9d8c6 e-flex e-con-boxed e-con e-parent\" data-id=\"dc9d8c6\" data-element_type=\"container\" data-e-type=\"container\">\n\t\t\t\t\t<div class=\"e-con-inner\">\n\t\t<div class=\"elementor-element elementor-element-263b718 e-con-full e-flex e-con e-child\" data-id=\"263b718\" data-element_type=\"container\" data-e-type=\"container\">\n\t\t\t\t<div class=\"elementor-element elementor-element-d1fb705 elementor-hidden-mobile elementor-widget elementor-widget-image\" data-id=\"d1fb705\" data-element_type=\"widget\" data-e-type=\"widget\" data-widget_type=\"image.default\">\n\t\t\t\t\t\t\t\t\t\t\t\t\t\t\t<img fetchpriority=\"high\" decoding=\"async\" width=\"220\" height=\"300\" src=\"https:\/\/dolmetscher-albanisch.de\/wp-content\/uploads\/2025\/12\/bg09_sim_dolmetschen.jpg\" class=\"attachment-full size-full wp-image-2002\" alt=\"Dolmetscher Albanisch Gazmend Rushiti\" srcset=\"https:\/\/dolmetscher-albanisch.de\/wp-content\/uploads\/2025\/12\/bg09_sim_dolmetschen.jpg 220w, https:\/\/dolmetscher-albanisch.de\/wp-content\/uploads\/2025\/12\/bg09_sim_dolmetschen-9x12.jpg 9w\" sizes=\"(max-width: 220px) 100vw, 220px\" \/>\t\t\t\t\t\t\t\t\t\t\t\t\t\t\t<\/div>\n\t\t\t\t<\/div>\n\t\t<div class=\"elementor-element elementor-element-1bb45bc e-con-full e-flex e-con e-child\" data-id=\"1bb45bc\" data-element_type=\"container\" data-e-type=\"container\">\n\t\t\t\t<div class=\"elementor-element elementor-element-a59f6d9 elementor-widget elementor-widget-heading\" data-id=\"a59f6d9\" data-element_type=\"widget\" data-e-type=\"widget\" data-widget_type=\"heading.default\">\n\t\t\t\t\t<h1 class=\"elementor-heading-title elementor-size-default\">Ju uroj p\u00ebrzem\u00ebrsisht mir\u00ebseardhjen n\u00eb faqen time t\u00eb internetit\n<\/h1>\t\t\t\t<\/div>\n\t\t\t\t<div class=\"elementor-element elementor-element-1e96661 elementor-widget elementor-widget-text-editor\" data-id=\"1e96661\" data-element_type=\"widget\" data-e-type=\"widget\" data-widget_type=\"text-editor.default\">\n\t\t\t\t\t\t\t\t\t<p>Ju uroj p\u00ebrzem\u00ebrsisht mir\u00ebseardhjen n\u00eb faqen time t\u00eb internetit.<br \/>Kjo faqe interneti \u00ebsht\u00eb nj\u00eb ftes\u00eb e hapur p\u00ebr nj\u00eb komunikim m\u00eb t\u00eb af\u00ebrt dhe m\u00eb intensiv me t\u00eb gjith\u00eb klient\u00ebt e mi si dhe me vizitor\u00ebt e k\u00ebsaj faqe interneti, t\u00eb cil\u00ebve iu intereson veprimtaria ime.<br \/>Veprimtarin\u00eb time si p\u00ebrkthyes nga gjuha shqipe n\u00eb gjuh\u00ebn gjermane dhe anasjelltas e kam filluar qysh n\u00eb vitin 1998.<\/p><p>N\u00eb vitin 2003 u realizua betimi im si p\u00ebrkthyes gjyq\u00ebsor p\u00ebr gjuh\u00ebn shqipe n\u00eb gjykaten e shkall\u00ebs s\u00eb dyt\u00eb t\u00eb Berlinit (gjykat\u00eb e landit).<br \/>Kryesisht punoj si p\u00ebrkthyes gjyq\u00ebsor dhe p\u00ebrkthyes (interpret) konferencash. N\u00eb pun\u00ebn time jam i specializuar n\u00eb fush\u00ebn e politik\u00ebs, t\u00eb ekonomis\u00eb dhe t\u00eb jurisprudenc\u00ebs.<\/p><p>Nga viti 2008 jam i angazhuar edhe si docent i kontraktuar gjuh\u00ebsor shqip  gjermanisht pran\u00eb universitetit t\u00eb Hamburgut, duke dh\u00ebn\u00eb kontributin tim n\u00eb kuad\u00ebr t\u00eb programit p\u00ebr kualifikimin e m\u00ebtejm\u00eb t\u00eb p\u00ebrkthyesve t\u00eb specializuar p\u00ebr \u00e7\u00ebshtjet e p\u00ebrkthimit n\u00eb gjyqet dhe autoritetet shtet\u00ebrore t\u00eb Gjermanis\u00eb.<\/p>\t\t\t\t\t\t\t\t<\/div>\n\t\t\t\t<div class=\"elementor-element elementor-element-8026eb7 elementor-widget elementor-widget-text-editor\" data-id=\"8026eb7\" data-element_type=\"widget\" data-e-type=\"widget\" data-widget_type=\"text-editor.default\">\n\t\t\t\t\t\t\t\t\t<p>P\u00ebrkthyes shqip Berlin\/Brandenburg<\/p><p>P\u00ebrkthyes i autorizuar shqip Berlin\/Brandenburg<\/p>\t\t\t\t\t\t\t\t<\/div>\n\t\t\t\t<\/div>\n\t\t\t\t\t<\/div>\n\t\t\t\t<\/div>\n\t\t\t\t<\/div>","protected":false},"excerpt":{"rendered":"<p>Herzlich Willkommen auf der Homepage von Gazmend Rushiti Ich begr\u00fc\u00dfe Sie herzlich und hei\u00dfe Sie willkommen auf der Homepage von Gazmend Rushiti, Konferenzdolmetscher, beeidigter Dolmetscher und erm\u00e4chtigter \u00dcbersetzer f\u00fcr die albanische Sprache (BD\u00dc).Bereits seit 1998 stehe ich meinen Auftraggebern als zuverl\u00e4ssiger Ansprechpartner f\u00fcr \u00dcbersetzungen und Verdolmetschungen in der Sprachrichtung deutsch &gt; albanisch und albanisch &gt; [&hellip;]<\/p>\n","protected":false},"author":1,"featured_media":0,"parent":0,"menu_order":0,"comment_status":"closed","ping_status":"open","template":"","meta":{"site-sidebar-layout":"no-sidebar","site-content-layout":"page-builder","ast-site-content-layout":"full-width-container","site-content-style":"unboxed","site-sidebar-style":"unboxed","ast-global-header-display":"","ast-banner-title-visibility":"","ast-main-header-display":"","ast-hfb-above-header-display":"","ast-hfb-below-header-display":"","ast-hfb-mobile-header-display":"","site-post-title":"disabled","ast-breadcrumbs-content":"","ast-featured-img":"disabled","footer-sml-layout":"","ast-disable-related-posts":"","theme-transparent-header-meta":"","adv-header-id-meta":"","stick-header-meta":"","header-above-stick-meta":"","header-main-stick-meta":"","header-below-stick-meta":"","astra-migrate-meta-layouts":"set","ast-page-background-enabled":"default","ast-page-background-meta":{"desktop":{"background-color":"","background-image":"","background-repeat":"repeat","background-position":"center center","background-size":"auto","background-attachment":"scroll","background-type":"","background-media":"","overlay-type":"","overlay-color":"","overlay-opacity":"","overlay-gradient":""},"tablet":{"background-color":"","background-image":"","background-repeat":"repeat","background-position":"center center","background-size":"auto","background-attachment":"scroll","background-type":"","background-media":"","overlay-type":"","overlay-color":"","overlay-opacity":"","overlay-gradient":""},"mobile":{"background-color":"","background-image":"","background-repeat":"repeat","background-position":"center center","background-size":"auto","background-attachment":"scroll","background-type":"","background-media":"","overlay-type":"","overlay-color":"","overlay-opacity":"","overlay-gradient":""}},"ast-content-background-meta":{"desktop":{"background-color":"var(--ast-global-color-5)","background-image":"","background-repeat":"repeat","background-position":"center center","background-size":"auto","background-attachment":"scroll","background-type":"","background-media":"","overlay-type":"","overlay-color":"","overlay-opacity":"","overlay-gradient":""},"tablet":{"background-color":"var(--ast-global-color-5)","background-image":"","background-repeat":"repeat","background-position":"center center","background-size":"auto","background-attachment":"scroll","background-type":"","background-media":"","overlay-type":"","overlay-color":"","overlay-opacity":"","overlay-gradient":""},"mobile":{"background-color":"var(--ast-global-color-5)","background-image":"","background-repeat":"repeat","background-position":"center center","background-size":"auto","background-attachment":"scroll","background-type":"","background-media":"","overlay-type":"","overlay-color":"","overlay-opacity":"","overlay-gradient":""}},"footnotes":""},"class_list":["post-1361","page","type-page","status-publish","hentry"],"yoast_head":"<!-- This site is optimized with the Yoast SEO plugin v27.5 - https:\/\/yoast.com\/product\/yoast-seo-wordpress\/ -->\n<title>Gazmend Rushiti - F\u00fcr die Berliner Gerichte allgemein beeidigter Dolmetscher f\u00fcr die albanische Sprache - Home<\/title>\n<meta name=\"description\" content=\"Herzlich Willkommen beim Dolmetscher- und \u00dcbersetzungsb\u00fcro Rushiti \u2013 Beeidigte Dolmetscher und erm\u00e4chtigte \u00dcbersetzer.\" \/>\n<meta name=\"robots\" content=\"index, follow, max-snippet:-1, max-image-preview:large, max-video-preview:-1\" \/>\n<link rel=\"canonical\" href=\"https:\/\/dolmetscher-albanisch.de\/al\/\" \/>\n<meta property=\"og:locale\" content=\"sq_AL\" \/>\n<meta property=\"og:type\" content=\"article\" \/>\n<meta property=\"og:title\" content=\"Gazmend Rushiti - F\u00fcr die Berliner Gerichte allgemein beeidigter Dolmetscher f\u00fcr die albanische Sprache - Home\" \/>\n<meta property=\"og:description\" content=\"Herzlich Willkommen beim Dolmetscher- und \u00dcbersetzungsb\u00fcro Rushiti \u2013 Beeidigte Dolmetscher und erm\u00e4chtigte \u00dcbersetzer.\" \/>\n<meta property=\"og:url\" content=\"https:\/\/dolmetscher-albanisch.de\/al\/\" \/>\n<meta property=\"og:site_name\" content=\"Gazmend Rushiti\" \/>\n<meta property=\"article:modified_time\" content=\"2025-12-22T18:29:13+00:00\" \/>\n<meta property=\"og:image\" content=\"https:\/\/dolmetscher-albanisch.de\/wp-content\/uploads\/2025\/12\/bg09_sim_dolmetschen.jpg\" \/>\n<meta name=\"twitter:card\" content=\"summary_large_image\" \/>\n<meta name=\"twitter:label1\" content=\"Est. reading time\" \/>\n\t<meta name=\"twitter:data1\" content=\"1 minut\u00eb\" \/>\n<script type=\"application\/ld+json\" class=\"yoast-schema-graph\">{\"@context\":\"https:\\\/\\\/schema.org\",\"@graph\":[{\"@type\":\"WebPage\",\"@id\":\"https:\\\/\\\/dolmetscher-albanisch.de\\\/\",\"url\":\"https:\\\/\\\/dolmetscher-albanisch.de\\\/\",\"name\":\"Gazmend Rushiti - F\u00fcr die Berliner Gerichte allgemein beeidigter Dolmetscher f\u00fcr die albanische Sprache - Home\",\"isPartOf\":{\"@id\":\"https:\\\/\\\/dolmetscher-albanisch.de\\\/#website\"},\"primaryImageOfPage\":{\"@id\":\"https:\\\/\\\/dolmetscher-albanisch.de\\\/#primaryimage\"},\"image\":{\"@id\":\"https:\\\/\\\/dolmetscher-albanisch.de\\\/#primaryimage\"},\"thumbnailUrl\":\"https:\\\/\\\/dolmetscher-albanisch.de\\\/wp-content\\\/uploads\\\/2025\\\/12\\\/bg09_sim_dolmetschen.jpg\",\"datePublished\":\"2025-12-17T01:34:34+00:00\",\"dateModified\":\"2025-12-22T18:29:13+00:00\",\"description\":\"Herzlich Willkommen beim Dolmetscher- und \u00dcbersetzungsb\u00fcro Rushiti \u2013 Beeidigte Dolmetscher und erm\u00e4chtigte \u00dcbersetzer.\",\"breadcrumb\":{\"@id\":\"https:\\\/\\\/dolmetscher-albanisch.de\\\/#breadcrumb\"},\"inLanguage\":\"sq\",\"potentialAction\":[{\"@type\":\"ReadAction\",\"target\":[\"https:\\\/\\\/dolmetscher-albanisch.de\\\/\"]}]},{\"@type\":\"ImageObject\",\"inLanguage\":\"sq\",\"@id\":\"https:\\\/\\\/dolmetscher-albanisch.de\\\/#primaryimage\",\"url\":\"https:\\\/\\\/dolmetscher-albanisch.de\\\/wp-content\\\/uploads\\\/2025\\\/12\\\/bg09_sim_dolmetschen.jpg\",\"contentUrl\":\"https:\\\/\\\/dolmetscher-albanisch.de\\\/wp-content\\\/uploads\\\/2025\\\/12\\\/bg09_sim_dolmetschen.jpg\"},{\"@type\":\"BreadcrumbList\",\"@id\":\"https:\\\/\\\/dolmetscher-albanisch.de\\\/#breadcrumb\",\"itemListElement\":[{\"@type\":\"ListItem\",\"position\":1,\"name\":\"Home\",\"item\":\"https:\\\/\\\/dolmetscher-albanisch.de\\\/\"},{\"@type\":\"ListItem\",\"position\":2,\"name\":\"Home\"}]},{\"@type\":\"WebSite\",\"@id\":\"https:\\\/\\\/dolmetscher-albanisch.de\\\/#website\",\"url\":\"https:\\\/\\\/dolmetscher-albanisch.de\\\/\",\"name\":\"Gazmend Rushiti\",\"description\":\"F\u00fcr die Berliner Gerichte allgemein beeidigter Dolmetscher f\u00fcr die albanische Sprache\",\"publisher\":{\"@id\":\"https:\\\/\\\/dolmetscher-albanisch.de\\\/#organization\"},\"potentialAction\":[{\"@type\":\"SearchAction\",\"target\":{\"@type\":\"EntryPoint\",\"urlTemplate\":\"https:\\\/\\\/dolmetscher-albanisch.de\\\/?s={search_term_string}\"},\"query-input\":{\"@type\":\"PropertyValueSpecification\",\"valueRequired\":true,\"valueName\":\"search_term_string\"}}],\"inLanguage\":\"sq\"},{\"@type\":\"Organization\",\"@id\":\"https:\\\/\\\/dolmetscher-albanisch.de\\\/#organization\",\"name\":\"Gazmend Rushiti\",\"url\":\"https:\\\/\\\/dolmetscher-albanisch.de\\\/\",\"logo\":{\"@type\":\"ImageObject\",\"inLanguage\":\"sq\",\"@id\":\"https:\\\/\\\/dolmetscher-albanisch.de\\\/#\\\/schema\\\/logo\\\/image\\\/\",\"url\":\"https:\\\/\\\/dolmetscher-albanisch.de\\\/wp-content\\\/uploads\\\/2025\\\/12\\\/Dolmetscher-Albanisch.png\",\"contentUrl\":\"https:\\\/\\\/dolmetscher-albanisch.de\\\/wp-content\\\/uploads\\\/2025\\\/12\\\/Dolmetscher-Albanisch.png\",\"width\":515,\"height\":64,\"caption\":\"Gazmend Rushiti\"},\"image\":{\"@id\":\"https:\\\/\\\/dolmetscher-albanisch.de\\\/#\\\/schema\\\/logo\\\/image\\\/\"}}]}<\/script>\n<!-- \/ Yoast SEO plugin. -->","yoast_head_json":{"title":"Gazmend Rushiti - F\u00fcr die Berliner Gerichte allgemein beeidigter Dolmetscher f\u00fcr die albanische Sprache - Home","description":"Herzlich Willkommen beim Dolmetscher- und \u00dcbersetzungsb\u00fcro Rushiti \u2013 Beeidigte Dolmetscher und erm\u00e4chtigte \u00dcbersetzer.","robots":{"index":"index","follow":"follow","max-snippet":"max-snippet:-1","max-image-preview":"max-image-preview:large","max-video-preview":"max-video-preview:-1"},"canonical":"https:\/\/dolmetscher-albanisch.de\/al\/","og_locale":"sq_AL","og_type":"article","og_title":"Gazmend Rushiti - F\u00fcr die Berliner Gerichte allgemein beeidigter Dolmetscher f\u00fcr die albanische Sprache - Home","og_description":"Herzlich Willkommen beim Dolmetscher- und \u00dcbersetzungsb\u00fcro Rushiti \u2013 Beeidigte Dolmetscher und erm\u00e4chtigte \u00dcbersetzer.","og_url":"https:\/\/dolmetscher-albanisch.de\/al\/","og_site_name":"Gazmend Rushiti","article_modified_time":"2025-12-22T18:29:13+00:00","og_image":[{"url":"https:\/\/dolmetscher-albanisch.de\/wp-content\/uploads\/2025\/12\/bg09_sim_dolmetschen.jpg","type":"","width":"","height":""}],"twitter_card":"summary_large_image","twitter_misc":{"Est. reading time":"1 minut\u00eb"},"schema":{"@context":"https:\/\/schema.org","@graph":[{"@type":"WebPage","@id":"https:\/\/dolmetscher-albanisch.de\/","url":"https:\/\/dolmetscher-albanisch.de\/","name":"Gazmend Rushiti - F\u00fcr die Berliner Gerichte allgemein beeidigter Dolmetscher f\u00fcr die albanische Sprache - Home","isPartOf":{"@id":"https:\/\/dolmetscher-albanisch.de\/#website"},"primaryImageOfPage":{"@id":"https:\/\/dolmetscher-albanisch.de\/#primaryimage"},"image":{"@id":"https:\/\/dolmetscher-albanisch.de\/#primaryimage"},"thumbnailUrl":"https:\/\/dolmetscher-albanisch.de\/wp-content\/uploads\/2025\/12\/bg09_sim_dolmetschen.jpg","datePublished":"2025-12-17T01:34:34+00:00","dateModified":"2025-12-22T18:29:13+00:00","description":"Herzlich Willkommen beim Dolmetscher- und \u00dcbersetzungsb\u00fcro Rushiti \u2013 Beeidigte Dolmetscher und erm\u00e4chtigte \u00dcbersetzer.","breadcrumb":{"@id":"https:\/\/dolmetscher-albanisch.de\/#breadcrumb"},"inLanguage":"sq","potentialAction":[{"@type":"ReadAction","target":["https:\/\/dolmetscher-albanisch.de\/"]}]},{"@type":"ImageObject","inLanguage":"sq","@id":"https:\/\/dolmetscher-albanisch.de\/#primaryimage","url":"https:\/\/dolmetscher-albanisch.de\/wp-content\/uploads\/2025\/12\/bg09_sim_dolmetschen.jpg","contentUrl":"https:\/\/dolmetscher-albanisch.de\/wp-content\/uploads\/2025\/12\/bg09_sim_dolmetschen.jpg"},{"@type":"BreadcrumbList","@id":"https:\/\/dolmetscher-albanisch.de\/#breadcrumb","itemListElement":[{"@type":"ListItem","position":1,"name":"Home","item":"https:\/\/dolmetscher-albanisch.de\/"},{"@type":"ListItem","position":2,"name":"Home"}]},{"@type":"WebSite","@id":"https:\/\/dolmetscher-albanisch.de\/#website","url":"https:\/\/dolmetscher-albanisch.de\/","name":"Gazmend Rushiti","description":"F\u00fcr die Berliner Gerichte allgemein beeidigter Dolmetscher f\u00fcr die albanische Sprache","publisher":{"@id":"https:\/\/dolmetscher-albanisch.de\/#organization"},"potentialAction":[{"@type":"SearchAction","target":{"@type":"EntryPoint","urlTemplate":"https:\/\/dolmetscher-albanisch.de\/?s={search_term_string}"},"query-input":{"@type":"PropertyValueSpecification","valueRequired":true,"valueName":"search_term_string"}}],"inLanguage":"sq"},{"@type":"Organization","@id":"https:\/\/dolmetscher-albanisch.de\/#organization","name":"Gazmend Rushiti","url":"https:\/\/dolmetscher-albanisch.de\/","logo":{"@type":"ImageObject","inLanguage":"sq","@id":"https:\/\/dolmetscher-albanisch.de\/#\/schema\/logo\/image\/","url":"https:\/\/dolmetscher-albanisch.de\/wp-content\/uploads\/2025\/12\/Dolmetscher-Albanisch.png","contentUrl":"https:\/\/dolmetscher-albanisch.de\/wp-content\/uploads\/2025\/12\/Dolmetscher-Albanisch.png","width":515,"height":64,"caption":"Gazmend Rushiti"},"image":{"@id":"https:\/\/dolmetscher-albanisch.de\/#\/schema\/logo\/image\/"}}]}},"_links":{"self":[{"href":"https:\/\/dolmetscher-albanisch.de\/al\/wp-json\/wp\/v2\/pages\/1361","targetHints":{"allow":["GET"]}}],"collection":[{"href":"https:\/\/dolmetscher-albanisch.de\/al\/wp-json\/wp\/v2\/pages"}],"about":[{"href":"https:\/\/dolmetscher-albanisch.de\/al\/wp-json\/wp\/v2\/types\/page"}],"author":[{"embeddable":true,"href":"https:\/\/dolmetscher-albanisch.de\/al\/wp-json\/wp\/v2\/users\/1"}],"replies":[{"embeddable":true,"href":"https:\/\/dolmetscher-albanisch.de\/al\/wp-json\/wp\/v2\/comments?post=1361"}],"version-history":[{"count":0,"href":"https:\/\/dolmetscher-albanisch.de\/al\/wp-json\/wp\/v2\/pages\/1361\/revisions"}],"wp:attachment":[{"href":"https:\/\/dolmetscher-albanisch.de\/al\/wp-json\/wp\/v2\/media?parent=1361"}],"curies":[{"name":"wp","href":"https:\/\/api.w.org\/{rel}","templated":true}]}}